{"id":114046,"date":"2022-10-19T11:51:06","date_gmt":"2022-10-19T09:51:06","guid":{"rendered":"https:\/\/prawo.uwr.edu.pl\/?page_id=114046"},"modified":"2022-10-19T11:51:06","modified_gmt":"2022-10-19T09:51:06","slug":"the-schedule-of-the-summer-examination-session-2019-2020","status":"publish","type":"page","link":"https:\/\/prawo.uwr.edu.pl\/en\/the-schedule-of-the-summer-examination-session-2019-2020\/","title":{"rendered":"The Schedule of the Summer Examination Session 2019\/2020"},"content":{"rendered":"\n<div class=\"wp-block-ugb-container ugb-container ugb-8dda971 ugb-container--v2 ugb-container--design-plain ugb-main-block\"><div class=\"ugb-inner-block\"><div class=\"ugb-block-content\"><div class=\"ugb-container__wrapper ugb-8dda971-wrapper\"><div class=\"ugb-container__side\"><div class=\"ugb-container__content-wrapper ugb-8dda971-content-wrapper\">\n<div class=\"wp-block-columns bs-news-page is-layout-flex wp-block-columns-is-layout-flex\">\n<div class=\"wp-block-column bs-kontakt-photo is-layout-flow wp-block-column-is-layout-flow\">\n<figure class=\"wp-block-image size-large\"><img decoding=\"async\" src=\"https:\/\/prawo.uwr.edu.pl\/wp-content\/uploads\/sites\/210\/2022\/10\/MOS_8915-1-1024x683.jpg\" alt=\"Grupa student\u00f3w czytaj\u0105ca ksi\u0105\u017cki mi\u0119dzy bibliotecznymi rega\u0142ami.\" class=\"wp-image-114049\" \/><\/figure>\n<\/div>\n\n\n\n<div class=\"wp-block-column bs-contact-right-column is-layout-flow wp-block-column-is-layout-flow\">\n<div class=\"wp-block-bonasoft-modular-breadcrumbs-block\"><div class=\"bs_add_breadcrumb_trail\"><\/div><\/div>\n\n\n\n<hr class=\"wp-block-separator has-text-color has-background has-black-background-color has-black-color is-style-wide bs-border-kontakt\" \/>\n\n\n<h1 style=\"font-style:normal;font-weight:700;\" class=\"bs-naglowek-podstrony wp-block-post-title\">The Schedule of the Summer Examination Session 2019\/2020<\/h1>\n\n\n<blockquote class=\"wp-block-quote is-layout-flow wp-block-quote-is-layout-flow\"><p>LAST UPDATE: 09.04.2020<\/p><\/blockquote>\n\n\n\n<p>We are announcing the Schedule of the Winter Examination Session in the 2019\/2020 academic year for different fields of study at the Faculty of Law, Administration and Economics.<\/p>\n\n\n\n<h2 class=\"wp-block-heading\">AIO<\/h2>\n\n\n<div class=\"wp-block-bonasoft-modular-file-list2\">\r\n    <div class=\"bs__file-list\">\r\n        <div class=\"bs__file-list__section\">\r\n            <ul class=\"bs__file-list__list\">\r\n                                    <li>\r\n                    <a href=\"https:\/\/prawo.uwr.edu.pl\/wp-content\/uploads\/sites\/210\/2022\/10\/sesja-przyspieszona-AIO-r2.pdf\" title=\"Download file:  YEAR 2 (update on 09.04.2020). File type pdf. File size 180 KB\" download>\r\n                            <div class=\"bs__file-list__subsection\">\r\n                                <span class=\"bs__file-list__title\"><\/span>\r\n                                <span class=\"bs__file-list__text\">YEAR 2 (update on 09.04.2020)<\/span>\r\n                                                                    <span class=\"bs__file-list__size\">\r\n                                        <span>pdf<\/span>\r\n                                        <span>180 KB  <\/span>\r\n                                    <\/span>\r\n                                                            <\/div>\r\n                            <div class=\"bs__links__icon\">\r\n                                <svg width=\"40px\" height=\"40px\" viewBox=\"0 0 22 16\" version=\"1.1\">\r\n                                    <g stroke=\"none\" strokeWidth=\"1\" fill=\"white\" fillRule=\"evenodd\">\r\n                                        <g>\r\n                                            <polygon points=\"13.4875 0 12 1.6215 18.7875 8 12 14.3795 13.4875 16 21.9995 8\" \/>\r\n                                        <\/g>\r\n                                    <\/g>\r\n                                <\/svg>\r\n                            <\/div>\r\n                        <\/a>\r\n                    <\/li>\r\n                            <\/ul>\r\n        <\/div>\r\n    <\/div>\r\n<\/div>\r\n\n\n\n<h2 class=\"wp-block-heading\">BBA<\/h2>\n\n\n<div class=\"wp-block-bonasoft-modular-file-list2\">\r\n    <div class=\"bs__file-list\">\r\n        <div class=\"bs__file-list__section\">\r\n            <ul class=\"bs__file-list__list\">\r\n                                    <li>\r\n                    <a href=\"https:\/\/prawo.uwr.edu.pl\/wp-content\/uploads\/sites\/210\/2022\/10\/sesja-przyspieszona-BBA-r3.pdf\" title=\"Download file:  YEAR 3 (update on 09.04.2020). File type pdf. File size 190 KB\" download>\r\n                            <div class=\"bs__file-list__subsection\">\r\n                                <span class=\"bs__file-list__title\"><\/span>\r\n                                <span class=\"bs__file-list__text\">YEAR 3 (update on 09.04.2020)<\/span>\r\n                                                                    <span class=\"bs__file-list__size\">\r\n                                        <span>pdf<\/span>\r\n                                        <span>190 KB  <\/span>\r\n                                    <\/span>\r\n                                                            <\/div>\r\n                            <div class=\"bs__links__icon\">\r\n                                <svg width=\"40px\" height=\"40px\" viewBox=\"0 0 22 16\" version=\"1.1\">\r\n                                    <g stroke=\"none\" strokeWidth=\"1\" fill=\"white\" fillRule=\"evenodd\">\r\n                                        <g>\r\n                                            <polygon points=\"13.4875 0 12 1.6215 18.7875 8 12 14.3795 13.4875 16 21.9995 8\" \/>\r\n                                        <\/g>\r\n                                    <\/g>\r\n                                <\/svg>\r\n                            <\/div>\r\n                        <\/a>\r\n                    <\/li>\r\n                            <\/ul>\r\n        <\/div>\r\n    <\/div>\r\n<\/div>\r\n\n\n\n<h2 class=\"wp-block-heading\">CJ<\/h2>\n\n\n\n<h2 class=\"wp-block-heading\">LLM<\/h2>\n\n\n<div class=\"wp-block-bonasoft-modular-file-list2\">\r\n    <div class=\"bs__file-list\">\r\n        <div class=\"bs__file-list__section\">\r\n            <ul class=\"bs__file-list__list\">\r\n                                    <li>\r\n                    <a href=\"https:\/\/prawo.uwr.edu.pl\/wp-content\/uploads\/sites\/210\/2022\/10\/sesja-przyspieszona-LLM-r2.pdf\" title=\"Download file:  YEAR 2 (update on 09.04.2020). File type pdf. File size 177 KB\" download>\r\n                            <div class=\"bs__file-list__subsection\">\r\n                                <span class=\"bs__file-list__title\"><\/span>\r\n                                <span class=\"bs__file-list__text\">YEAR 2 (update on 09.04.2020)<\/span>\r\n                                                                    <span class=\"bs__file-list__size\">\r\n                                        <span>pdf<\/span>\r\n                                        <span>177 KB  <\/span>\r\n                                    <\/span>\r\n                                                            <\/div>\r\n                            <div class=\"bs__links__icon\">\r\n                                <svg width=\"40px\" height=\"40px\" viewBox=\"0 0 22 16\" version=\"1.1\">\r\n                                    <g stroke=\"none\" strokeWidth=\"1\" fill=\"white\" fillRule=\"evenodd\">\r\n                                        <g>\r\n                                            <polygon points=\"13.4875 0 12 1.6215 18.7875 8 12 14.3795 13.4875 16 21.9995 8\" \/>\r\n                                        <\/g>\r\n                                    <\/g>\r\n                                <\/svg>\r\n                            <\/div>\r\n                        <\/a>\r\n                    <\/li>\r\n                            <\/ul>\r\n        <\/div>\r\n    <\/div>\r\n<\/div>\r\n\n\n\n<h2 class=\"wp-block-heading\">MME<\/h2>\n<\/div>\n<\/div>\n\n\n\n<div class=\"wp-block-ugb-container ugb-container bs-news-page-under ugb-f8694ce ugb-container--v2 ugb-container--design-plain ugb-main-block\"><div class=\"ugb-inner-block\"><div class=\"ugb-block-content\"><div class=\"ugb-container__wrapper ugb-f8694ce-wrapper\"><div class=\"ugb-container__side\"><div class=\"ugb-container__content-wrapper ugb-f8694ce-content-wrapper\"><\/div><\/div><\/div><\/div><\/div><\/div>\n<\/div><\/div><\/div><\/div><\/div><\/div>\n","protected":false},"excerpt":{"rendered":"<p>LAST UPDATE: 09.04.2020 We are announcing the Schedule of the Winter Examination Session in the 2019\/2020 academic year for different fields of study at the Faculty of Law, Administration and Economics. AIO BBA CJ LLM MME<\/p>\n","protected":false},"author":20,"featured_media":114049,"parent":0,"menu_order":0,"comment_status":"closed","ping_status":"closed","template":"","meta":{"_acf_changed":false,"inline_featured_image":false,"site-sidebar-layout":"default","site-content-layout":"","ast-site-content-layout":"default","site-content-style":"default","site-sidebar-style":"default","ast-global-header-display":"","ast-banner-title-visibility":"","ast-main-header-display":"","ast-hfb-above-header-display":"","ast-hfb-below-header-display":"","ast-hfb-mobile-header-display":"","site-post-title":"","ast-breadcrumbs-content":"","ast-featured-img":"","footer-sml-layout":"","ast-disable-related-posts":"","theme-transparent-header-meta":"","adv-header-id-meta":"","stick-header-meta":"","header-above-stick-meta":"","header-main-stick-meta":"","header-below-stick-meta":"","astra-migrate-meta-layouts":"default","ast-page-background-enabled":"default","ast-page-background-meta":{"desktop":{"background-color":"","background-image":"","background-repeat":"repeat","background-position":"center center","background-size":"auto","background-attachment":"scroll","background-type":"","background-media":"","overlay-type":"","overlay-color":"","overlay-opacity":"","overlay-gradient":""},"tablet":{"background-color":"","background-image":"","background-repeat":"repeat","background-position":"center center","background-size":"auto","background-attachment":"scroll","background-type":"","background-media":"","overlay-type":"","overlay-color":"","overlay-opacity":"","overlay-gradient":""},"mobile":{"background-color":"","background-image":"","background-repeat":"repeat","background-position":"center center","background-size":"auto","background-attachment":"scroll","background-type":"","background-media":"","overlay-type":"","overlay-color":"","overlay-opacity":"","overlay-gradient":""}},"ast-content-background-meta":{"desktop":{"background-color":"var(--ast-global-color-5)","background-image":"","background-repeat":"repeat","background-position":"center center","background-size":"auto","background-attachment":"scroll","background-type":"","background-media":"","overlay-type":"","overlay-color":"","overlay-opacity":"","overlay-gradient":""},"tablet":{"background-color":"var(--ast-global-color-5)","background-image":"","background-repeat":"repeat","background-position":"center center","background-size":"auto","background-attachment":"scroll","background-type":"","background-media":"","overlay-type":"","overlay-color":"","overlay-opacity":"","overlay-gradient":""},"mobile":{"background-color":"var(--ast-global-color-5)","background-image":"","background-repeat":"repeat","background-position":"center center","background-size":"auto","background-attachment":"scroll","background-type":"","background-media":"","overlay-type":"","overlay-color":"","overlay-opacity":"","overlay-gradient":""}},"footnotes":""},"categories":[],"tags":[],"class_list":["post-114046","page","type-page","status-publish","has-post-thumbnail","hentry"],"featured_image_urls_v2":{"full":"","thumbnail":"","medium":"","medium_large":"","large":"","1536x1536":"","2048x2048":"","menu-24x24":"","menu-36x36":"","menu-48x48":""},"post_excerpt_stackable_v2":"<p>The Schedule of the Summer Examination Session 2019\/2020 LAST UPDATE: 09.04.2020 We are announcing the Schedule of the Winter Examination Session in the 2019\/2020 academic year for different fields of study at the Faculty of Law, Administration and Economics. AIO YEAR 2 (update on 09.04.2020) pdf 180 KB BBA YEAR 3 (update on 09.04.2020) pdf 190 KB CJ LLM YEAR 2 (update on 09.04.2020) pdf 177 KB MME<\/p>\n","category_list_v2":"Uncategorized","author_info_v2":{"name":"mmatlinski","url":"https:\/\/prawo.uwr.edu.pl\/en\/author\/mmatlinski\/"},"comments_num_v2":"0 comments","acf":[],"yoast_head":"<!-- This site is optimized with the Yoast SEO plugin v27.1.1 - https:\/\/yoast.com\/product\/yoast-seo-wordpress\/ -->\n<title>The Schedule of the Summer Examination Session 2019\/2020 - Wydzia\u0142 Prawa, Administracji i Ekonomii<\/title>\n<meta name=\"robots\" content=\"index, follow, max-snippet:-1, max-image-preview:large, max-video-preview:-1\" \/>\n<link rel=\"canonical\" href=\"https:\/\/prawo.uwr.edu.pl\/en\/the-schedule-of-the-summer-examination-session-2019-2020\/\" \/>\n<meta property=\"og:locale\" content=\"en_US\" \/>\n<meta property=\"og:type\" content=\"article\" \/>\n<meta property=\"og:title\" content=\"The Schedule of the Summer Examination Session 2019\/2020 - Wydzia\u0142 Prawa, Administracji i Ekonomii\" \/>\n<meta property=\"og:description\" content=\"LAST UPDATE: 09.04.2020 We are announcing the Schedule of the Winter Examination Session in the 2019\/2020 academic year for different fields of study at the Faculty of Law, Administration and Economics. AIO BBA CJ LLM MME\" \/>\n<meta property=\"og:url\" content=\"https:\/\/prawo.uwr.edu.pl\/en\/the-schedule-of-the-summer-examination-session-2019-2020\/\" \/>\n<meta property=\"og:site_name\" content=\"Wydzia\u0142 Prawa, Administracji i Ekonomii\" \/>\n<meta name=\"twitter:card\" content=\"summary_large_image\" \/>\n<meta name=\"twitter:label1\" content=\"Est. reading time\" \/>\n\t<meta name=\"twitter:data1\" content=\"1 minute\" \/>\n<script type=\"application\/ld+json\" class=\"yoast-schema-graph\">{\"@context\":\"https:\/\/schema.org\",\"@graph\":[{\"@type\":\"WebPage\",\"@id\":\"https:\/\/prawo.uwr.edu.pl\/en\/the-schedule-of-the-summer-examination-session-2019-2020\/\",\"url\":\"https:\/\/prawo.uwr.edu.pl\/en\/the-schedule-of-the-summer-examination-session-2019-2020\/\",\"name\":\"The Schedule of the Summer Examination Session 2019\/2020 - Wydzia\u0142 Prawa, Administracji i Ekonomii\",\"isPartOf\":{\"@id\":\"https:\/\/prawo.uwr.edu.pl\/#website\"},\"primaryImageOfPage\":{\"@id\":\"https:\/\/prawo.uwr.edu.pl\/en\/the-schedule-of-the-summer-examination-session-2019-2020\/#primaryimage\"},\"image\":{\"@id\":\"https:\/\/prawo.uwr.edu.pl\/en\/the-schedule-of-the-summer-examination-session-2019-2020\/#primaryimage\"},\"thumbnailUrl\":\"\",\"datePublished\":\"2022-10-19T09:51:06+00:00\",\"breadcrumb\":{\"@id\":\"https:\/\/prawo.uwr.edu.pl\/en\/the-schedule-of-the-summer-examination-session-2019-2020\/#breadcrumb\"},\"inLanguage\":\"en-US\",\"potentialAction\":[{\"@type\":\"ReadAction\",\"target\":[\"https:\/\/prawo.uwr.edu.pl\/en\/the-schedule-of-the-summer-examination-session-2019-2020\/\"]}]},{\"@type\":\"ImageObject\",\"inLanguage\":\"en-US\",\"@id\":\"https:\/\/prawo.uwr.edu.pl\/en\/the-schedule-of-the-summer-examination-session-2019-2020\/#primaryimage\",\"url\":\"\",\"contentUrl\":\"\"},{\"@type\":\"BreadcrumbList\",\"@id\":\"https:\/\/prawo.uwr.edu.pl\/en\/the-schedule-of-the-summer-examination-session-2019-2020\/#breadcrumb\",\"itemListElement\":[{\"@type\":\"ListItem\",\"position\":1,\"name\":\"Strona g\u0142\u00f3wna\",\"item\":\"https:\/\/prawo.uwr.edu.pl\/en\/\"},{\"@type\":\"ListItem\",\"position\":2,\"name\":\"The Schedule of the Summer Examination Session 2019\/2020\"}]},{\"@type\":\"WebSite\",\"@id\":\"https:\/\/prawo.uwr.edu.pl\/#website\",\"url\":\"https:\/\/prawo.uwr.edu.pl\/\",\"name\":\"Wydzia\u0142 Prawa, Administracji i Ekonomii\",\"description\":\"Kolejna witryna sieci \u201eUWR Witryny\u201d\",\"publisher\":{\"@id\":\"https:\/\/prawo.uwr.edu.pl\/#organization\"},\"potentialAction\":[{\"@type\":\"SearchAction\",\"target\":{\"@type\":\"EntryPoint\",\"urlTemplate\":\"https:\/\/prawo.uwr.edu.pl\/?s={search_term_string}\"},\"query-input\":{\"@type\":\"PropertyValueSpecification\",\"valueRequired\":true,\"valueName\":\"search_term_string\"}}],\"inLanguage\":\"en-US\"},{\"@type\":\"Organization\",\"@id\":\"https:\/\/prawo.uwr.edu.pl\/#organization\",\"name\":\"Wydzia\u0142 Prawa, Administracji i Ekonomii\",\"url\":\"https:\/\/prawo.uwr.edu.pl\/\",\"logo\":{\"@type\":\"ImageObject\",\"inLanguage\":\"en-US\",\"@id\":\"https:\/\/prawo.uwr.edu.pl\/#\/schema\/logo\/image\/\",\"url\":\"https:\/\/prawo.uwr.edu.pl\/wp-content\/uploads\/sites\/210\/2025\/10\/UWr-logotyp-2025.png\",\"contentUrl\":\"https:\/\/prawo.uwr.edu.pl\/wp-content\/uploads\/sites\/210\/2025\/10\/UWr-logotyp-2025.png\",\"width\":764,\"height\":269,\"caption\":\"Wydzia\u0142 Prawa, Administracji i Ekonomii\"},\"image\":{\"@id\":\"https:\/\/prawo.uwr.edu.pl\/#\/schema\/logo\/image\/\"}}]}<\/script>\n<!-- \/ Yoast SEO plugin. -->","yoast_head_json":{"title":"The Schedule of the Summer Examination Session 2019\/2020 - Wydzia\u0142 Prawa, Administracji i Ekonomii","robots":{"index":"index","follow":"follow","max-snippet":"max-snippet:-1","max-image-preview":"max-image-preview:large","max-video-preview":"max-video-preview:-1"},"canonical":"https:\/\/prawo.uwr.edu.pl\/en\/the-schedule-of-the-summer-examination-session-2019-2020\/","og_locale":"en_US","og_type":"article","og_title":"The Schedule of the Summer Examination Session 2019\/2020 - Wydzia\u0142 Prawa, Administracji i Ekonomii","og_description":"LAST UPDATE: 09.04.2020 We are announcing the Schedule of the Winter Examination Session in the 2019\/2020 academic year for different fields of study at the Faculty of Law, Administration and Economics. AIO BBA CJ LLM MME","og_url":"https:\/\/prawo.uwr.edu.pl\/en\/the-schedule-of-the-summer-examination-session-2019-2020\/","og_site_name":"Wydzia\u0142 Prawa, Administracji i Ekonomii","twitter_card":"summary_large_image","twitter_misc":{"Est. reading time":"1 minute"},"schema":{"@context":"https:\/\/schema.org","@graph":[{"@type":"WebPage","@id":"https:\/\/prawo.uwr.edu.pl\/en\/the-schedule-of-the-summer-examination-session-2019-2020\/","url":"https:\/\/prawo.uwr.edu.pl\/en\/the-schedule-of-the-summer-examination-session-2019-2020\/","name":"The Schedule of the Summer Examination Session 2019\/2020 - Wydzia\u0142 Prawa, Administracji i Ekonomii","isPartOf":{"@id":"https:\/\/prawo.uwr.edu.pl\/#website"},"primaryImageOfPage":{"@id":"https:\/\/prawo.uwr.edu.pl\/en\/the-schedule-of-the-summer-examination-session-2019-2020\/#primaryimage"},"image":{"@id":"https:\/\/prawo.uwr.edu.pl\/en\/the-schedule-of-the-summer-examination-session-2019-2020\/#primaryimage"},"thumbnailUrl":"","datePublished":"2022-10-19T09:51:06+00:00","breadcrumb":{"@id":"https:\/\/prawo.uwr.edu.pl\/en\/the-schedule-of-the-summer-examination-session-2019-2020\/#breadcrumb"},"inLanguage":"en-US","potentialAction":[{"@type":"ReadAction","target":["https:\/\/prawo.uwr.edu.pl\/en\/the-schedule-of-the-summer-examination-session-2019-2020\/"]}]},{"@type":"ImageObject","inLanguage":"en-US","@id":"https:\/\/prawo.uwr.edu.pl\/en\/the-schedule-of-the-summer-examination-session-2019-2020\/#primaryimage","url":"","contentUrl":""},{"@type":"BreadcrumbList","@id":"https:\/\/prawo.uwr.edu.pl\/en\/the-schedule-of-the-summer-examination-session-2019-2020\/#breadcrumb","itemListElement":[{"@type":"ListItem","position":1,"name":"Strona g\u0142\u00f3wna","item":"https:\/\/prawo.uwr.edu.pl\/en\/"},{"@type":"ListItem","position":2,"name":"The Schedule of the Summer Examination Session 2019\/2020"}]},{"@type":"WebSite","@id":"https:\/\/prawo.uwr.edu.pl\/#website","url":"https:\/\/prawo.uwr.edu.pl\/","name":"Wydzia\u0142 Prawa, Administracji i Ekonomii","description":"Kolejna witryna sieci \u201eUWR Witryny\u201d","publisher":{"@id":"https:\/\/prawo.uwr.edu.pl\/#organization"},"potentialAction":[{"@type":"SearchAction","target":{"@type":"EntryPoint","urlTemplate":"https:\/\/prawo.uwr.edu.pl\/?s={search_term_string}"},"query-input":{"@type":"PropertyValueSpecification","valueRequired":true,"valueName":"search_term_string"}}],"inLanguage":"en-US"},{"@type":"Organization","@id":"https:\/\/prawo.uwr.edu.pl\/#organization","name":"Wydzia\u0142 Prawa, Administracji i Ekonomii","url":"https:\/\/prawo.uwr.edu.pl\/","logo":{"@type":"ImageObject","inLanguage":"en-US","@id":"https:\/\/prawo.uwr.edu.pl\/#\/schema\/logo\/image\/","url":"https:\/\/prawo.uwr.edu.pl\/wp-content\/uploads\/sites\/210\/2025\/10\/UWr-logotyp-2025.png","contentUrl":"https:\/\/prawo.uwr.edu.pl\/wp-content\/uploads\/sites\/210\/2025\/10\/UWr-logotyp-2025.png","width":764,"height":269,"caption":"Wydzia\u0142 Prawa, Administracji i Ekonomii"},"image":{"@id":"https:\/\/prawo.uwr.edu.pl\/#\/schema\/logo\/image\/"}}]}},"publishpress_future_action":{"enabled":false,"date":"2026-04-26 11:03:35","action":"change-status","newStatus":"draft","terms":[],"taxonomy":"category","extraData":[]},"publishpress_future_workflow_manual_trigger":{"enabledWorkflows":[]},"_links":{"self":[{"href":"https:\/\/prawo.uwr.edu.pl\/en\/wp-json\/wp\/v2\/pages\/114046\/"}],"collection":[{"href":"https:\/\/prawo.uwr.edu.pl\/en\/wp-json\/wp\/v2\/pages\/"}],"about":[{"href":"https:\/\/prawo.uwr.edu.pl\/en\/wp-json\/wp\/v2\/types\/page\/"}],"author":[{"embeddable":true,"href":"https:\/\/prawo.uwr.edu.pl\/en\/wp-json\/wp\/v2\/users\/20\/"}],"replies":[{"embeddable":true,"href":"https:\/\/prawo.uwr.edu.pl\/en\/wp-json\/wp\/v2\/comments\/?post=114046"}],"version-history":[{"count":0,"href":"https:\/\/prawo.uwr.edu.pl\/en\/wp-json\/wp\/v2\/pages\/114046\/revisions\/"}],"wp:featuredmedia":[{"embeddable":true,"href":"https:\/\/prawo.uwr.edu.pl\/en\/wp-json\/"}],"wp:attachment":[{"href":"https:\/\/prawo.uwr.edu.pl\/en\/wp-json\/wp\/v2\/media\/?parent=114046"}],"wp:term":[{"taxonomy":"category","embeddable":true,"href":"https:\/\/prawo.uwr.edu.pl\/en\/wp-json\/wp\/v2\/categories\/?post=114046"},{"taxonomy":"post_tag","embeddable":true,"href":"https:\/\/prawo.uwr.edu.pl\/en\/wp-json\/wp\/v2\/tags\/?post=114046"}],"curies":[{"name":"wp","href":"https:\/\/api.w.org\/{rel}","templated":true}]}}