{"id":124908,"date":"2022-07-21T09:14:11","date_gmt":"2022-07-21T07:14:11","guid":{"rendered":"https:\/\/prawo.uwr.edu.pl\/?page_id=45034"},"modified":"2022-12-29T12:06:49","modified_gmt":"2022-12-29T11:06:49","slug":"international-trade-law","status":"publish","type":"page","link":"https:\/\/prawo.uwr.edu.pl\/en\/bba-bachelor-of-business-and-administration\/international-trade-law\/","title":{"rendered":"International Trade Law"},"content":{"rendered":"\n<div class=\"wp-block-ugb-container ugb-container ugb-8dda971 ugb-container--v2 ugb-container--design-plain ugb-main-block\"><div class=\"ugb-inner-block\"><div class=\"ugb-block-content\"><div class=\"ugb-container__wrapper ugb-8dda971-wrapper\"><div class=\"ugb-container__side\"><div class=\"ugb-container__content-wrapper ugb-8dda971-content-wrapper\">\n<div class=\"wp-block-columns bs-news-page is-layout-flex wp-block-columns-is-layout-flex\">\n<div class=\"wp-block-column bs-kontakt-photo is-layout-flow wp-block-column-is-layout-flow\">\n<figure class=\"wp-block-image size-large\"><img decoding=\"async\" src=\"https:\/\/prawo.uwr.edu.pl\/wp-content\/uploads\/sites\/210\/2022\/07\/pexels-fauxels-3183150-1024x683.jpg\" alt=\"Spotkanie\" class=\"wp-image-38731\"\/><\/figure>\n<\/div>\n\n\n\n<div class=\"wp-block-column bs-contact-right-column is-layout-flow wp-block-column-is-layout-flow\">\n<div class=\"wp-block-bonasoft-modular-breadcrumbs-block\"><div class=\"bs_add_breadcrumb_trail\"><\/div><\/div>\n\n\n\n<hr class=\"wp-block-separator has-text-color has-background has-black-background-color has-black-color is-style-wide bs-border-kontakt\"\/>\n\n\n<h1 style=\"font-style:normal;font-weight:700;\" class=\"bs-naglowek-podstrony wp-block-post-title\">International Trade Law<\/h1>\n\n\n<p><strong>Program:<\/strong>&nbsp;&nbsp;<a href=\"https:\/\/prawo.uwr.edu.pl\/en\/bba-bachelor-of-business-and-administration\/\">Bachelor of Business and Administration (Specialisations: Business, Finance, Governance)<\/a><br><strong>ECTS:&nbsp;<\/strong>&nbsp;5<br><strong>Lecturer:&nbsp;<\/strong>&nbsp;Micha\u0142 St\u0119pie\u0144<br><strong>Email:<\/strong>&nbsp;&nbsp;<a href=\"mailto:michal.stepien@uwr.edu.pl\">michal.stepien@uwr.edu.pl<\/a><\/p>\n\n\n\n<p><strong>Type:<\/strong>&nbsp;&nbsp;Compulsory<br><strong>Level:<\/strong>&nbsp;&nbsp;Elementary<\/p>\n\n\n\n<p><strong>Lecture<\/strong><br><strong>Number of hours:<\/strong>&nbsp;&nbsp;2h X 8 weeks = 16 hours (1 semester)<\/p>\n\n\n\n<p><strong>Classes<\/strong><br><strong>Number of hours:&nbsp;<\/strong>&nbsp;2h X 7 weeks = 14 hours (1 semester)<\/p>\n<\/div>\n<\/div>\n\n\n\n<div class=\"wp-block-ugb-container ugb-container bs-news-page-under ugb-f8694ce ugb-container--v2 ugb-container--design-plain ugb-main-block\"><div class=\"ugb-inner-block\"><div class=\"ugb-block-content\"><div class=\"ugb-container__wrapper ugb-f8694ce-wrapper\"><div class=\"ugb-container__side\"><div class=\"ugb-container__content-wrapper ugb-f8694ce-content-wrapper\">\n<p><strong>Biography of the Professor<\/strong><br>Assistant in the Department of International and European Law, an author of scientific publications on theory of International Law, EU Law and sources of International Law, a reporter of The Yearbook of Diplomatic and Consular Law. He is especially interested in problem of fragmentation of International Law and judicial settlement of international disputes. He is also a member International Law Association \u2013 Polish Branch. He lists his main hobbies as cycling and developing of embedded operating systems.<\/p>\n\n\n\n<p><strong>Requirements for passing a course<\/strong><br>Written exam, two questions from the list below, to pass a student needs 50 %.<\/p>\n\n\n\n<p><strong>Exam questions<\/strong><br>1. Establishment of GATT&nbsp;<br>2. The WTO: functions and structure&nbsp;<br>3. EU Customs Union&nbsp;<br>4. GATS&nbsp;<br>5. TRIPS&nbsp;<br>6. WTO-EU Relations&nbsp;<br>7. Institution of WTO Settlement Dispute System&nbsp;<br>8. Jurisdiction and applicable law in WTO Dispute Settlement Understanding&nbsp;<br>9. Remedies and compliance in WTO Dispute Settlement&nbsp;<br>10. WTO and Collective Security Issues&nbsp;<br>11. Most Favoured Nation Treatment&nbsp;<br>12. National Treatment&nbsp;<br>13. Barriers to Market Access for Goods&nbsp;<br>14. Subsidies and Countervailing Duties&nbsp;<br>15. Anti-dumping&nbsp;<br>16. Agreement on Technical Barriers to Trade&nbsp;<br>17. The WTO Agreement on the Application of Sanitary and Phytosanitary Measures (SPS Agreement)&nbsp;<br>18. Government Procurement&nbsp;<br>19. Export Measures and Control<\/p>\n\n\n\n<p><strong>Books<\/strong><br>-The Oxford handbook of international trade, Ed. by D.Bethlehem [et al.], Oxford University Press, 2009<br>-WTO: institutions and dispute settlement, Ed. by R.Wolfrum, P-T. Stoll, K. Kaiser, Max Planck Institute for Comparative Public Law and International Law, 2006<br>-M.Matsushita, T.J. Schoenbaum, P.C. Mavroidis, \u201cThe World Trade Organization: law, practice and policy\u201d, Oxford University Press, 2009<\/p>\n\n\n\n<p><strong>Sources<\/strong><br>-General Agreement on Tariffs and Trade<br>-Marrakesh Agreement establishing the World Trade Organizations<br>-WTO Dispute Settlement Understanding<br>-Treaty on European Union<br>-Treaty on the Functioning of the European Union<br>-General Agreement on Trade in Services<br>-Agreement on Trade-Related Aspects of Intellectual Property Rights<br>-Agreement on the Application of Sanitary and Phytosanitary Measures (SPS Agreement)<\/p>\n\n\n\n<p><strong>All legal acts are available at:<\/strong><br>1.&nbsp;<a href=\"https:\/\/www.wto.org\/english\/docs_e\/legal_e\/legal_e.htm\" target=\"_blank\" rel=\"noreferrer noopener\">https:\/\/www.wto.org\/english\/docs_e\/legal_e\/legal_e.htm<\/a><br>2.&nbsp;<a href=\"https:\/\/prawo.uni.wroc.pl\/node\/28199\" target=\"_blank\" rel=\"noreferrer noopener\">https:\/\/prawo.uni.wroc.pl\/node\/28199<\/a><\/p>\n<\/div><\/div><\/div><\/div><\/div><\/div>\n<\/div><\/div><\/div><\/div><\/div><\/div>\n","protected":false},"excerpt":{"rendered":"<p>Program:&nbsp;&nbsp;Bachelor of Business and Administration (Specialisations: Business, Finance, Governance)ECTS:&nbsp;&nbsp;5Lecturer:&nbsp;&nbsp;Micha\u0142 St\u0119pie\u0144Email:&nbsp;&nbsp;michal.stepien@uwr.edu.pl Type:&nbsp;&nbsp;CompulsoryLevel:&nbsp;&nbsp;Elementary LectureNumber of hours:&nbsp;&nbsp;2h X 8 weeks = 16 hours (1 semester) ClassesNumber of hours:&nbsp;&nbsp;2h X 7 weeks = 14 hours (1 semester) Biography of the ProfessorAssistant in the Department of International and European Law, an author of scientific publications on theory of International Law, [&hellip;]<\/p>\n","protected":false},"author":20,"featured_media":38731,"parent":40462,"menu_order":0,"comment_status":"closed","ping_status":"closed","template":"","meta":{"_acf_changed":false,"inline_featured_image":false,"site-sidebar-layout":"default","site-content-layout":"","ast-site-content-layout":"default","site-content-style":"default","site-sidebar-style":"default","ast-global-header-display":"","ast-banner-title-visibility":"","ast-main-header-display":"","ast-hfb-above-header-display":"","ast-hfb-below-header-display":"","ast-hfb-mobile-header-display":"","site-post-title":"","ast-breadcrumbs-content":"","ast-featured-img":"","footer-sml-layout":"","ast-disable-related-posts":"","theme-transparent-header-meta":"","adv-header-id-meta":"","stick-header-meta":"","header-above-stick-meta":"","header-main-stick-meta":"","header-below-stick-meta":"","astra-migrate-meta-layouts":"default","ast-page-background-enabled":"default","ast-page-background-meta":{"desktop":{"background-color":"","background-image":"","background-repeat":"repeat","background-position":"center center","background-size":"auto","background-attachment":"scroll","background-type":"","background-media":"","overlay-type":"","overlay-color":"","overlay-opacity":"","overlay-gradient":""},"tablet":{"background-color":"","background-image":"","background-repeat":"repeat","background-position":"center center","background-size":"auto","background-attachment":"scroll","background-type":"","background-media":"","overlay-type":"","overlay-color":"","overlay-opacity":"","overlay-gradient":""},"mobile":{"background-color":"","background-image":"","background-repeat":"repeat","background-position":"center center","background-size":"auto","background-attachment":"scroll","background-type":"","background-media":"","overlay-type":"","overlay-color":"","overlay-opacity":"","overlay-gradient":""}},"ast-content-background-meta":{"desktop":{"background-color":"var(--ast-global-color-5)","background-image":"","background-repeat":"repeat","background-position":"center center","background-size":"auto","background-attachment":"scroll","background-type":"","background-media":"","overlay-type":"","overlay-color":"","overlay-opacity":"","overlay-gradient":""},"tablet":{"background-color":"var(--ast-global-color-5)","background-image":"","background-repeat":"repeat","background-position":"center center","background-size":"auto","background-attachment":"scroll","background-type":"","background-media":"","overlay-type":"","overlay-color":"","overlay-opacity":"","overlay-gradient":""},"mobile":{"background-color":"var(--ast-global-color-5)","background-image":"","background-repeat":"repeat","background-position":"center center","background-size":"auto","background-attachment":"scroll","background-type":"","background-media":"","overlay-type":"","overlay-color":"","overlay-opacity":"","overlay-gradient":""}},"footnotes":""},"categories":[],"tags":[],"class_list":["post-124908","page","type-page","status-publish","has-post-thumbnail","hentry"],"featured_image_urls_v2":{"full":"","thumbnail":"","medium":"","medium_large":"","large":"","1536x1536":"","2048x2048":"","menu-24x24":"","menu-36x36":"","menu-48x48":""},"post_excerpt_stackable_v2":"<p>International Trade Law Program:&nbsp;&nbsp;Bachelor of Business and Administration (Specialisations: Business, Finance, Governance)ECTS:&nbsp;&nbsp;5Lecturer:&nbsp;&nbsp;Micha\u0142 St\u0119pie\u0144Email:&nbsp;&nbsp;michal.stepien@uwr.edu.pl Type:&nbsp;&nbsp;CompulsoryLevel:&nbsp;&nbsp;Elementary LectureNumber of hours:&nbsp;&nbsp;2h X 8 weeks = 16 hours (1 semester) ClassesNumber of hours:&nbsp;&nbsp;2h X 7 weeks = 14 hours (1 semester) Biography of the ProfessorAssistant in the Department of International and European Law, an author of scientific publications on theory of International Law, EU Law and sources of International Law, a reporter of The Yearbook of Diplomatic and Consular Law. He is especially interested in problem of fragmentation of International Law and judicial settlement of international disputes. He is also a member International Law Association&hellip;<\/p>\n","category_list_v2":"Uncategorized","author_info_v2":{"name":"mmatlinski","url":"https:\/\/prawo.uwr.edu.pl\/en\/author\/mmatlinski\/"},"comments_num_v2":"0 comments","acf":[],"yoast_head":"<!-- This site is optimized with the Yoast SEO plugin v27.1.1 - https:\/\/yoast.com\/product\/yoast-seo-wordpress\/ -->\n<title>International Trade Law - Wydzia\u0142 Prawa, Administracji i Ekonomii<\/title>\n<meta name=\"robots\" content=\"index, follow, max-snippet:-1, max-image-preview:large, max-video-preview:-1\" \/>\n<link rel=\"canonical\" href=\"https:\/\/prawo.uwr.edu.pl\/en\/bba-bachelor-of-business-and-administration\/international-trade-law\/\" \/>\n<meta property=\"og:locale\" content=\"en_US\" \/>\n<meta property=\"og:type\" content=\"article\" \/>\n<meta property=\"og:title\" content=\"International Trade Law - Wydzia\u0142 Prawa, Administracji i Ekonomii\" \/>\n<meta property=\"og:description\" content=\"Program:&nbsp;&nbsp;Bachelor of Business and Administration (Specialisations: Business, Finance, Governance)ECTS:&nbsp;&nbsp;5Lecturer:&nbsp;&nbsp;Micha\u0142 St\u0119pie\u0144Email:&nbsp;&nbsp;michal.stepien@uwr.edu.pl Type:&nbsp;&nbsp;CompulsoryLevel:&nbsp;&nbsp;Elementary LectureNumber of hours:&nbsp;&nbsp;2h X 8 weeks = 16 hours (1 semester) ClassesNumber of hours:&nbsp;&nbsp;2h X 7 weeks = 14 hours (1 semester) Biography of the ProfessorAssistant in the Department of International and European Law, an author of scientific publications on theory of International Law, [&hellip;]\" \/>\n<meta property=\"og:url\" content=\"https:\/\/prawo.uwr.edu.pl\/en\/bba-bachelor-of-business-and-administration\/international-trade-law\/\" \/>\n<meta property=\"og:site_name\" content=\"Wydzia\u0142 Prawa, Administracji i Ekonomii\" \/>\n<meta property=\"article:modified_time\" content=\"2022-12-29T11:06:49+00:00\" \/>\n<meta name=\"twitter:card\" content=\"summary_large_image\" \/>\n<meta name=\"twitter:label1\" content=\"Est. reading time\" \/>\n\t<meta name=\"twitter:data1\" content=\"3 minutes\" \/>\n<script type=\"application\/ld+json\" class=\"yoast-schema-graph\">{\"@context\":\"https:\/\/schema.org\",\"@graph\":[{\"@type\":\"WebPage\",\"@id\":\"https:\/\/prawo.uwr.edu.pl\/en\/bba-bachelor-of-business-and-administration\/international-trade-law\/\",\"url\":\"https:\/\/prawo.uwr.edu.pl\/en\/bba-bachelor-of-business-and-administration\/international-trade-law\/\",\"name\":\"International Trade Law - Wydzia\u0142 Prawa, Administracji i Ekonomii\",\"isPartOf\":{\"@id\":\"https:\/\/prawo.uwr.edu.pl\/#website\"},\"primaryImageOfPage\":{\"@id\":\"https:\/\/prawo.uwr.edu.pl\/en\/bba-bachelor-of-business-and-administration\/international-trade-law\/#primaryimage\"},\"image\":{\"@id\":\"https:\/\/prawo.uwr.edu.pl\/en\/bba-bachelor-of-business-and-administration\/international-trade-law\/#primaryimage\"},\"thumbnailUrl\":\"\",\"datePublished\":\"2022-07-21T07:14:11+00:00\",\"dateModified\":\"2022-12-29T11:06:49+00:00\",\"breadcrumb\":{\"@id\":\"https:\/\/prawo.uwr.edu.pl\/en\/bba-bachelor-of-business-and-administration\/international-trade-law\/#breadcrumb\"},\"inLanguage\":\"en-US\",\"potentialAction\":[{\"@type\":\"ReadAction\",\"target\":[\"https:\/\/prawo.uwr.edu.pl\/en\/bba-bachelor-of-business-and-administration\/international-trade-law\/\"]}]},{\"@type\":\"ImageObject\",\"inLanguage\":\"en-US\",\"@id\":\"https:\/\/prawo.uwr.edu.pl\/en\/bba-bachelor-of-business-and-administration\/international-trade-law\/#primaryimage\",\"url\":\"\",\"contentUrl\":\"\"},{\"@type\":\"BreadcrumbList\",\"@id\":\"https:\/\/prawo.uwr.edu.pl\/en\/bba-bachelor-of-business-and-administration\/international-trade-law\/#breadcrumb\",\"itemListElement\":[{\"@type\":\"ListItem\",\"position\":1,\"name\":\"Strona g\u0142\u00f3wna\",\"item\":\"https:\/\/prawo.uwr.edu.pl\/en\/\"},{\"@type\":\"ListItem\",\"position\":2,\"name\":\"BBA: Bachelor of Business and Administration\",\"item\":\"https:\/\/prawo.uwr.edu.pl\/en\/bba-bachelor-of-business-and-administration\/\"},{\"@type\":\"ListItem\",\"position\":3,\"name\":\"International Trade Law\"}]},{\"@type\":\"WebSite\",\"@id\":\"https:\/\/prawo.uwr.edu.pl\/#website\",\"url\":\"https:\/\/prawo.uwr.edu.pl\/\",\"name\":\"Wydzia\u0142 Prawa, Administracji i Ekonomii\",\"description\":\"Kolejna witryna sieci \u201eUWR Witryny\u201d\",\"publisher\":{\"@id\":\"https:\/\/prawo.uwr.edu.pl\/#organization\"},\"potentialAction\":[{\"@type\":\"SearchAction\",\"target\":{\"@type\":\"EntryPoint\",\"urlTemplate\":\"https:\/\/prawo.uwr.edu.pl\/?s={search_term_string}\"},\"query-input\":{\"@type\":\"PropertyValueSpecification\",\"valueRequired\":true,\"valueName\":\"search_term_string\"}}],\"inLanguage\":\"en-US\"},{\"@type\":\"Organization\",\"@id\":\"https:\/\/prawo.uwr.edu.pl\/#organization\",\"name\":\"Wydzia\u0142 Prawa, Administracji i Ekonomii\",\"url\":\"https:\/\/prawo.uwr.edu.pl\/\",\"logo\":{\"@type\":\"ImageObject\",\"inLanguage\":\"en-US\",\"@id\":\"https:\/\/prawo.uwr.edu.pl\/#\/schema\/logo\/image\/\",\"url\":\"https:\/\/prawo.uwr.edu.pl\/wp-content\/uploads\/sites\/210\/2025\/10\/UWr-logotyp-2025.png\",\"contentUrl\":\"https:\/\/prawo.uwr.edu.pl\/wp-content\/uploads\/sites\/210\/2025\/10\/UWr-logotyp-2025.png\",\"width\":764,\"height\":269,\"caption\":\"Wydzia\u0142 Prawa, Administracji i Ekonomii\"},\"image\":{\"@id\":\"https:\/\/prawo.uwr.edu.pl\/#\/schema\/logo\/image\/\"}}]}<\/script>\n<!-- \/ Yoast SEO plugin. -->","yoast_head_json":{"title":"International Trade Law - Wydzia\u0142 Prawa, Administracji i Ekonomii","robots":{"index":"index","follow":"follow","max-snippet":"max-snippet:-1","max-image-preview":"max-image-preview:large","max-video-preview":"max-video-preview:-1"},"canonical":"https:\/\/prawo.uwr.edu.pl\/en\/bba-bachelor-of-business-and-administration\/international-trade-law\/","og_locale":"en_US","og_type":"article","og_title":"International Trade Law - Wydzia\u0142 Prawa, Administracji i Ekonomii","og_description":"Program:&nbsp;&nbsp;Bachelor of Business and Administration (Specialisations: Business, Finance, Governance)ECTS:&nbsp;&nbsp;5Lecturer:&nbsp;&nbsp;Micha\u0142 St\u0119pie\u0144Email:&nbsp;&nbsp;michal.stepien@uwr.edu.pl Type:&nbsp;&nbsp;CompulsoryLevel:&nbsp;&nbsp;Elementary LectureNumber of hours:&nbsp;&nbsp;2h X 8 weeks = 16 hours (1 semester) ClassesNumber of hours:&nbsp;&nbsp;2h X 7 weeks = 14 hours (1 semester) Biography of the ProfessorAssistant in the Department of International and European Law, an author of scientific publications on theory of International Law, [&hellip;]","og_url":"https:\/\/prawo.uwr.edu.pl\/en\/bba-bachelor-of-business-and-administration\/international-trade-law\/","og_site_name":"Wydzia\u0142 Prawa, Administracji i Ekonomii","article_modified_time":"2022-12-29T11:06:49+00:00","twitter_card":"summary_large_image","twitter_misc":{"Est. reading time":"3 minutes"},"schema":{"@context":"https:\/\/schema.org","@graph":[{"@type":"WebPage","@id":"https:\/\/prawo.uwr.edu.pl\/en\/bba-bachelor-of-business-and-administration\/international-trade-law\/","url":"https:\/\/prawo.uwr.edu.pl\/en\/bba-bachelor-of-business-and-administration\/international-trade-law\/","name":"International Trade Law - Wydzia\u0142 Prawa, Administracji i Ekonomii","isPartOf":{"@id":"https:\/\/prawo.uwr.edu.pl\/#website"},"primaryImageOfPage":{"@id":"https:\/\/prawo.uwr.edu.pl\/en\/bba-bachelor-of-business-and-administration\/international-trade-law\/#primaryimage"},"image":{"@id":"https:\/\/prawo.uwr.edu.pl\/en\/bba-bachelor-of-business-and-administration\/international-trade-law\/#primaryimage"},"thumbnailUrl":"","datePublished":"2022-07-21T07:14:11+00:00","dateModified":"2022-12-29T11:06:49+00:00","breadcrumb":{"@id":"https:\/\/prawo.uwr.edu.pl\/en\/bba-bachelor-of-business-and-administration\/international-trade-law\/#breadcrumb"},"inLanguage":"en-US","potentialAction":[{"@type":"ReadAction","target":["https:\/\/prawo.uwr.edu.pl\/en\/bba-bachelor-of-business-and-administration\/international-trade-law\/"]}]},{"@type":"ImageObject","inLanguage":"en-US","@id":"https:\/\/prawo.uwr.edu.pl\/en\/bba-bachelor-of-business-and-administration\/international-trade-law\/#primaryimage","url":"","contentUrl":""},{"@type":"BreadcrumbList","@id":"https:\/\/prawo.uwr.edu.pl\/en\/bba-bachelor-of-business-and-administration\/international-trade-law\/#breadcrumb","itemListElement":[{"@type":"ListItem","position":1,"name":"Strona g\u0142\u00f3wna","item":"https:\/\/prawo.uwr.edu.pl\/en\/"},{"@type":"ListItem","position":2,"name":"BBA: Bachelor of Business and Administration","item":"https:\/\/prawo.uwr.edu.pl\/en\/bba-bachelor-of-business-and-administration\/"},{"@type":"ListItem","position":3,"name":"International Trade Law"}]},{"@type":"WebSite","@id":"https:\/\/prawo.uwr.edu.pl\/#website","url":"https:\/\/prawo.uwr.edu.pl\/","name":"Wydzia\u0142 Prawa, Administracji i Ekonomii","description":"Kolejna witryna sieci \u201eUWR Witryny\u201d","publisher":{"@id":"https:\/\/prawo.uwr.edu.pl\/#organization"},"potentialAction":[{"@type":"SearchAction","target":{"@type":"EntryPoint","urlTemplate":"https:\/\/prawo.uwr.edu.pl\/?s={search_term_string}"},"query-input":{"@type":"PropertyValueSpecification","valueRequired":true,"valueName":"search_term_string"}}],"inLanguage":"en-US"},{"@type":"Organization","@id":"https:\/\/prawo.uwr.edu.pl\/#organization","name":"Wydzia\u0142 Prawa, Administracji i Ekonomii","url":"https:\/\/prawo.uwr.edu.pl\/","logo":{"@type":"ImageObject","inLanguage":"en-US","@id":"https:\/\/prawo.uwr.edu.pl\/#\/schema\/logo\/image\/","url":"https:\/\/prawo.uwr.edu.pl\/wp-content\/uploads\/sites\/210\/2025\/10\/UWr-logotyp-2025.png","contentUrl":"https:\/\/prawo.uwr.edu.pl\/wp-content\/uploads\/sites\/210\/2025\/10\/UWr-logotyp-2025.png","width":764,"height":269,"caption":"Wydzia\u0142 Prawa, Administracji i Ekonomii"},"image":{"@id":"https:\/\/prawo.uwr.edu.pl\/#\/schema\/logo\/image\/"}}]}},"publishpress_future_action":{"enabled":false,"date":"2026-04-26 12:43:09","action":"change-status","newStatus":"draft","terms":[],"taxonomy":"category","extraData":[]},"publishpress_future_workflow_manual_trigger":{"enabledWorkflows":[]},"_links":{"self":[{"href":"https:\/\/prawo.uwr.edu.pl\/en\/wp-json\/wp\/v2\/pages\/124908\/"}],"collection":[{"href":"https:\/\/prawo.uwr.edu.pl\/en\/wp-json\/wp\/v2\/pages\/"}],"about":[{"href":"https:\/\/prawo.uwr.edu.pl\/en\/wp-json\/wp\/v2\/types\/page\/"}],"author":[{"embeddable":true,"href":"https:\/\/prawo.uwr.edu.pl\/en\/wp-json\/wp\/v2\/users\/20\/"}],"replies":[{"embeddable":true,"href":"https:\/\/prawo.uwr.edu.pl\/en\/wp-json\/wp\/v2\/comments\/?post=124908"}],"version-history":[{"count":1,"href":"https:\/\/prawo.uwr.edu.pl\/en\/wp-json\/wp\/v2\/pages\/124908\/revisions\/"}],"predecessor-version":[{"id":128127,"href":"https:\/\/prawo.uwr.edu.pl\/en\/wp-json\/wp\/v2\/pages\/124908\/revisions\/128127\/"}],"up":[{"embeddable":true,"href":"https:\/\/prawo.uwr.edu.pl\/en\/wp-json\/wp\/v2\/pages\/40462\/"}],"wp:featuredmedia":[{"embeddable":true,"href":"https:\/\/prawo.uwr.edu.pl\/en\/wp-json\/"}],"wp:attachment":[{"href":"https:\/\/prawo.uwr.edu.pl\/en\/wp-json\/wp\/v2\/media\/?parent=124908"}],"wp:term":[{"taxonomy":"category","embeddable":true,"href":"https:\/\/prawo.uwr.edu.pl\/en\/wp-json\/wp\/v2\/categories\/?post=124908"},{"taxonomy":"post_tag","embeddable":true,"href":"https:\/\/prawo.uwr.edu.pl\/en\/wp-json\/wp\/v2\/tags\/?post=124908"}],"curies":[{"name":"wp","href":"https:\/\/api.w.org\/{rel}","templated":true}]}}