{"id":37246,"date":"2022-07-17T11:40:41","date_gmt":"2022-07-17T09:40:41","guid":{"rendered":"https:\/\/prawo.uwr.edu.pl\/?page_id=37246"},"modified":"2022-12-29T08:36:11","modified_gmt":"2022-12-29T07:36:11","slug":"administrative-procedures","status":"publish","type":"page","link":"https:\/\/prawo.uwr.edu.pl\/en\/aio-administration-in-international-organizations-master-studies\/administrative-procedures\/","title":{"rendered":"Administrative Procedures"},"content":{"rendered":"\n<div class=\"wp-block-ugb-container ugb-container ugb-8dda971 ugb-container--v2 ugb-container--design-plain ugb-main-block\"><div class=\"ugb-inner-block\"><div class=\"ugb-block-content\"><div class=\"ugb-container__wrapper ugb-8dda971-wrapper\"><div class=\"ugb-container__side\"><div class=\"ugb-container__content-wrapper ugb-8dda971-content-wrapper\">\n<div class=\"wp-block-columns bs-news-page is-layout-flex wp-block-columns-is-layout-flex\">\n<div class=\"wp-block-column bs-kontakt-photo is-layout-flow wp-block-column-is-layout-flow\">\n<figure class=\"wp-block-image size-large\"><img decoding=\"async\" src=\"https:\/\/prawo.uwr.edu.pl\/wp-content\/uploads\/sites\/210\/2022\/06\/pexels-anna-nekrashevich-6801680-683x1024.jpg\" alt=\"Kalkulator\" class=\"wp-image-18196\"\/><\/figure>\n<\/div>\n\n\n\n<div class=\"wp-block-column bs-contact-right-column is-layout-flow wp-block-column-is-layout-flow\">\n<div class=\"wp-block-bonasoft-modular-breadcrumbs-block\"><div class=\"bs_add_breadcrumb_trail\"><\/div><\/div>\n\n\n\n<hr class=\"wp-block-separator has-text-color has-background has-black-background-color has-black-color is-style-wide bs-border-kontakt\"\/>\n\n\n<h1 style=\"font-style:normal;font-weight:700;\" class=\"bs-naglowek-podstrony wp-block-post-title\">Administrative Procedures<\/h1>\n\n\n<p><strong>Program:&nbsp;<\/strong><a href=\"https:\/\/prawo.uwr.edu.pl\/en\/aio-administration-in-international-organizations-master-studies\/\">Administration in International Organizations<\/a><br><strong>ECTS:<\/strong>&nbsp;4<br><strong>Lecturer:<\/strong>&nbsp;dr Dominika Cendrowicz<\/p>\n\n\n\n<p><strong>Type:<\/strong>&nbsp;Compulsory<br><strong>Level:<\/strong>&nbsp;Advanced<br>Course information:<br>http:\/\/uwr.e-sylabus.pl\/SL\/Reportsforms\/WydrukSylabusa\/WydrukSylabusa2.aspx?options=WYUNKzgsgFJI8AX90HQ2rg==<\/p>\n\n\n\n<p><strong>Lecture<\/strong><br><strong>Number of hours:<\/strong>&nbsp;2h X 8 weeks = 16 hours (1 semester)<\/p>\n\n\n\n<p><strong>Classes<\/strong><br><strong>Number of hours:<\/strong>&nbsp;2h X 7 weeks = 14 hours (1 semester)<\/p>\n<\/div>\n<\/div>\n\n\n\n<div class=\"wp-block-ugb-container ugb-container bs-news-page-under ugb-f8694ce ugb-container--v2 ugb-container--design-plain ugb-main-block\"><div class=\"ugb-inner-block\"><div class=\"ugb-block-content\"><div class=\"ugb-container__wrapper ugb-f8694ce-wrapper\"><div class=\"ugb-container__side\"><div class=\"ugb-container__content-wrapper ugb-f8694ce-content-wrapper\">\n<p><strong>Objective:&nbsp;<\/strong><br>1. To provide students with the basic knowledge about public administration and administrative law.<br>2. To provide students with the basic knowledge about administrative procedures.<br>3. To provide students with the basic notions and terminology in the field of EU and international standards of public administration and administrative law<\/p>\n\n\n\n<p><strong>Prerequisites:&nbsp;<\/strong><br>Students have the basic knowledge about standards in public administration.2. Students have the basic knowledge about administrative procedures<\/p>\n\n\n\n<p><strong>Contents:&nbsp;<\/strong><br>1. Introduction to administrative law (part I).<br>2. Introduction to administrative law (part II).<br>3. Introduction to administrative procedures (part I).<br>4. Introduction to administrative procedures (part II).<br>5. Globalization and europeanization of administrative procedures.<br>6. International and European standards in administrative procedures.<br>7. The idea of \u2018good administration\u2019 and the European Code of Good Administrative Behaviour.<br>8. Draft Model Rules on EU Administrative Procedures.<br>9. Parties to administrative procedures<br>10. Administrative acts (part I).<br>11. Administrative acts (part II).<br>12. Appeals and complaints.<br>13. Letters of dissatisfaction, proposals and certificates.<br>14. The notion and types of complaints before administrative courts.<br>15. Final exam.<\/p>\n\n\n\n<p><strong>Recommended reading:&nbsp;<\/strong><br>1 Introduction to Polish Administrative Law. Second revised edition, Mo\u017cd\u017ce\u0144-Marcinkowski M., C.H. Beck. Warszawa 2012 2 Public administration and administrative law, Izdebski H., Liber. Warszawa 2006 3 The Code of Administrative Proceedings, Bi\u0144kowska M., Chech\u0142owski A., Walawender R.A., C.H. Beck. Warszawa 2010 4 Administrative procedure, [in:] Introduction to Polish law, Wyrozumska A. (ed.), Korzeniowska-Polak A., . \u0141\u00f3d\u017a 2005 5 Administrative Law and Policy of the European Union (selected chapters), Hofman H.C.H., Rowe G.C., Turk A., Oxford University Press. 2012 Additional reading: Good administration in EU law and the European Code of Good Administrative Behaviour, Mendes J., European University Institute, FLorence, Departemnt of Law, EUI Working Paper Law 2009\/09. 2009<\/p>\n<\/div><\/div><\/div><\/div><\/div><\/div>\n<\/div><\/div><\/div><\/div><\/div><\/div>\n","protected":false},"excerpt":{"rendered":"<p>Program:&nbsp;Administration in International OrganizationsECTS:&nbsp;4Lecturer:&nbsp;dr Dominika Cendrowicz Type:&nbsp;CompulsoryLevel:&nbsp;AdvancedCourse information:http:\/\/uwr.e-sylabus.pl\/SL\/Reportsforms\/WydrukSylabusa\/WydrukSylabusa2.aspx?options=WYUNKzgsgFJI8AX90HQ2rg== LectureNumber of hours:&nbsp;2h X 8 weeks = 16 hours (1 semester) ClassesNumber of hours:&nbsp;2h X 7 weeks = 14 hours (1 semester) Objective:&nbsp;1. To provide students with the basic knowledge about public administration and administrative law.2. To provide students with the basic knowledge about administrative procedures.3. To [&hellip;]<\/p>\n","protected":false},"author":20,"featured_media":18196,"parent":37240,"menu_order":0,"comment_status":"closed","ping_status":"closed","template":"","meta":{"_acf_changed":false,"inline_featured_image":false,"site-sidebar-layout":"default","site-content-layout":"","ast-site-content-layout":"default","site-content-style":"default","site-sidebar-style":"default","ast-global-header-display":"","ast-banner-title-visibility":"","ast-main-header-display":"","ast-hfb-above-header-display":"","ast-hfb-below-header-display":"","ast-hfb-mobile-header-display":"","site-post-title":"","ast-breadcrumbs-content":"","ast-featured-img":"","footer-sml-layout":"","ast-disable-related-posts":"","theme-transparent-header-meta":"","adv-header-id-meta":"","stick-header-meta":"","header-above-stick-meta":"","header-main-stick-meta":"","header-below-stick-meta":"","astra-migrate-meta-layouts":"default","ast-page-background-enabled":"default","ast-page-background-meta":{"desktop":{"background-color":"","background-image":"","background-repeat":"repeat","background-position":"center center","background-size":"auto","background-attachment":"scroll","background-type":"","background-media":"","overlay-type":"","overlay-color":"","overlay-opacity":"","overlay-gradient":""},"tablet":{"background-color":"","background-image":"","background-repeat":"repeat","background-position":"center center","background-size":"auto","background-attachment":"scroll","background-type":"","background-media":"","overlay-type":"","overlay-color":"","overlay-opacity":"","overlay-gradient":""},"mobile":{"background-color":"","background-image":"","background-repeat":"repeat","background-position":"center center","background-size":"auto","background-attachment":"scroll","background-type":"","background-media":"","overlay-type":"","overlay-color":"","overlay-opacity":"","overlay-gradient":""}},"ast-content-background-meta":{"desktop":{"background-color":"var(--ast-global-color-5)","background-image":"","background-repeat":"repeat","background-position":"center center","background-size":"auto","background-attachment":"scroll","background-type":"","background-media":"","overlay-type":"","overlay-color":"","overlay-opacity":"","overlay-gradient":""},"tablet":{"background-color":"var(--ast-global-color-5)","background-image":"","background-repeat":"repeat","background-position":"center center","background-size":"auto","background-attachment":"scroll","background-type":"","background-media":"","overlay-type":"","overlay-color":"","overlay-opacity":"","overlay-gradient":""},"mobile":{"background-color":"var(--ast-global-color-5)","background-image":"","background-repeat":"repeat","background-position":"center center","background-size":"auto","background-attachment":"scroll","background-type":"","background-media":"","overlay-type":"","overlay-color":"","overlay-opacity":"","overlay-gradient":""}},"footnotes":""},"categories":[],"tags":[],"class_list":["post-37246","page","type-page","status-publish","has-post-thumbnail","hentry"],"featured_image_urls_v2":{"full":"","thumbnail":"","medium":"","medium_large":"","large":"","1536x1536":"","2048x2048":"","menu-24x24":"","menu-36x36":"","menu-48x48":""},"post_excerpt_stackable_v2":"<p>Administrative Procedures Program:&nbsp;Administration in International OrganizationsECTS:&nbsp;4Lecturer:&nbsp;dr Dominika Cendrowicz Type:&nbsp;CompulsoryLevel:&nbsp;AdvancedCourse information:http:\/\/uwr.e-sylabus.pl\/SL\/Reportsforms\/WydrukSylabusa\/WydrukSylabusa2.aspx?options=WYUNKzgsgFJI8AX90HQ2rg== LectureNumber of hours:&nbsp;2h X 8 weeks = 16 hours (1 semester) ClassesNumber of hours:&nbsp;2h X 7 weeks = 14 hours (1 semester) Objective:&nbsp;1. To provide students with the basic knowledge about public administration and administrative law.2. To provide students with the basic knowledge about administrative procedures.3. To provide students with the basic notions and terminology in the field of EU and international standards of public administration and administrative law Prerequisites:&nbsp;Students have the basic knowledge about standards in public administration.2. Students have the basic knowledge about administrative procedures Contents:&nbsp;1. Introduction to&hellip;<\/p>\n","category_list_v2":"Uncategorized","author_info_v2":{"name":"mmatlinski","url":"https:\/\/prawo.uwr.edu.pl\/en\/author\/mmatlinski\/"},"comments_num_v2":"0 comments","acf":[],"yoast_head":"<!-- This site is optimized with the Yoast SEO plugin v27.1.1 - https:\/\/yoast.com\/product\/yoast-seo-wordpress\/ -->\n<title>Administrative Procedures - Wydzia\u0142 Prawa, Administracji i Ekonomii<\/title>\n<meta name=\"robots\" content=\"index, follow, max-snippet:-1, max-image-preview:large, max-video-preview:-1\" \/>\n<link rel=\"canonical\" href=\"https:\/\/prawo.uwr.edu.pl\/en\/aio-administration-in-international-organizations-master-studies\/administrative-procedures\/\" \/>\n<meta property=\"og:locale\" content=\"en_US\" \/>\n<meta property=\"og:type\" content=\"article\" \/>\n<meta property=\"og:title\" content=\"Administrative Procedures - Wydzia\u0142 Prawa, Administracji i Ekonomii\" \/>\n<meta property=\"og:description\" content=\"Program:&nbsp;Administration in International OrganizationsECTS:&nbsp;4Lecturer:&nbsp;dr Dominika Cendrowicz Type:&nbsp;CompulsoryLevel:&nbsp;AdvancedCourse information:http:\/\/uwr.e-sylabus.pl\/SL\/Reportsforms\/WydrukSylabusa\/WydrukSylabusa2.aspx?options=WYUNKzgsgFJI8AX90HQ2rg== LectureNumber of hours:&nbsp;2h X 8 weeks = 16 hours (1 semester) ClassesNumber of hours:&nbsp;2h X 7 weeks = 14 hours (1 semester) Objective:&nbsp;1. To provide students with the basic knowledge about public administration and administrative law.2. To provide students with the basic knowledge about administrative procedures.3. To [&hellip;]\" \/>\n<meta property=\"og:url\" content=\"https:\/\/prawo.uwr.edu.pl\/en\/aio-administration-in-international-organizations-master-studies\/administrative-procedures\/\" \/>\n<meta property=\"og:site_name\" content=\"Wydzia\u0142 Prawa, Administracji i Ekonomii\" \/>\n<meta property=\"article:modified_time\" content=\"2022-12-29T07:36:11+00:00\" \/>\n<meta name=\"twitter:card\" content=\"summary_large_image\" \/>\n<meta name=\"twitter:label1\" content=\"Est. reading time\" \/>\n\t<meta name=\"twitter:data1\" content=\"3 minutes\" \/>\n<script type=\"application\/ld+json\" class=\"yoast-schema-graph\">{\"@context\":\"https:\/\/schema.org\",\"@graph\":[{\"@type\":\"WebPage\",\"@id\":\"https:\/\/prawo.uwr.edu.pl\/en\/aio-administration-in-international-organizations-master-studies\/administrative-procedures\/\",\"url\":\"https:\/\/prawo.uwr.edu.pl\/en\/aio-administration-in-international-organizations-master-studies\/administrative-procedures\/\",\"name\":\"Administrative Procedures - Wydzia\u0142 Prawa, Administracji i Ekonomii\",\"isPartOf\":{\"@id\":\"https:\/\/prawo.uwr.edu.pl\/#website\"},\"primaryImageOfPage\":{\"@id\":\"https:\/\/prawo.uwr.edu.pl\/en\/aio-administration-in-international-organizations-master-studies\/administrative-procedures\/#primaryimage\"},\"image\":{\"@id\":\"https:\/\/prawo.uwr.edu.pl\/en\/aio-administration-in-international-organizations-master-studies\/administrative-procedures\/#primaryimage\"},\"thumbnailUrl\":\"\",\"datePublished\":\"2022-07-17T09:40:41+00:00\",\"dateModified\":\"2022-12-29T07:36:11+00:00\",\"breadcrumb\":{\"@id\":\"https:\/\/prawo.uwr.edu.pl\/en\/aio-administration-in-international-organizations-master-studies\/administrative-procedures\/#breadcrumb\"},\"inLanguage\":\"en-US\",\"potentialAction\":[{\"@type\":\"ReadAction\",\"target\":[\"https:\/\/prawo.uwr.edu.pl\/en\/aio-administration-in-international-organizations-master-studies\/administrative-procedures\/\"]}]},{\"@type\":\"ImageObject\",\"inLanguage\":\"en-US\",\"@id\":\"https:\/\/prawo.uwr.edu.pl\/en\/aio-administration-in-international-organizations-master-studies\/administrative-procedures\/#primaryimage\",\"url\":\"\",\"contentUrl\":\"\"},{\"@type\":\"BreadcrumbList\",\"@id\":\"https:\/\/prawo.uwr.edu.pl\/en\/aio-administration-in-international-organizations-master-studies\/administrative-procedures\/#breadcrumb\",\"itemListElement\":[{\"@type\":\"ListItem\",\"position\":1,\"name\":\"Strona g\u0142\u00f3wna\",\"item\":\"https:\/\/prawo.uwr.edu.pl\/en\/\"},{\"@type\":\"ListItem\",\"position\":2,\"name\":\"AIO: Administration in International Organizations (Master Studies)\",\"item\":\"https:\/\/prawo.uwr.edu.pl\/en\/aio-administration-in-international-organizations-master-studies\/\"},{\"@type\":\"ListItem\",\"position\":3,\"name\":\"Administrative Procedures\"}]},{\"@type\":\"WebSite\",\"@id\":\"https:\/\/prawo.uwr.edu.pl\/#website\",\"url\":\"https:\/\/prawo.uwr.edu.pl\/\",\"name\":\"Wydzia\u0142 Prawa, Administracji i Ekonomii\",\"description\":\"Kolejna witryna sieci \u201eUWR Witryny\u201d\",\"publisher\":{\"@id\":\"https:\/\/prawo.uwr.edu.pl\/#organization\"},\"potentialAction\":[{\"@type\":\"SearchAction\",\"target\":{\"@type\":\"EntryPoint\",\"urlTemplate\":\"https:\/\/prawo.uwr.edu.pl\/?s={search_term_string}\"},\"query-input\":{\"@type\":\"PropertyValueSpecification\",\"valueRequired\":true,\"valueName\":\"search_term_string\"}}],\"inLanguage\":\"en-US\"},{\"@type\":\"Organization\",\"@id\":\"https:\/\/prawo.uwr.edu.pl\/#organization\",\"name\":\"Wydzia\u0142 Prawa, Administracji i Ekonomii\",\"url\":\"https:\/\/prawo.uwr.edu.pl\/\",\"logo\":{\"@type\":\"ImageObject\",\"inLanguage\":\"en-US\",\"@id\":\"https:\/\/prawo.uwr.edu.pl\/#\/schema\/logo\/image\/\",\"url\":\"https:\/\/prawo.uwr.edu.pl\/wp-content\/uploads\/sites\/210\/2025\/10\/UWr-logotyp-2025.png\",\"contentUrl\":\"https:\/\/prawo.uwr.edu.pl\/wp-content\/uploads\/sites\/210\/2025\/10\/UWr-logotyp-2025.png\",\"width\":764,\"height\":269,\"caption\":\"Wydzia\u0142 Prawa, Administracji i Ekonomii\"},\"image\":{\"@id\":\"https:\/\/prawo.uwr.edu.pl\/#\/schema\/logo\/image\/\"}}]}<\/script>\n<!-- \/ Yoast SEO plugin. -->","yoast_head_json":{"title":"Administrative Procedures - Wydzia\u0142 Prawa, Administracji i Ekonomii","robots":{"index":"index","follow":"follow","max-snippet":"max-snippet:-1","max-image-preview":"max-image-preview:large","max-video-preview":"max-video-preview:-1"},"canonical":"https:\/\/prawo.uwr.edu.pl\/en\/aio-administration-in-international-organizations-master-studies\/administrative-procedures\/","og_locale":"en_US","og_type":"article","og_title":"Administrative Procedures - Wydzia\u0142 Prawa, Administracji i Ekonomii","og_description":"Program:&nbsp;Administration in International OrganizationsECTS:&nbsp;4Lecturer:&nbsp;dr Dominika Cendrowicz Type:&nbsp;CompulsoryLevel:&nbsp;AdvancedCourse information:http:\/\/uwr.e-sylabus.pl\/SL\/Reportsforms\/WydrukSylabusa\/WydrukSylabusa2.aspx?options=WYUNKzgsgFJI8AX90HQ2rg== LectureNumber of hours:&nbsp;2h X 8 weeks = 16 hours (1 semester) ClassesNumber of hours:&nbsp;2h X 7 weeks = 14 hours (1 semester) Objective:&nbsp;1. To provide students with the basic knowledge about public administration and administrative law.2. To provide students with the basic knowledge about administrative procedures.3. To [&hellip;]","og_url":"https:\/\/prawo.uwr.edu.pl\/en\/aio-administration-in-international-organizations-master-studies\/administrative-procedures\/","og_site_name":"Wydzia\u0142 Prawa, Administracji i Ekonomii","article_modified_time":"2022-12-29T07:36:11+00:00","twitter_card":"summary_large_image","twitter_misc":{"Est. reading time":"3 minutes"},"schema":{"@context":"https:\/\/schema.org","@graph":[{"@type":"WebPage","@id":"https:\/\/prawo.uwr.edu.pl\/en\/aio-administration-in-international-organizations-master-studies\/administrative-procedures\/","url":"https:\/\/prawo.uwr.edu.pl\/en\/aio-administration-in-international-organizations-master-studies\/administrative-procedures\/","name":"Administrative Procedures - Wydzia\u0142 Prawa, Administracji i Ekonomii","isPartOf":{"@id":"https:\/\/prawo.uwr.edu.pl\/#website"},"primaryImageOfPage":{"@id":"https:\/\/prawo.uwr.edu.pl\/en\/aio-administration-in-international-organizations-master-studies\/administrative-procedures\/#primaryimage"},"image":{"@id":"https:\/\/prawo.uwr.edu.pl\/en\/aio-administration-in-international-organizations-master-studies\/administrative-procedures\/#primaryimage"},"thumbnailUrl":"","datePublished":"2022-07-17T09:40:41+00:00","dateModified":"2022-12-29T07:36:11+00:00","breadcrumb":{"@id":"https:\/\/prawo.uwr.edu.pl\/en\/aio-administration-in-international-organizations-master-studies\/administrative-procedures\/#breadcrumb"},"inLanguage":"en-US","potentialAction":[{"@type":"ReadAction","target":["https:\/\/prawo.uwr.edu.pl\/en\/aio-administration-in-international-organizations-master-studies\/administrative-procedures\/"]}]},{"@type":"ImageObject","inLanguage":"en-US","@id":"https:\/\/prawo.uwr.edu.pl\/en\/aio-administration-in-international-organizations-master-studies\/administrative-procedures\/#primaryimage","url":"","contentUrl":""},{"@type":"BreadcrumbList","@id":"https:\/\/prawo.uwr.edu.pl\/en\/aio-administration-in-international-organizations-master-studies\/administrative-procedures\/#breadcrumb","itemListElement":[{"@type":"ListItem","position":1,"name":"Strona g\u0142\u00f3wna","item":"https:\/\/prawo.uwr.edu.pl\/en\/"},{"@type":"ListItem","position":2,"name":"AIO: Administration in International Organizations (Master Studies)","item":"https:\/\/prawo.uwr.edu.pl\/en\/aio-administration-in-international-organizations-master-studies\/"},{"@type":"ListItem","position":3,"name":"Administrative Procedures"}]},{"@type":"WebSite","@id":"https:\/\/prawo.uwr.edu.pl\/#website","url":"https:\/\/prawo.uwr.edu.pl\/","name":"Wydzia\u0142 Prawa, Administracji i Ekonomii","description":"Kolejna witryna sieci \u201eUWR Witryny\u201d","publisher":{"@id":"https:\/\/prawo.uwr.edu.pl\/#organization"},"potentialAction":[{"@type":"SearchAction","target":{"@type":"EntryPoint","urlTemplate":"https:\/\/prawo.uwr.edu.pl\/?s={search_term_string}"},"query-input":{"@type":"PropertyValueSpecification","valueRequired":true,"valueName":"search_term_string"}}],"inLanguage":"en-US"},{"@type":"Organization","@id":"https:\/\/prawo.uwr.edu.pl\/#organization","name":"Wydzia\u0142 Prawa, Administracji i Ekonomii","url":"https:\/\/prawo.uwr.edu.pl\/","logo":{"@type":"ImageObject","inLanguage":"en-US","@id":"https:\/\/prawo.uwr.edu.pl\/#\/schema\/logo\/image\/","url":"https:\/\/prawo.uwr.edu.pl\/wp-content\/uploads\/sites\/210\/2025\/10\/UWr-logotyp-2025.png","contentUrl":"https:\/\/prawo.uwr.edu.pl\/wp-content\/uploads\/sites\/210\/2025\/10\/UWr-logotyp-2025.png","width":764,"height":269,"caption":"Wydzia\u0142 Prawa, Administracji i Ekonomii"},"image":{"@id":"https:\/\/prawo.uwr.edu.pl\/#\/schema\/logo\/image\/"}}]}},"publishpress_future_action":{"enabled":false,"date":"2026-04-26 13:26:18","action":"change-status","newStatus":"draft","terms":[],"taxonomy":"category","extraData":[]},"publishpress_future_workflow_manual_trigger":{"enabledWorkflows":[]},"_links":{"self":[{"href":"https:\/\/prawo.uwr.edu.pl\/en\/wp-json\/wp\/v2\/pages\/37246\/"}],"collection":[{"href":"https:\/\/prawo.uwr.edu.pl\/en\/wp-json\/wp\/v2\/pages\/"}],"about":[{"href":"https:\/\/prawo.uwr.edu.pl\/en\/wp-json\/wp\/v2\/types\/page\/"}],"author":[{"embeddable":true,"href":"https:\/\/prawo.uwr.edu.pl\/en\/wp-json\/wp\/v2\/users\/20\/"}],"replies":[{"embeddable":true,"href":"https:\/\/prawo.uwr.edu.pl\/en\/wp-json\/wp\/v2\/comments\/?post=37246"}],"version-history":[{"count":2,"href":"https:\/\/prawo.uwr.edu.pl\/en\/wp-json\/wp\/v2\/pages\/37246\/revisions\/"}],"predecessor-version":[{"id":127506,"href":"https:\/\/prawo.uwr.edu.pl\/en\/wp-json\/wp\/v2\/pages\/37246\/revisions\/127506\/"}],"up":[{"embeddable":true,"href":"https:\/\/prawo.uwr.edu.pl\/en\/wp-json\/wp\/v2\/pages\/37240\/"}],"wp:featuredmedia":[{"embeddable":true,"href":"https:\/\/prawo.uwr.edu.pl\/en\/wp-json\/"}],"wp:attachment":[{"href":"https:\/\/prawo.uwr.edu.pl\/en\/wp-json\/wp\/v2\/media\/?parent=37246"}],"wp:term":[{"taxonomy":"category","embeddable":true,"href":"https:\/\/prawo.uwr.edu.pl\/en\/wp-json\/wp\/v2\/categories\/?post=37246"},{"taxonomy":"post_tag","embeddable":true,"href":"https:\/\/prawo.uwr.edu.pl\/en\/wp-json\/wp\/v2\/tags\/?post=37246"}],"curies":[{"name":"wp","href":"https:\/\/api.w.org\/{rel}","templated":true}]}}