{"id":39001,"date":"2022-07-18T11:50:16","date_gmt":"2022-07-18T09:50:16","guid":{"rendered":"https:\/\/prawo.uwr.edu.pl\/?page_id=39001"},"modified":"2022-12-30T08:27:59","modified_gmt":"2022-12-30T07:27:59","slug":"studia-w-jezyku-angielskim-programs-in-english","status":"publish","type":"page","link":"https:\/\/prawo.uwr.edu.pl\/en\/studia-w-jezyku-angielskim-programs-in-english\/","title":{"rendered":"Studia w j\u0119zyku angielskim\/ Programs in English"},"content":{"rendered":"\n<div class=\"wp-block-ugb-container ugb-container ugb-8dda971 ugb-container--v2 ugb-container--design-plain ugb-main-block\"><div class=\"ugb-inner-block\"><div class=\"ugb-block-content\"><div class=\"ugb-container__wrapper ugb-8dda971-wrapper\"><div class=\"ugb-container__side\"><div class=\"ugb-container__content-wrapper ugb-8dda971-content-wrapper\">\n<div class=\"wp-block-columns bs-news-page is-layout-flex wp-block-columns-is-layout-flex\">\n<div class=\"wp-block-column bs-kontakt-photo is-layout-flow wp-block-column-is-layout-flow\">\n<figure class=\"wp-block-image size-large\"><img decoding=\"async\" src=\"https:\/\/prawo.uwr.edu.pl\/wp-content\/uploads\/sites\/210\/2022\/07\/pexels-rodnae-productions-7841856-1024x683.jpg\" alt=\"napis LAW\" class=\"wp-image-38197\"\/><\/figure>\n<\/div>\n\n\n\n<div class=\"wp-block-column bs-contact-right-column is-layout-flow wp-block-column-is-layout-flow\">\n<div class=\"wp-block-bonasoft-modular-breadcrumbs-block\"><div class=\"bs_add_breadcrumb_trail\"><\/div><\/div>\n\n\n\n<hr class=\"wp-block-separator has-text-color has-background has-black-background-color has-black-color is-style-wide bs-border-kontakt\"\/>\n\n\n<h1 style=\"font-style:normal;font-weight:700;\" class=\"bs-naglowek-podstrony wp-block-post-title\">Studia w j\u0119zyku angielskim\/ Programs in English<\/h1>\n\n\n<p>Zapraszamy do zapoznania si\u0119 z ofert\u0105 dydaktyczn\u0105 atrakcyjnych kierunk\u00f3w studi\u00f3w przeprowadzanych w j\u0119zyku angielskim \/ We invite you to familiarize with the didactic offer of attractive study programs conducted in English.<\/p>\n\n\n\n<p><a rel=\"noreferrer noopener\" href=\"https:\/\/rekrutacja.uni.wroc.pl\/kierunek\/administration-in-international-organizations-administracja-w-organizacjach-miedzynarodowych-ii-stopnia-stacjonarne-w-j-angielskim\/\" target=\"_blank\"><strong>AIO<\/strong><br>Administration in International Organizations<\/a><\/p>\n\n\n\n<p><a href=\"https:\/\/rekrutacja.uni.wroc.pl\/kierunek\/ll-m-international-and-european-law-prawo-miedzynarodowe-i-europejskie-ii-stopnia-stacjonarne-w-j-angielskim\/\"><strong>LLM<\/strong><br>International and European Law<\/a><\/p>\n\n\n\n<p><a href=\"https:\/\/rekrutacja.uni.wroc.pl\/kierunek\/ekonomia-specjalnosc-master-managerial-economics-ii-stopnia-stacjonarne\" target=\"_blank\" rel=\"noreferrer noopener\"><strong>MME<\/strong><br>Master Managerial Economics<\/a><\/p>\n\n\n\n<p><a href=\"https:\/\/rekrutacja.uni.wroc.pl\/kierunek\/bachelor-of-business-and-administration-biznes-i-administracja-i-stopnia-stacjonarne-w-j-angielskim\/\" target=\"_blank\" rel=\"noreferrer noopener\"><strong>BBA<\/strong><br>Bachelor of Business and Administration<\/a><\/p>\n\n\n\n<p><a href=\"https:\/\/rekrutacja.uni.wroc.pl\/kierunek\/criminal-justice-studia-i-stopnia\/\" target=\"_blank\" rel=\"noreferrer noopener\"><strong>CRIMINAL JUSTICE<\/strong><br>Wi\u0119cej informacji<\/a><\/p>\n<\/div>\n<\/div>\n<\/div><\/div><\/div><\/div><\/div><\/div>\n","protected":false},"excerpt":{"rendered":"<p>Zapraszamy do zapoznania si\u0119 z ofert\u0105 dydaktyczn\u0105 atrakcyjnych kierunk\u00f3w studi\u00f3w przeprowadzanych w j\u0119zyku angielskim \/ We invite you to familiarize with the didactic offer of attractive study programs conducted in English. AIOAdministration in International Organizations LLMInternational and European Law MMEMaster Managerial Economics BBABachelor of Business and Administration CRIMINAL JUSTICEWi\u0119cej informacji<\/p>\n","protected":false},"author":20,"featured_media":38197,"parent":0,"menu_order":0,"comment_status":"closed","ping_status":"closed","template":"","meta":{"_acf_changed":false,"inline_featured_image":false,"site-sidebar-layout":"default","site-content-layout":"","ast-site-content-layout":"default","site-content-style":"default","site-sidebar-style":"default","ast-global-header-display":"","ast-banner-title-visibility":"","ast-main-header-display":"","ast-hfb-above-header-display":"","ast-hfb-below-header-display":"","ast-hfb-mobile-header-display":"","site-post-title":"","ast-breadcrumbs-content":"","ast-featured-img":"","footer-sml-layout":"","ast-disable-related-posts":"","theme-transparent-header-meta":"","adv-header-id-meta":"","stick-header-meta":"","header-above-stick-meta":"","header-main-stick-meta":"","header-below-stick-meta":"","astra-migrate-meta-layouts":"default","ast-page-background-enabled":"default","ast-page-background-meta":{"desktop":{"background-color":"","background-image":"","background-repeat":"repeat","background-position":"center center","background-size":"auto","background-attachment":"scroll","background-type":"","background-media":"","overlay-type":"","overlay-color":"","overlay-opacity":"","overlay-gradient":""},"tablet":{"background-color":"","background-image":"","background-repeat":"repeat","background-position":"center center","background-size":"auto","background-attachment":"scroll","background-type":"","background-media":"","overlay-type":"","overlay-color":"","overlay-opacity":"","overlay-gradient":""},"mobile":{"background-color":"","background-image":"","background-repeat":"repeat","background-position":"center center","background-size":"auto","background-attachment":"scroll","background-type":"","background-media":"","overlay-type":"","overlay-color":"","overlay-opacity":"","overlay-gradient":""}},"ast-content-background-meta":{"desktop":{"background-color":"var(--ast-global-color-5)","background-image":"","background-repeat":"repeat","background-position":"center center","background-size":"auto","background-attachment":"scroll","background-type":"","background-media":"","overlay-type":"","overlay-color":"","overlay-opacity":"","overlay-gradient":""},"tablet":{"background-color":"var(--ast-global-color-5)","background-image":"","background-repeat":"repeat","background-position":"center center","background-size":"auto","background-attachment":"scroll","background-type":"","background-media":"","overlay-type":"","overlay-color":"","overlay-opacity":"","overlay-gradient":""},"mobile":{"background-color":"var(--ast-global-color-5)","background-image":"","background-repeat":"repeat","background-position":"center center","background-size":"auto","background-attachment":"scroll","background-type":"","background-media":"","overlay-type":"","overlay-color":"","overlay-opacity":"","overlay-gradient":""}},"footnotes":""},"categories":[],"tags":[],"class_list":["post-39001","page","type-page","status-publish","has-post-thumbnail","hentry"],"featured_image_urls_v2":{"full":"","thumbnail":"","medium":"","medium_large":"","large":"","1536x1536":"","2048x2048":"","menu-24x24":"","menu-36x36":"","menu-48x48":""},"post_excerpt_stackable_v2":"<p>Studia w j\u0119zyku angielskim\/ Programs in English Zapraszamy do zapoznania si\u0119 z ofert\u0105 dydaktyczn\u0105 atrakcyjnych kierunk\u00f3w studi\u00f3w przeprowadzanych w j\u0119zyku angielskim \/ We invite you to familiarize with the didactic offer of attractive study programs conducted in English. AIOAdministration in International Organizations LLMInternational and European Law MMEMaster Managerial Economics BBABachelor of Business and Administration CRIMINAL JUSTICEWi\u0119cej informacji<\/p>\n","category_list_v2":"Uncategorized","author_info_v2":{"name":"mmatlinski","url":"https:\/\/prawo.uwr.edu.pl\/en\/author\/mmatlinski\/"},"comments_num_v2":"0 comments","acf":[],"yoast_head":"<!-- This site is optimized with the Yoast SEO plugin v27.1.1 - https:\/\/yoast.com\/product\/yoast-seo-wordpress\/ -->\n<title>Studia w j\u0119zyku angielskim\/ Programs in English - Wydzia\u0142 Prawa, Administracji i Ekonomii<\/title>\n<meta name=\"robots\" content=\"index, follow, max-snippet:-1, max-image-preview:large, max-video-preview:-1\" \/>\n<link rel=\"canonical\" href=\"https:\/\/prawo.uwr.edu.pl\/en\/studia-w-jezyku-angielskim-programs-in-english\/\" \/>\n<meta property=\"og:locale\" content=\"en_US\" \/>\n<meta property=\"og:type\" content=\"article\" \/>\n<meta property=\"og:title\" content=\"Studia w j\u0119zyku angielskim\/ Programs in English - Wydzia\u0142 Prawa, Administracji i Ekonomii\" \/>\n<meta property=\"og:description\" content=\"Zapraszamy do zapoznania si\u0119 z ofert\u0105 dydaktyczn\u0105 atrakcyjnych kierunk\u00f3w studi\u00f3w przeprowadzanych w j\u0119zyku angielskim \/ We invite you to familiarize with the didactic offer of attractive study programs conducted in English. AIOAdministration in International Organizations LLMInternational and European Law MMEMaster Managerial Economics BBABachelor of Business and Administration CRIMINAL JUSTICEWi\u0119cej informacji\" \/>\n<meta property=\"og:url\" content=\"https:\/\/prawo.uwr.edu.pl\/en\/studia-w-jezyku-angielskim-programs-in-english\/\" \/>\n<meta property=\"og:site_name\" content=\"Wydzia\u0142 Prawa, Administracji i Ekonomii\" \/>\n<meta property=\"article:modified_time\" content=\"2022-12-30T07:27:59+00:00\" \/>\n<meta name=\"twitter:card\" content=\"summary_large_image\" \/>\n<meta name=\"twitter:label1\" content=\"Est. reading time\" \/>\n\t<meta name=\"twitter:data1\" content=\"1 minute\" \/>\n<script type=\"application\/ld+json\" class=\"yoast-schema-graph\">{\"@context\":\"https:\/\/schema.org\",\"@graph\":[{\"@type\":\"WebPage\",\"@id\":\"https:\/\/prawo.uwr.edu.pl\/en\/studia-w-jezyku-angielskim-programs-in-english\/\",\"url\":\"https:\/\/prawo.uwr.edu.pl\/en\/studia-w-jezyku-angielskim-programs-in-english\/\",\"name\":\"Studia w j\u0119zyku angielskim\/ Programs in English - Wydzia\u0142 Prawa, Administracji i Ekonomii\",\"isPartOf\":{\"@id\":\"https:\/\/prawo.uwr.edu.pl\/#website\"},\"primaryImageOfPage\":{\"@id\":\"https:\/\/prawo.uwr.edu.pl\/en\/studia-w-jezyku-angielskim-programs-in-english\/#primaryimage\"},\"image\":{\"@id\":\"https:\/\/prawo.uwr.edu.pl\/en\/studia-w-jezyku-angielskim-programs-in-english\/#primaryimage\"},\"thumbnailUrl\":\"\",\"datePublished\":\"2022-07-18T09:50:16+00:00\",\"dateModified\":\"2022-12-30T07:27:59+00:00\",\"breadcrumb\":{\"@id\":\"https:\/\/prawo.uwr.edu.pl\/en\/studia-w-jezyku-angielskim-programs-in-english\/#breadcrumb\"},\"inLanguage\":\"en-US\",\"potentialAction\":[{\"@type\":\"ReadAction\",\"target\":[\"https:\/\/prawo.uwr.edu.pl\/en\/studia-w-jezyku-angielskim-programs-in-english\/\"]}]},{\"@type\":\"ImageObject\",\"inLanguage\":\"en-US\",\"@id\":\"https:\/\/prawo.uwr.edu.pl\/en\/studia-w-jezyku-angielskim-programs-in-english\/#primaryimage\",\"url\":\"\",\"contentUrl\":\"\"},{\"@type\":\"BreadcrumbList\",\"@id\":\"https:\/\/prawo.uwr.edu.pl\/en\/studia-w-jezyku-angielskim-programs-in-english\/#breadcrumb\",\"itemListElement\":[{\"@type\":\"ListItem\",\"position\":1,\"name\":\"Strona g\u0142\u00f3wna\",\"item\":\"https:\/\/prawo.uwr.edu.pl\/en\/\"},{\"@type\":\"ListItem\",\"position\":2,\"name\":\"Studia w j\u0119zyku angielskim\/ Programs in English\"}]},{\"@type\":\"WebSite\",\"@id\":\"https:\/\/prawo.uwr.edu.pl\/#website\",\"url\":\"https:\/\/prawo.uwr.edu.pl\/\",\"name\":\"Wydzia\u0142 Prawa, Administracji i Ekonomii\",\"description\":\"Kolejna witryna sieci \u201eUWR Witryny\u201d\",\"publisher\":{\"@id\":\"https:\/\/prawo.uwr.edu.pl\/#organization\"},\"potentialAction\":[{\"@type\":\"SearchAction\",\"target\":{\"@type\":\"EntryPoint\",\"urlTemplate\":\"https:\/\/prawo.uwr.edu.pl\/?s={search_term_string}\"},\"query-input\":{\"@type\":\"PropertyValueSpecification\",\"valueRequired\":true,\"valueName\":\"search_term_string\"}}],\"inLanguage\":\"en-US\"},{\"@type\":\"Organization\",\"@id\":\"https:\/\/prawo.uwr.edu.pl\/#organization\",\"name\":\"Wydzia\u0142 Prawa, Administracji i Ekonomii\",\"url\":\"https:\/\/prawo.uwr.edu.pl\/\",\"logo\":{\"@type\":\"ImageObject\",\"inLanguage\":\"en-US\",\"@id\":\"https:\/\/prawo.uwr.edu.pl\/#\/schema\/logo\/image\/\",\"url\":\"https:\/\/prawo.uwr.edu.pl\/wp-content\/uploads\/sites\/210\/2025\/10\/UWr-logotyp-2025.png\",\"contentUrl\":\"https:\/\/prawo.uwr.edu.pl\/wp-content\/uploads\/sites\/210\/2025\/10\/UWr-logotyp-2025.png\",\"width\":764,\"height\":269,\"caption\":\"Wydzia\u0142 Prawa, Administracji i Ekonomii\"},\"image\":{\"@id\":\"https:\/\/prawo.uwr.edu.pl\/#\/schema\/logo\/image\/\"}}]}<\/script>\n<!-- \/ Yoast SEO plugin. -->","yoast_head_json":{"title":"Studia w j\u0119zyku angielskim\/ Programs in English - Wydzia\u0142 Prawa, Administracji i Ekonomii","robots":{"index":"index","follow":"follow","max-snippet":"max-snippet:-1","max-image-preview":"max-image-preview:large","max-video-preview":"max-video-preview:-1"},"canonical":"https:\/\/prawo.uwr.edu.pl\/en\/studia-w-jezyku-angielskim-programs-in-english\/","og_locale":"en_US","og_type":"article","og_title":"Studia w j\u0119zyku angielskim\/ Programs in English - Wydzia\u0142 Prawa, Administracji i Ekonomii","og_description":"Zapraszamy do zapoznania si\u0119 z ofert\u0105 dydaktyczn\u0105 atrakcyjnych kierunk\u00f3w studi\u00f3w przeprowadzanych w j\u0119zyku angielskim \/ We invite you to familiarize with the didactic offer of attractive study programs conducted in English. AIOAdministration in International Organizations LLMInternational and European Law MMEMaster Managerial Economics BBABachelor of Business and Administration CRIMINAL JUSTICEWi\u0119cej informacji","og_url":"https:\/\/prawo.uwr.edu.pl\/en\/studia-w-jezyku-angielskim-programs-in-english\/","og_site_name":"Wydzia\u0142 Prawa, Administracji i Ekonomii","article_modified_time":"2022-12-30T07:27:59+00:00","twitter_card":"summary_large_image","twitter_misc":{"Est. reading time":"1 minute"},"schema":{"@context":"https:\/\/schema.org","@graph":[{"@type":"WebPage","@id":"https:\/\/prawo.uwr.edu.pl\/en\/studia-w-jezyku-angielskim-programs-in-english\/","url":"https:\/\/prawo.uwr.edu.pl\/en\/studia-w-jezyku-angielskim-programs-in-english\/","name":"Studia w j\u0119zyku angielskim\/ Programs in English - Wydzia\u0142 Prawa, Administracji i Ekonomii","isPartOf":{"@id":"https:\/\/prawo.uwr.edu.pl\/#website"},"primaryImageOfPage":{"@id":"https:\/\/prawo.uwr.edu.pl\/en\/studia-w-jezyku-angielskim-programs-in-english\/#primaryimage"},"image":{"@id":"https:\/\/prawo.uwr.edu.pl\/en\/studia-w-jezyku-angielskim-programs-in-english\/#primaryimage"},"thumbnailUrl":"","datePublished":"2022-07-18T09:50:16+00:00","dateModified":"2022-12-30T07:27:59+00:00","breadcrumb":{"@id":"https:\/\/prawo.uwr.edu.pl\/en\/studia-w-jezyku-angielskim-programs-in-english\/#breadcrumb"},"inLanguage":"en-US","potentialAction":[{"@type":"ReadAction","target":["https:\/\/prawo.uwr.edu.pl\/en\/studia-w-jezyku-angielskim-programs-in-english\/"]}]},{"@type":"ImageObject","inLanguage":"en-US","@id":"https:\/\/prawo.uwr.edu.pl\/en\/studia-w-jezyku-angielskim-programs-in-english\/#primaryimage","url":"","contentUrl":""},{"@type":"BreadcrumbList","@id":"https:\/\/prawo.uwr.edu.pl\/en\/studia-w-jezyku-angielskim-programs-in-english\/#breadcrumb","itemListElement":[{"@type":"ListItem","position":1,"name":"Strona g\u0142\u00f3wna","item":"https:\/\/prawo.uwr.edu.pl\/en\/"},{"@type":"ListItem","position":2,"name":"Studia w j\u0119zyku angielskim\/ Programs in English"}]},{"@type":"WebSite","@id":"https:\/\/prawo.uwr.edu.pl\/#website","url":"https:\/\/prawo.uwr.edu.pl\/","name":"Wydzia\u0142 Prawa, Administracji i Ekonomii","description":"Kolejna witryna sieci \u201eUWR Witryny\u201d","publisher":{"@id":"https:\/\/prawo.uwr.edu.pl\/#organization"},"potentialAction":[{"@type":"SearchAction","target":{"@type":"EntryPoint","urlTemplate":"https:\/\/prawo.uwr.edu.pl\/?s={search_term_string}"},"query-input":{"@type":"PropertyValueSpecification","valueRequired":true,"valueName":"search_term_string"}}],"inLanguage":"en-US"},{"@type":"Organization","@id":"https:\/\/prawo.uwr.edu.pl\/#organization","name":"Wydzia\u0142 Prawa, Administracji i Ekonomii","url":"https:\/\/prawo.uwr.edu.pl\/","logo":{"@type":"ImageObject","inLanguage":"en-US","@id":"https:\/\/prawo.uwr.edu.pl\/#\/schema\/logo\/image\/","url":"https:\/\/prawo.uwr.edu.pl\/wp-content\/uploads\/sites\/210\/2025\/10\/UWr-logotyp-2025.png","contentUrl":"https:\/\/prawo.uwr.edu.pl\/wp-content\/uploads\/sites\/210\/2025\/10\/UWr-logotyp-2025.png","width":764,"height":269,"caption":"Wydzia\u0142 Prawa, Administracji i Ekonomii"},"image":{"@id":"https:\/\/prawo.uwr.edu.pl\/#\/schema\/logo\/image\/"}}]}},"publishpress_future_action":{"enabled":false,"date":"2026-04-26 11:40:49","action":"change-status","newStatus":"draft","terms":[],"taxonomy":"category","extraData":[]},"publishpress_future_workflow_manual_trigger":{"enabledWorkflows":[]},"_links":{"self":[{"href":"https:\/\/prawo.uwr.edu.pl\/en\/wp-json\/wp\/v2\/pages\/39001\/"}],"collection":[{"href":"https:\/\/prawo.uwr.edu.pl\/en\/wp-json\/wp\/v2\/pages\/"}],"about":[{"href":"https:\/\/prawo.uwr.edu.pl\/en\/wp-json\/wp\/v2\/types\/page\/"}],"author":[{"embeddable":true,"href":"https:\/\/prawo.uwr.edu.pl\/en\/wp-json\/wp\/v2\/users\/20\/"}],"replies":[{"embeddable":true,"href":"https:\/\/prawo.uwr.edu.pl\/en\/wp-json\/wp\/v2\/comments\/?post=39001"}],"version-history":[{"count":1,"href":"https:\/\/prawo.uwr.edu.pl\/en\/wp-json\/wp\/v2\/pages\/39001\/revisions\/"}],"predecessor-version":[{"id":128871,"href":"https:\/\/prawo.uwr.edu.pl\/en\/wp-json\/wp\/v2\/pages\/39001\/revisions\/128871\/"}],"wp:featuredmedia":[{"embeddable":true,"href":"https:\/\/prawo.uwr.edu.pl\/en\/wp-json\/"}],"wp:attachment":[{"href":"https:\/\/prawo.uwr.edu.pl\/en\/wp-json\/wp\/v2\/media\/?parent=39001"}],"wp:term":[{"taxonomy":"category","embeddable":true,"href":"https:\/\/prawo.uwr.edu.pl\/en\/wp-json\/wp\/v2\/categories\/?post=39001"},{"taxonomy":"post_tag","embeddable":true,"href":"https:\/\/prawo.uwr.edu.pl\/en\/wp-json\/wp\/v2\/tags\/?post=39001"}],"curies":[{"name":"wp","href":"https:\/\/api.w.org\/{rel}","templated":true}]}}