{"id":46402,"date":"2022-07-21T12:01:21","date_gmt":"2022-07-21T10:01:21","guid":{"rendered":"https:\/\/prawo.uwr.edu.pl\/?page_id=46402"},"modified":"2022-12-29T11:26:26","modified_gmt":"2022-12-29T10:26:26","slug":"financial-instruments","status":"publish","type":"page","link":"https:\/\/prawo.uwr.edu.pl\/en\/bba-bachelor-of-business-and-administration\/financial-instruments\/","title":{"rendered":"Financial Instruments"},"content":{"rendered":"\n<div class=\"wp-block-ugb-container ugb-container ugb-8dda971 ugb-container--v2 ugb-container--design-plain ugb-main-block\"><div class=\"ugb-inner-block\"><div class=\"ugb-block-content\"><div class=\"ugb-container__wrapper ugb-8dda971-wrapper\"><div class=\"ugb-container__side\"><div class=\"ugb-container__content-wrapper ugb-8dda971-content-wrapper\">\n<div class=\"wp-block-columns bs-news-page is-layout-flex wp-block-columns-is-layout-flex\">\n<div class=\"wp-block-column bs-kontakt-photo is-layout-flow wp-block-column-is-layout-flow\">\n<figure class=\"wp-block-image size-large\"><img decoding=\"async\" src=\"https:\/\/prawo.uwr.edu.pl\/wp-content\/uploads\/sites\/210\/2022\/07\/pexels-sora-shimazaki-5669619-683x1024.jpg\" alt=\"M\u0142otek s\u0119dziowski\" class=\"wp-image-41986\"\/><\/figure>\n<\/div>\n\n\n\n<div class=\"wp-block-column bs-contact-right-column is-layout-flow wp-block-column-is-layout-flow\">\n<div class=\"wp-block-bonasoft-modular-breadcrumbs-block\"><div class=\"bs_add_breadcrumb_trail\"><\/div><\/div>\n\n\n\n<hr class=\"wp-block-separator has-text-color has-background has-black-background-color has-black-color is-style-wide bs-border-kontakt\"\/>\n\n\n<h1 style=\"font-style:normal;font-weight:700;\" class=\"bs-naglowek-podstrony wp-block-post-title\">Financial Instruments<\/h1>\n\n\n<p><strong>Program:<\/strong>&nbsp;&nbsp;<a href=\"https:\/\/prawo.uwr.edu.pl\/en\/bba-bachelor-of-business-and-administration\/\">Bachelor of Business and Administration (Specialisations: Business, Finance, Governance)<\/a><br><strong>ECTS:<\/strong>&nbsp;&nbsp;3<br><strong>Lecturer:<\/strong>&nbsp;&nbsp;Witold Srokosz<br><strong>Email:<\/strong>&nbsp;&nbsp;<a href=\"mailto:witold.srokosz@uwr.edu.pl\">witold.srokosz@uwr.edu.pl<\/a><\/p>\n\n\n\n<p><strong>Type:&nbsp;<\/strong>&nbsp;Optional<br><strong>Level:<\/strong>&nbsp;&nbsp;Elementary<\/p>\n\n\n\n<p><strong>Lecture<\/strong><br><strong>Number of hours:<\/strong>&nbsp;&nbsp;2h X 6 weeks = 12 hours (1 semester)<\/p>\n\n\n\n<p><strong>Classes<\/strong><br><strong>Number of hours:<\/strong>&nbsp;&nbsp;2h X 4 weeks = 8 hours (1 semester)<\/p>\n<\/div>\n<\/div>\n\n\n\n<div class=\"wp-block-ugb-container ugb-container bs-news-page-under ugb-f8694ce ugb-container--v2 ugb-container--design-plain ugb-main-block\"><div class=\"ugb-inner-block\"><div class=\"ugb-block-content\"><div class=\"ugb-container__wrapper ugb-f8694ce-wrapper\"><div class=\"ugb-container__side\"><div class=\"ugb-container__content-wrapper ugb-f8694ce-content-wrapper\">\n<p><strong>Biography of the Professor<\/strong><br>Professor in the Department of Financial Law. A legal counsel in Wroclaw. He specializes in financial market law and bank law. Author of over a hundred publications about Polish and EU financial market law and banking law (including monographs \u201cBanking operations reserved for banks\u201d, Bydgoszcz \u2013 Wroc\u0142aw 2003, \u201cNon-banks in Poland\u201d, Warsaw 2011; \u201cCryptocurrencies as electronic means of payment without the issuer. Computer science, economic, and legal aspects\u201d, Wroc\u0142aw 2016 (co-authors S. Bala, T. Kopy\u015bcie\u0144ski), articles in journals, chapters in monographs, and over sixty problematic comments in \u201cLex for banks \u201c). Member of the Editorial Board of the \u201cBanking Law Monitor\u201d (\u201cMonitor Prawa Bankowego\u201d).<\/p>\n\n\n\n<p><strong>Requirements for passing a course<\/strong><br>Final papers on given topics (50%) and personal activity during classes (50 %).<\/p>\n\n\n\n<p>Topics of final papers:<\/p>\n\n\n\n<p>1. Structure of the capital market<br>2. Functioning of the capital market<br>3. Structure of the money market<br>4. Types of financial instruments<br>5. Using financial instruments<br>6. Debt securities<br>7. Derivatives<br>8. Types of swaps<br>9. Options<br>10. Regulation of swaps<br>11. Stocks<br>12. Securities regulation<br>13. Tokens as financial instruments<br>14. Hedge Funds<\/p>\n\n\n\n<p><strong>Sources<\/strong><br>1. A. N. Rechtschaffen, Capital Markets, Derivatives and the Law. Evolution After Crisis, Oxford 2014,<br>2. N. Moloney, E. Ferran, and J. Payne, The Oxford Handbook of Financial Regulation, Oxford 2017<br>3. Lastra R. M., International Financial and Monetary Law, Oxford 2015<\/p>\n<\/div><\/div><\/div><\/div><\/div><\/div>\n<\/div><\/div><\/div><\/div><\/div><\/div>\n","protected":false},"excerpt":{"rendered":"<p>Program:&nbsp;&nbsp;Bachelor of Business and Administration (Specialisations: Business, Finance, Governance)ECTS:&nbsp;&nbsp;3Lecturer:&nbsp;&nbsp;Witold SrokoszEmail:&nbsp;&nbsp;witold.srokosz@uwr.edu.pl Type:&nbsp;&nbsp;OptionalLevel:&nbsp;&nbsp;Elementary LectureNumber of hours:&nbsp;&nbsp;2h X 6 weeks = 12 hours (1 semester) ClassesNumber of hours:&nbsp;&nbsp;2h X 4 weeks = 8 hours (1 semester) Biography of the ProfessorProfessor in the Department of Financial Law. A legal counsel in Wroclaw. He specializes in financial market law and [&hellip;]<\/p>\n","protected":false},"author":20,"featured_media":41986,"parent":40462,"menu_order":0,"comment_status":"closed","ping_status":"closed","template":"","meta":{"_acf_changed":false,"inline_featured_image":false,"site-sidebar-layout":"default","site-content-layout":"","ast-site-content-layout":"default","site-content-style":"default","site-sidebar-style":"default","ast-global-header-display":"","ast-banner-title-visibility":"","ast-main-header-display":"","ast-hfb-above-header-display":"","ast-hfb-below-header-display":"","ast-hfb-mobile-header-display":"","site-post-title":"","ast-breadcrumbs-content":"","ast-featured-img":"","footer-sml-layout":"","ast-disable-related-posts":"","theme-transparent-header-meta":"","adv-header-id-meta":"","stick-header-meta":"","header-above-stick-meta":"","header-main-stick-meta":"","header-below-stick-meta":"","astra-migrate-meta-layouts":"default","ast-page-background-enabled":"default","ast-page-background-meta":{"desktop":{"background-color":"","background-image":"","background-repeat":"repeat","background-position":"center center","background-size":"auto","background-attachment":"scroll","background-type":"","background-media":"","overlay-type":"","overlay-color":"","overlay-opacity":"","overlay-gradient":""},"tablet":{"background-color":"","background-image":"","background-repeat":"repeat","background-position":"center center","background-size":"auto","background-attachment":"scroll","background-type":"","background-media":"","overlay-type":"","overlay-color":"","overlay-opacity":"","overlay-gradient":""},"mobile":{"background-color":"","background-image":"","background-repeat":"repeat","background-position":"center center","background-size":"auto","background-attachment":"scroll","background-type":"","background-media":"","overlay-type":"","overlay-color":"","overlay-opacity":"","overlay-gradient":""}},"ast-content-background-meta":{"desktop":{"background-color":"var(--ast-global-color-5)","background-image":"","background-repeat":"repeat","background-position":"center center","background-size":"auto","background-attachment":"scroll","background-type":"","background-media":"","overlay-type":"","overlay-color":"","overlay-opacity":"","overlay-gradient":""},"tablet":{"background-color":"var(--ast-global-color-5)","background-image":"","background-repeat":"repeat","background-position":"center center","background-size":"auto","background-attachment":"scroll","background-type":"","background-media":"","overlay-type":"","overlay-color":"","overlay-opacity":"","overlay-gradient":""},"mobile":{"background-color":"var(--ast-global-color-5)","background-image":"","background-repeat":"repeat","background-position":"center center","background-size":"auto","background-attachment":"scroll","background-type":"","background-media":"","overlay-type":"","overlay-color":"","overlay-opacity":"","overlay-gradient":""}},"footnotes":""},"categories":[],"tags":[],"class_list":["post-46402","page","type-page","status-publish","has-post-thumbnail","hentry"],"featured_image_urls_v2":{"full":"","thumbnail":"","medium":"","medium_large":"","large":"","1536x1536":"","2048x2048":"","menu-24x24":"","menu-36x36":"","menu-48x48":""},"post_excerpt_stackable_v2":"<p>Financial Instruments Program:&nbsp;&nbsp;Bachelor of Business and Administration (Specialisations: Business, Finance, Governance)ECTS:&nbsp;&nbsp;3Lecturer:&nbsp;&nbsp;Witold SrokoszEmail:&nbsp;&nbsp;witold.srokosz@uwr.edu.pl Type:&nbsp;&nbsp;OptionalLevel:&nbsp;&nbsp;Elementary LectureNumber of hours:&nbsp;&nbsp;2h X 6 weeks = 12 hours (1 semester) ClassesNumber of hours:&nbsp;&nbsp;2h X 4 weeks = 8 hours (1 semester) Biography of the ProfessorProfessor in the Department of Financial Law. A legal counsel in Wroclaw. He specializes in financial market law and bank law. Author of over a hundred publications about Polish and EU financial market law and banking law (including monographs \u201cBanking operations reserved for banks\u201d, Bydgoszcz \u2013 Wroc\u0142aw 2003, \u201cNon-banks in Poland\u201d, Warsaw 2011; \u201cCryptocurrencies as electronic means of payment without the issuer.&hellip;<\/p>\n","category_list_v2":"Uncategorized","author_info_v2":{"name":"mmatlinski","url":"https:\/\/prawo.uwr.edu.pl\/en\/author\/mmatlinski\/"},"comments_num_v2":"0 comments","acf":[],"yoast_head":"<!-- This site is optimized with the Yoast SEO plugin v27.1.1 - https:\/\/yoast.com\/product\/yoast-seo-wordpress\/ -->\n<title>Financial Instruments - Wydzia\u0142 Prawa, Administracji i Ekonomii<\/title>\n<meta name=\"robots\" content=\"index, follow, max-snippet:-1, max-image-preview:large, max-video-preview:-1\" \/>\n<link rel=\"canonical\" href=\"https:\/\/prawo.uwr.edu.pl\/en\/bba-bachelor-of-business-and-administration\/financial-instruments\/\" \/>\n<meta property=\"og:locale\" content=\"en_US\" \/>\n<meta property=\"og:type\" content=\"article\" \/>\n<meta property=\"og:title\" content=\"Financial Instruments - Wydzia\u0142 Prawa, Administracji i Ekonomii\" \/>\n<meta property=\"og:description\" content=\"Program:&nbsp;&nbsp;Bachelor of Business and Administration (Specialisations: Business, Finance, Governance)ECTS:&nbsp;&nbsp;3Lecturer:&nbsp;&nbsp;Witold SrokoszEmail:&nbsp;&nbsp;witold.srokosz@uwr.edu.pl Type:&nbsp;&nbsp;OptionalLevel:&nbsp;&nbsp;Elementary LectureNumber of hours:&nbsp;&nbsp;2h X 6 weeks = 12 hours (1 semester) ClassesNumber of hours:&nbsp;&nbsp;2h X 4 weeks = 8 hours (1 semester) Biography of the ProfessorProfessor in the Department of Financial Law. A legal counsel in Wroclaw. He specializes in financial market law and [&hellip;]\" \/>\n<meta property=\"og:url\" content=\"https:\/\/prawo.uwr.edu.pl\/en\/bba-bachelor-of-business-and-administration\/financial-instruments\/\" \/>\n<meta property=\"og:site_name\" content=\"Wydzia\u0142 Prawa, Administracji i Ekonomii\" \/>\n<meta property=\"article:modified_time\" content=\"2022-12-29T10:26:26+00:00\" \/>\n<meta name=\"twitter:card\" content=\"summary_large_image\" \/>\n<meta name=\"twitter:label1\" content=\"Est. reading time\" \/>\n\t<meta name=\"twitter:data1\" content=\"2 minutes\" \/>\n<script type=\"application\/ld+json\" class=\"yoast-schema-graph\">{\"@context\":\"https:\/\/schema.org\",\"@graph\":[{\"@type\":\"WebPage\",\"@id\":\"https:\/\/prawo.uwr.edu.pl\/en\/bba-bachelor-of-business-and-administration\/financial-instruments\/\",\"url\":\"https:\/\/prawo.uwr.edu.pl\/en\/bba-bachelor-of-business-and-administration\/financial-instruments\/\",\"name\":\"Financial Instruments - Wydzia\u0142 Prawa, Administracji i Ekonomii\",\"isPartOf\":{\"@id\":\"https:\/\/prawo.uwr.edu.pl\/#website\"},\"primaryImageOfPage\":{\"@id\":\"https:\/\/prawo.uwr.edu.pl\/en\/bba-bachelor-of-business-and-administration\/financial-instruments\/#primaryimage\"},\"image\":{\"@id\":\"https:\/\/prawo.uwr.edu.pl\/en\/bba-bachelor-of-business-and-administration\/financial-instruments\/#primaryimage\"},\"thumbnailUrl\":\"\",\"datePublished\":\"2022-07-21T10:01:21+00:00\",\"dateModified\":\"2022-12-29T10:26:26+00:00\",\"breadcrumb\":{\"@id\":\"https:\/\/prawo.uwr.edu.pl\/en\/bba-bachelor-of-business-and-administration\/financial-instruments\/#breadcrumb\"},\"inLanguage\":\"en-US\",\"potentialAction\":[{\"@type\":\"ReadAction\",\"target\":[\"https:\/\/prawo.uwr.edu.pl\/en\/bba-bachelor-of-business-and-administration\/financial-instruments\/\"]}]},{\"@type\":\"ImageObject\",\"inLanguage\":\"en-US\",\"@id\":\"https:\/\/prawo.uwr.edu.pl\/en\/bba-bachelor-of-business-and-administration\/financial-instruments\/#primaryimage\",\"url\":\"\",\"contentUrl\":\"\"},{\"@type\":\"BreadcrumbList\",\"@id\":\"https:\/\/prawo.uwr.edu.pl\/en\/bba-bachelor-of-business-and-administration\/financial-instruments\/#breadcrumb\",\"itemListElement\":[{\"@type\":\"ListItem\",\"position\":1,\"name\":\"Strona g\u0142\u00f3wna\",\"item\":\"https:\/\/prawo.uwr.edu.pl\/en\/\"},{\"@type\":\"ListItem\",\"position\":2,\"name\":\"BBA: Bachelor of Business and Administration\",\"item\":\"https:\/\/prawo.uwr.edu.pl\/en\/bba-bachelor-of-business-and-administration\/\"},{\"@type\":\"ListItem\",\"position\":3,\"name\":\"Financial Instruments\"}]},{\"@type\":\"WebSite\",\"@id\":\"https:\/\/prawo.uwr.edu.pl\/#website\",\"url\":\"https:\/\/prawo.uwr.edu.pl\/\",\"name\":\"Wydzia\u0142 Prawa, Administracji i Ekonomii\",\"description\":\"Kolejna witryna sieci \u201eUWR Witryny\u201d\",\"publisher\":{\"@id\":\"https:\/\/prawo.uwr.edu.pl\/#organization\"},\"potentialAction\":[{\"@type\":\"SearchAction\",\"target\":{\"@type\":\"EntryPoint\",\"urlTemplate\":\"https:\/\/prawo.uwr.edu.pl\/?s={search_term_string}\"},\"query-input\":{\"@type\":\"PropertyValueSpecification\",\"valueRequired\":true,\"valueName\":\"search_term_string\"}}],\"inLanguage\":\"en-US\"},{\"@type\":\"Organization\",\"@id\":\"https:\/\/prawo.uwr.edu.pl\/#organization\",\"name\":\"Wydzia\u0142 Prawa, Administracji i Ekonomii\",\"url\":\"https:\/\/prawo.uwr.edu.pl\/\",\"logo\":{\"@type\":\"ImageObject\",\"inLanguage\":\"en-US\",\"@id\":\"https:\/\/prawo.uwr.edu.pl\/#\/schema\/logo\/image\/\",\"url\":\"https:\/\/prawo.uwr.edu.pl\/wp-content\/uploads\/sites\/210\/2025\/10\/UWr-logotyp-2025.png\",\"contentUrl\":\"https:\/\/prawo.uwr.edu.pl\/wp-content\/uploads\/sites\/210\/2025\/10\/UWr-logotyp-2025.png\",\"width\":764,\"height\":269,\"caption\":\"Wydzia\u0142 Prawa, Administracji i Ekonomii\"},\"image\":{\"@id\":\"https:\/\/prawo.uwr.edu.pl\/#\/schema\/logo\/image\/\"}}]}<\/script>\n<!-- \/ Yoast SEO plugin. -->","yoast_head_json":{"title":"Financial Instruments - Wydzia\u0142 Prawa, Administracji i Ekonomii","robots":{"index":"index","follow":"follow","max-snippet":"max-snippet:-1","max-image-preview":"max-image-preview:large","max-video-preview":"max-video-preview:-1"},"canonical":"https:\/\/prawo.uwr.edu.pl\/en\/bba-bachelor-of-business-and-administration\/financial-instruments\/","og_locale":"en_US","og_type":"article","og_title":"Financial Instruments - Wydzia\u0142 Prawa, Administracji i Ekonomii","og_description":"Program:&nbsp;&nbsp;Bachelor of Business and Administration (Specialisations: Business, Finance, Governance)ECTS:&nbsp;&nbsp;3Lecturer:&nbsp;&nbsp;Witold SrokoszEmail:&nbsp;&nbsp;witold.srokosz@uwr.edu.pl Type:&nbsp;&nbsp;OptionalLevel:&nbsp;&nbsp;Elementary LectureNumber of hours:&nbsp;&nbsp;2h X 6 weeks = 12 hours (1 semester) ClassesNumber of hours:&nbsp;&nbsp;2h X 4 weeks = 8 hours (1 semester) Biography of the ProfessorProfessor in the Department of Financial Law. A legal counsel in Wroclaw. He specializes in financial market law and [&hellip;]","og_url":"https:\/\/prawo.uwr.edu.pl\/en\/bba-bachelor-of-business-and-administration\/financial-instruments\/","og_site_name":"Wydzia\u0142 Prawa, Administracji i Ekonomii","article_modified_time":"2022-12-29T10:26:26+00:00","twitter_card":"summary_large_image","twitter_misc":{"Est. reading time":"2 minutes"},"schema":{"@context":"https:\/\/schema.org","@graph":[{"@type":"WebPage","@id":"https:\/\/prawo.uwr.edu.pl\/en\/bba-bachelor-of-business-and-administration\/financial-instruments\/","url":"https:\/\/prawo.uwr.edu.pl\/en\/bba-bachelor-of-business-and-administration\/financial-instruments\/","name":"Financial Instruments - Wydzia\u0142 Prawa, Administracji i Ekonomii","isPartOf":{"@id":"https:\/\/prawo.uwr.edu.pl\/#website"},"primaryImageOfPage":{"@id":"https:\/\/prawo.uwr.edu.pl\/en\/bba-bachelor-of-business-and-administration\/financial-instruments\/#primaryimage"},"image":{"@id":"https:\/\/prawo.uwr.edu.pl\/en\/bba-bachelor-of-business-and-administration\/financial-instruments\/#primaryimage"},"thumbnailUrl":"","datePublished":"2022-07-21T10:01:21+00:00","dateModified":"2022-12-29T10:26:26+00:00","breadcrumb":{"@id":"https:\/\/prawo.uwr.edu.pl\/en\/bba-bachelor-of-business-and-administration\/financial-instruments\/#breadcrumb"},"inLanguage":"en-US","potentialAction":[{"@type":"ReadAction","target":["https:\/\/prawo.uwr.edu.pl\/en\/bba-bachelor-of-business-and-administration\/financial-instruments\/"]}]},{"@type":"ImageObject","inLanguage":"en-US","@id":"https:\/\/prawo.uwr.edu.pl\/en\/bba-bachelor-of-business-and-administration\/financial-instruments\/#primaryimage","url":"","contentUrl":""},{"@type":"BreadcrumbList","@id":"https:\/\/prawo.uwr.edu.pl\/en\/bba-bachelor-of-business-and-administration\/financial-instruments\/#breadcrumb","itemListElement":[{"@type":"ListItem","position":1,"name":"Strona g\u0142\u00f3wna","item":"https:\/\/prawo.uwr.edu.pl\/en\/"},{"@type":"ListItem","position":2,"name":"BBA: Bachelor of Business and Administration","item":"https:\/\/prawo.uwr.edu.pl\/en\/bba-bachelor-of-business-and-administration\/"},{"@type":"ListItem","position":3,"name":"Financial Instruments"}]},{"@type":"WebSite","@id":"https:\/\/prawo.uwr.edu.pl\/#website","url":"https:\/\/prawo.uwr.edu.pl\/","name":"Wydzia\u0142 Prawa, Administracji i Ekonomii","description":"Kolejna witryna sieci \u201eUWR Witryny\u201d","publisher":{"@id":"https:\/\/prawo.uwr.edu.pl\/#organization"},"potentialAction":[{"@type":"SearchAction","target":{"@type":"EntryPoint","urlTemplate":"https:\/\/prawo.uwr.edu.pl\/?s={search_term_string}"},"query-input":{"@type":"PropertyValueSpecification","valueRequired":true,"valueName":"search_term_string"}}],"inLanguage":"en-US"},{"@type":"Organization","@id":"https:\/\/prawo.uwr.edu.pl\/#organization","name":"Wydzia\u0142 Prawa, Administracji i Ekonomii","url":"https:\/\/prawo.uwr.edu.pl\/","logo":{"@type":"ImageObject","inLanguage":"en-US","@id":"https:\/\/prawo.uwr.edu.pl\/#\/schema\/logo\/image\/","url":"https:\/\/prawo.uwr.edu.pl\/wp-content\/uploads\/sites\/210\/2025\/10\/UWr-logotyp-2025.png","contentUrl":"https:\/\/prawo.uwr.edu.pl\/wp-content\/uploads\/sites\/210\/2025\/10\/UWr-logotyp-2025.png","width":764,"height":269,"caption":"Wydzia\u0142 Prawa, Administracji i Ekonomii"},"image":{"@id":"https:\/\/prawo.uwr.edu.pl\/#\/schema\/logo\/image\/"}}]}},"publishpress_future_action":{"enabled":false,"date":"2026-04-26 12:41:17","action":"change-status","newStatus":"draft","terms":[],"taxonomy":"category","extraData":[]},"publishpress_future_workflow_manual_trigger":{"enabledWorkflows":[]},"_links":{"self":[{"href":"https:\/\/prawo.uwr.edu.pl\/en\/wp-json\/wp\/v2\/pages\/46402\/"}],"collection":[{"href":"https:\/\/prawo.uwr.edu.pl\/en\/wp-json\/wp\/v2\/pages\/"}],"about":[{"href":"https:\/\/prawo.uwr.edu.pl\/en\/wp-json\/wp\/v2\/types\/page\/"}],"author":[{"embeddable":true,"href":"https:\/\/prawo.uwr.edu.pl\/en\/wp-json\/wp\/v2\/users\/20\/"}],"replies":[{"embeddable":true,"href":"https:\/\/prawo.uwr.edu.pl\/en\/wp-json\/wp\/v2\/comments\/?post=46402"}],"version-history":[{"count":1,"href":"https:\/\/prawo.uwr.edu.pl\/en\/wp-json\/wp\/v2\/pages\/46402\/revisions\/"}],"predecessor-version":[{"id":127941,"href":"https:\/\/prawo.uwr.edu.pl\/en\/wp-json\/wp\/v2\/pages\/46402\/revisions\/127941\/"}],"up":[{"embeddable":true,"href":"https:\/\/prawo.uwr.edu.pl\/en\/wp-json\/wp\/v2\/pages\/40462\/"}],"wp:featuredmedia":[{"embeddable":true,"href":"https:\/\/prawo.uwr.edu.pl\/en\/wp-json\/"}],"wp:attachment":[{"href":"https:\/\/prawo.uwr.edu.pl\/en\/wp-json\/wp\/v2\/media\/?parent=46402"}],"wp:term":[{"taxonomy":"category","embeddable":true,"href":"https:\/\/prawo.uwr.edu.pl\/en\/wp-json\/wp\/v2\/categories\/?post=46402"},{"taxonomy":"post_tag","embeddable":true,"href":"https:\/\/prawo.uwr.edu.pl\/en\/wp-json\/wp\/v2\/tags\/?post=46402"}],"curies":[{"name":"wp","href":"https:\/\/api.w.org\/{rel}","templated":true}]}}