{"id":55186,"date":"2022-07-26T16:20:35","date_gmt":"2022-07-26T14:20:35","guid":{"rendered":"https:\/\/prawo.uwr.edu.pl\/?page_id=55186"},"modified":"2022-07-26T16:20:35","modified_gmt":"2022-07-26T14:20:35","slug":"private-international-law","status":"publish","type":"page","link":"https:\/\/prawo.uwr.edu.pl\/en\/private-international-law\/","title":{"rendered":"Private International Law"},"content":{"rendered":"\n<div class=\"wp-block-ugb-container ugb-container ugb-8dda971 ugb-container--v2 ugb-container--design-plain ugb-main-block\"><div class=\"ugb-inner-block\"><div class=\"ugb-block-content\"><div class=\"ugb-container__wrapper ugb-8dda971-wrapper\"><div class=\"ugb-container__side\"><div class=\"ugb-container__content-wrapper ugb-8dda971-content-wrapper\">\n<div class=\"wp-block-columns bs-news-page is-layout-flex wp-block-columns-is-layout-flex\">\n<div class=\"wp-block-column bs-kontakt-photo is-layout-flow wp-block-column-is-layout-flow\">\n<figure class=\"wp-block-image size-large\"><img decoding=\"async\" src=\"https:\/\/prawo.uwr.edu.pl\/wp-content\/uploads\/sites\/210\/2021\/12\/pexels-ekaterina-bolovtsova-6077447-1024x683.jpg\" alt=\"M\u0142otek s\u0119dziowski, na drugim planie s\u0119dzia podpisuj\u0105ca dokumenty\" class=\"wp-image-42742\" \/><\/figure>\n<\/div>\n\n\n\n<div class=\"wp-block-column bs-contact-right-column is-layout-flow wp-block-column-is-layout-flow\">\n<div class=\"wp-block-bonasoft-modular-breadcrumbs-block\"><div class=\"bs_add_breadcrumb_trail\"><\/div><\/div>\n\n\n\n<hr class=\"wp-block-separator has-text-color has-background has-black-background-color has-black-color is-style-wide bs-border-kontakt\" \/>\n\n\n<h1 style=\"font-style:normal;font-weight:700;\" class=\"bs-naglowek-podstrony wp-block-post-title\">Private International Law<\/h1>\n\n\n<p><strong>Program: <\/strong><a href=\"https:\/\/prawo.uwr.edu.pl\/en\/bba-bachelor-of-business-and-administration-2\/\">Bachelor of Business and Administration (Specialisations: Business, Finance, Governance)<\/a><br><strong>ECTS:<\/strong> 3<br><strong>Lecturer: <\/strong>Dr. Piotr Rodziewicz<br><strong>Email: <\/strong><a href=\"mailto:piotr.rodziewicz@uwr.edu.pl\">piotr.rodziewicz@uwr.edu.pl<\/a><\/p>\n\n\n\n<p><strong>Type:<\/strong> Optional<br><strong>Level:<\/strong> Elementary<\/p>\n\n\n\n<p><strong>Lecture<\/strong><br><strong>Number of hours: <\/strong>2h X 6 weeks = 12 hours (1 semester)<\/p>\n\n\n\n<p><strong>Classes<\/strong><br><strong>Number of hours:<\/strong> 2h X 4 weeks = 8 hours (1 semester)<\/p>\n<\/div>\n<\/div>\n\n\n\n<div class=\"wp-block-ugb-container ugb-container bs-news-page-under ugb-f8694ce ugb-container--v2 ugb-container--design-plain ugb-main-block\"><div class=\"ugb-inner-block\"><div class=\"ugb-block-content\"><div class=\"ugb-container__wrapper ugb-f8694ce-wrapper\"><div class=\"ugb-container__side\"><div class=\"ugb-container__content-wrapper ugb-f8694ce-content-wrapper\">\n<h5 class=\"wp-block-heading\"><strong>Objective:<\/strong><\/h5>\n\n\n\n<p>Course is intended to become students familiar with conflict of laws rules and it\u2019s application. This rules identifies the areas of operation of the different legal systems in relation to private law matters. Moreover, course is going to present rules concerning application of foreign, if it is applcable and basic acts of uniform substantive law, which shall be applicable directly to legal relations with foreign element (ex. CISG).<\/p>\n\n\n\n<div style=\"height:40px\" aria-hidden=\"true\" class=\"wp-block-spacer\"><\/div>\n\n\n\n<h5 class=\"wp-block-heading\"><strong>Acquired knowledge:<\/strong><\/h5>\n\n\n\n<p>Student knows conflict of laws rules contained in Polish act on private international law.<br>Student knows conflict of laws rules contained in European Union acts on private international law<br>Student knows conflict of laws rules contained in multilateral international conventions on private international law, especially convetions adopted under auspicies of Hague Conference on Private International Law<br>Students knows basic concepts and rules concering application of foreign law in litigation, arbitration and by public notary and other public bodies<br>Students knows provisions of substantive uniform law especially United Nations Convention on Contracts for the International Sale of Goods (CISG) and Conwention on the Limitation Period in the International Sale of Goods<br>Student knows scope of application of private international law, it\u2019s sources of law, definition and knows choice of laws rule structure<\/p>\n\n\n\n<div style=\"height:40px\" aria-hidden=\"true\" class=\"wp-block-spacer\"><\/div>\n\n\n\n<h5 class=\"wp-block-heading\"><strong>Acquired skills:<\/strong><\/h5>\n\n\n\n<p>Student can identify situations in which conflict of laws rules shall be applicable<br>Student can apply conflict of laws rules and is able to indicate law applicable for private law matters<br>Student can identify situations in which rules of substantive uniform law contained in international conventions shall be apply<br>Student can apply rules of substantive uniform law contained in international conventions<br>Student can apply legal institutions of private international law which have impact on application of foreign law<\/p>\n\n\n\n<div style=\"height:40px\" aria-hidden=\"true\" class=\"wp-block-spacer\"><\/div>\n\n\n\n<h5 class=\"wp-block-heading\"><strong>Developed reflection:<\/strong><\/h5>\n\n\n\n<p>Student is able to qualify correctly social situations to the appropriate conflict of law rules of private international law and to settle issues concerning application of law applicable with regard to non-legal systems of social norms.<br>Student can formulate and present arguments in legal language.<br>Student is aware of the need for continuous learning and updating his knowledge on private international law.<br>Student knows how to work in a group and settle the legal issues, taking into account the social context of the case<br>Student can accurately present to a non-lawyer legal aspects of conflict of laws and it\u2019s impact on social situations.<\/p>\n\n\n\n<div style=\"height:40px\" aria-hidden=\"true\" class=\"wp-block-spacer\"><\/div>\n\n\n\n<h5 class=\"wp-block-heading\"><strong>Assessment:<\/strong><\/h5>\n\n\n\n<p>The final grade consists of: term papers ( 100 % ).<\/p>\n\n\n\n<div style=\"height:40px\" aria-hidden=\"true\" class=\"wp-block-spacer\"><\/div>\n\n\n\n<h5 class=\"wp-block-heading\"><strong>Contents:<\/strong><\/h5>\n\n\n\n<p>Private international law \u2013 definition, scope of application, sources of law, conflict of laws rule structure<br>Indication of law applicable and it\u2019s application. General institutions of private international law<br>Personal statute of natural and legal person<br>Law applicable for representation, limitation of claims, legal acts and their form<br>Law applicable for contractual obligations<br>Contracts on international sale of goods with regard to international commercial practice (INCOTERMS etc.)<br>Law applicable for non \u2013 contractual obligations<br>Law applicable for property rights<br>Law applicable for family law matters<br>Law applicable on sucession<\/p>\n\n\n\n<div style=\"height:40px\" aria-hidden=\"true\" class=\"wp-block-spacer\"><\/div>\n\n\n\n<h5 class=\"wp-block-heading\"><strong>Recommended reading:<\/strong><\/h5>\n\n\n\n<p>Application of Foreign Law, Carlos Esplugues, Jos\u00e9-Luis Iglesias, Guillermo Palao, Sellier, Munich, 2011.<\/p>\n<\/div><\/div><\/div><\/div><\/div><\/div>\n<\/div><\/div><\/div><\/div><\/div><\/div>\n","protected":false},"excerpt":{"rendered":"<p>Program: Bachelor of Business and Administration (Specialisations: Business, Finance, Governance)ECTS: 3Lecturer: Dr. Piotr RodziewiczEmail: piotr.rodziewicz@uwr.edu.pl Type: OptionalLevel: Elementary LectureNumber of hours: 2h X 6 weeks = 12 hours (1 semester) ClassesNumber of hours: 2h X 4 weeks = 8 hours (1 semester) Objective: Course is intended to become students familiar with conflict of laws rules [&hellip;]<\/p>\n","protected":false},"author":20,"featured_media":42742,"parent":0,"menu_order":0,"comment_status":"closed","ping_status":"closed","template":"","meta":{"_acf_changed":false,"inline_featured_image":false,"site-sidebar-layout":"default","site-content-layout":"","ast-site-content-layout":"default","site-content-style":"default","site-sidebar-style":"default","ast-global-header-display":"","ast-banner-title-visibility":"","ast-main-header-display":"","ast-hfb-above-header-display":"","ast-hfb-below-header-display":"","ast-hfb-mobile-header-display":"","site-post-title":"","ast-breadcrumbs-content":"","ast-featured-img":"","footer-sml-layout":"","ast-disable-related-posts":"","theme-transparent-header-meta":"","adv-header-id-meta":"","stick-header-meta":"","header-above-stick-meta":"","header-main-stick-meta":"","header-below-stick-meta":"","astra-migrate-meta-layouts":"default","ast-page-background-enabled":"default","ast-page-background-meta":{"desktop":{"background-color":"","background-image":"","background-repeat":"repeat","background-position":"center center","background-size":"auto","background-attachment":"scroll","background-type":"","background-media":"","overlay-type":"","overlay-color":"","overlay-opacity":"","overlay-gradient":""},"tablet":{"background-color":"","background-image":"","background-repeat":"repeat","background-position":"center center","background-size":"auto","background-attachment":"scroll","background-type":"","background-media":"","overlay-type":"","overlay-color":"","overlay-opacity":"","overlay-gradient":""},"mobile":{"background-color":"","background-image":"","background-repeat":"repeat","background-position":"center center","background-size":"auto","background-attachment":"scroll","background-type":"","background-media":"","overlay-type":"","overlay-color":"","overlay-opacity":"","overlay-gradient":""}},"ast-content-background-meta":{"desktop":{"background-color":"var(--ast-global-color-5)","background-image":"","background-repeat":"repeat","background-position":"center center","background-size":"auto","background-attachment":"scroll","background-type":"","background-media":"","overlay-type":"","overlay-color":"","overlay-opacity":"","overlay-gradient":""},"tablet":{"background-color":"var(--ast-global-color-5)","background-image":"","background-repeat":"repeat","background-position":"center center","background-size":"auto","background-attachment":"scroll","background-type":"","background-media":"","overlay-type":"","overlay-color":"","overlay-opacity":"","overlay-gradient":""},"mobile":{"background-color":"var(--ast-global-color-5)","background-image":"","background-repeat":"repeat","background-position":"center center","background-size":"auto","background-attachment":"scroll","background-type":"","background-media":"","overlay-type":"","overlay-color":"","overlay-opacity":"","overlay-gradient":""}},"footnotes":""},"categories":[],"tags":[],"class_list":["post-55186","page","type-page","status-publish","has-post-thumbnail","hentry"],"featured_image_urls_v2":{"full":"","thumbnail":"","medium":"","medium_large":"","large":"","1536x1536":"","2048x2048":"","menu-24x24":"","menu-36x36":"","menu-48x48":""},"post_excerpt_stackable_v2":"<p>Private International Law Program: Bachelor of Business and Administration (Specialisations: Business, Finance, Governance)ECTS: 3Lecturer: Dr. Piotr RodziewiczEmail: piotr.rodziewicz@uwr.edu.pl Type: OptionalLevel: Elementary LectureNumber of hours: 2h X 6 weeks = 12 hours (1 semester) ClassesNumber of hours: 2h X 4 weeks = 8 hours (1 semester) Objective: Course is intended to become students familiar with conflict of laws rules and it\u2019s application. This rules identifies the areas of operation of the different legal systems in relation to private law matters. Moreover, course is going to present rules concerning application of foreign, if it is applcable and basic acts of uniform substantive&hellip;<\/p>\n","category_list_v2":"Uncategorized","author_info_v2":{"name":"mmatlinski","url":"https:\/\/prawo.uwr.edu.pl\/en\/author\/mmatlinski\/"},"comments_num_v2":"0 comments","acf":[],"yoast_head":"<!-- This site is optimized with the Yoast SEO plugin v27.1.1 - https:\/\/yoast.com\/product\/yoast-seo-wordpress\/ -->\n<title>Private International Law - Wydzia\u0142 Prawa, Administracji i Ekonomii<\/title>\n<meta name=\"robots\" content=\"index, follow, max-snippet:-1, max-image-preview:large, max-video-preview:-1\" \/>\n<link rel=\"canonical\" href=\"https:\/\/prawo.uwr.edu.pl\/en\/private-international-law\/\" \/>\n<meta property=\"og:locale\" content=\"en_US\" \/>\n<meta property=\"og:type\" content=\"article\" \/>\n<meta property=\"og:title\" content=\"Private International Law - Wydzia\u0142 Prawa, Administracji i Ekonomii\" \/>\n<meta property=\"og:description\" content=\"Program: Bachelor of Business and Administration (Specialisations: Business, Finance, Governance)ECTS: 3Lecturer: Dr. Piotr RodziewiczEmail: piotr.rodziewicz@uwr.edu.pl Type: OptionalLevel: Elementary LectureNumber of hours: 2h X 6 weeks = 12 hours (1 semester) ClassesNumber of hours: 2h X 4 weeks = 8 hours (1 semester) Objective: Course is intended to become students familiar with conflict of laws rules [&hellip;]\" \/>\n<meta property=\"og:url\" content=\"https:\/\/prawo.uwr.edu.pl\/en\/private-international-law\/\" \/>\n<meta property=\"og:site_name\" content=\"Wydzia\u0142 Prawa, Administracji i Ekonomii\" \/>\n<meta name=\"twitter:card\" content=\"summary_large_image\" \/>\n<meta name=\"twitter:label1\" content=\"Est. reading time\" \/>\n\t<meta name=\"twitter:data1\" content=\"4 minutes\" \/>\n<script type=\"application\/ld+json\" class=\"yoast-schema-graph\">{\"@context\":\"https:\/\/schema.org\",\"@graph\":[{\"@type\":\"WebPage\",\"@id\":\"https:\/\/prawo.uwr.edu.pl\/en\/private-international-law\/\",\"url\":\"https:\/\/prawo.uwr.edu.pl\/en\/private-international-law\/\",\"name\":\"Private International Law - Wydzia\u0142 Prawa, Administracji i Ekonomii\",\"isPartOf\":{\"@id\":\"https:\/\/prawo.uwr.edu.pl\/#website\"},\"primaryImageOfPage\":{\"@id\":\"https:\/\/prawo.uwr.edu.pl\/en\/private-international-law\/#primaryimage\"},\"image\":{\"@id\":\"https:\/\/prawo.uwr.edu.pl\/en\/private-international-law\/#primaryimage\"},\"thumbnailUrl\":\"\",\"datePublished\":\"2022-07-26T14:20:35+00:00\",\"breadcrumb\":{\"@id\":\"https:\/\/prawo.uwr.edu.pl\/en\/private-international-law\/#breadcrumb\"},\"inLanguage\":\"en-US\",\"potentialAction\":[{\"@type\":\"ReadAction\",\"target\":[\"https:\/\/prawo.uwr.edu.pl\/en\/private-international-law\/\"]}]},{\"@type\":\"ImageObject\",\"inLanguage\":\"en-US\",\"@id\":\"https:\/\/prawo.uwr.edu.pl\/en\/private-international-law\/#primaryimage\",\"url\":\"\",\"contentUrl\":\"\"},{\"@type\":\"BreadcrumbList\",\"@id\":\"https:\/\/prawo.uwr.edu.pl\/en\/private-international-law\/#breadcrumb\",\"itemListElement\":[{\"@type\":\"ListItem\",\"position\":1,\"name\":\"Strona g\u0142\u00f3wna\",\"item\":\"https:\/\/prawo.uwr.edu.pl\/en\/\"},{\"@type\":\"ListItem\",\"position\":2,\"name\":\"Private International Law\"}]},{\"@type\":\"WebSite\",\"@id\":\"https:\/\/prawo.uwr.edu.pl\/#website\",\"url\":\"https:\/\/prawo.uwr.edu.pl\/\",\"name\":\"Wydzia\u0142 Prawa, Administracji i Ekonomii\",\"description\":\"Kolejna witryna sieci \u201eUWR Witryny\u201d\",\"publisher\":{\"@id\":\"https:\/\/prawo.uwr.edu.pl\/#organization\"},\"potentialAction\":[{\"@type\":\"SearchAction\",\"target\":{\"@type\":\"EntryPoint\",\"urlTemplate\":\"https:\/\/prawo.uwr.edu.pl\/?s={search_term_string}\"},\"query-input\":{\"@type\":\"PropertyValueSpecification\",\"valueRequired\":true,\"valueName\":\"search_term_string\"}}],\"inLanguage\":\"en-US\"},{\"@type\":\"Organization\",\"@id\":\"https:\/\/prawo.uwr.edu.pl\/#organization\",\"name\":\"Wydzia\u0142 Prawa, Administracji i Ekonomii\",\"url\":\"https:\/\/prawo.uwr.edu.pl\/\",\"logo\":{\"@type\":\"ImageObject\",\"inLanguage\":\"en-US\",\"@id\":\"https:\/\/prawo.uwr.edu.pl\/#\/schema\/logo\/image\/\",\"url\":\"https:\/\/prawo.uwr.edu.pl\/wp-content\/uploads\/sites\/210\/2025\/10\/UWr-logotyp-2025.png\",\"contentUrl\":\"https:\/\/prawo.uwr.edu.pl\/wp-content\/uploads\/sites\/210\/2025\/10\/UWr-logotyp-2025.png\",\"width\":764,\"height\":269,\"caption\":\"Wydzia\u0142 Prawa, Administracji i Ekonomii\"},\"image\":{\"@id\":\"https:\/\/prawo.uwr.edu.pl\/#\/schema\/logo\/image\/\"}}]}<\/script>\n<!-- \/ Yoast SEO plugin. -->","yoast_head_json":{"title":"Private International Law - Wydzia\u0142 Prawa, Administracji i Ekonomii","robots":{"index":"index","follow":"follow","max-snippet":"max-snippet:-1","max-image-preview":"max-image-preview:large","max-video-preview":"max-video-preview:-1"},"canonical":"https:\/\/prawo.uwr.edu.pl\/en\/private-international-law\/","og_locale":"en_US","og_type":"article","og_title":"Private International Law - Wydzia\u0142 Prawa, Administracji i Ekonomii","og_description":"Program: Bachelor of Business and Administration (Specialisations: Business, Finance, Governance)ECTS: 3Lecturer: Dr. Piotr RodziewiczEmail: piotr.rodziewicz@uwr.edu.pl Type: OptionalLevel: Elementary LectureNumber of hours: 2h X 6 weeks = 12 hours (1 semester) ClassesNumber of hours: 2h X 4 weeks = 8 hours (1 semester) Objective: Course is intended to become students familiar with conflict of laws rules [&hellip;]","og_url":"https:\/\/prawo.uwr.edu.pl\/en\/private-international-law\/","og_site_name":"Wydzia\u0142 Prawa, Administracji i Ekonomii","twitter_card":"summary_large_image","twitter_misc":{"Est. reading time":"4 minutes"},"schema":{"@context":"https:\/\/schema.org","@graph":[{"@type":"WebPage","@id":"https:\/\/prawo.uwr.edu.pl\/en\/private-international-law\/","url":"https:\/\/prawo.uwr.edu.pl\/en\/private-international-law\/","name":"Private International Law - Wydzia\u0142 Prawa, Administracji i Ekonomii","isPartOf":{"@id":"https:\/\/prawo.uwr.edu.pl\/#website"},"primaryImageOfPage":{"@id":"https:\/\/prawo.uwr.edu.pl\/en\/private-international-law\/#primaryimage"},"image":{"@id":"https:\/\/prawo.uwr.edu.pl\/en\/private-international-law\/#primaryimage"},"thumbnailUrl":"","datePublished":"2022-07-26T14:20:35+00:00","breadcrumb":{"@id":"https:\/\/prawo.uwr.edu.pl\/en\/private-international-law\/#breadcrumb"},"inLanguage":"en-US","potentialAction":[{"@type":"ReadAction","target":["https:\/\/prawo.uwr.edu.pl\/en\/private-international-law\/"]}]},{"@type":"ImageObject","inLanguage":"en-US","@id":"https:\/\/prawo.uwr.edu.pl\/en\/private-international-law\/#primaryimage","url":"","contentUrl":""},{"@type":"BreadcrumbList","@id":"https:\/\/prawo.uwr.edu.pl\/en\/private-international-law\/#breadcrumb","itemListElement":[{"@type":"ListItem","position":1,"name":"Strona g\u0142\u00f3wna","item":"https:\/\/prawo.uwr.edu.pl\/en\/"},{"@type":"ListItem","position":2,"name":"Private International Law"}]},{"@type":"WebSite","@id":"https:\/\/prawo.uwr.edu.pl\/#website","url":"https:\/\/prawo.uwr.edu.pl\/","name":"Wydzia\u0142 Prawa, Administracji i Ekonomii","description":"Kolejna witryna sieci \u201eUWR Witryny\u201d","publisher":{"@id":"https:\/\/prawo.uwr.edu.pl\/#organization"},"potentialAction":[{"@type":"SearchAction","target":{"@type":"EntryPoint","urlTemplate":"https:\/\/prawo.uwr.edu.pl\/?s={search_term_string}"},"query-input":{"@type":"PropertyValueSpecification","valueRequired":true,"valueName":"search_term_string"}}],"inLanguage":"en-US"},{"@type":"Organization","@id":"https:\/\/prawo.uwr.edu.pl\/#organization","name":"Wydzia\u0142 Prawa, Administracji i Ekonomii","url":"https:\/\/prawo.uwr.edu.pl\/","logo":{"@type":"ImageObject","inLanguage":"en-US","@id":"https:\/\/prawo.uwr.edu.pl\/#\/schema\/logo\/image\/","url":"https:\/\/prawo.uwr.edu.pl\/wp-content\/uploads\/sites\/210\/2025\/10\/UWr-logotyp-2025.png","contentUrl":"https:\/\/prawo.uwr.edu.pl\/wp-content\/uploads\/sites\/210\/2025\/10\/UWr-logotyp-2025.png","width":764,"height":269,"caption":"Wydzia\u0142 Prawa, Administracji i Ekonomii"},"image":{"@id":"https:\/\/prawo.uwr.edu.pl\/#\/schema\/logo\/image\/"}}]}},"publishpress_future_action":{"enabled":false,"date":"2026-04-11 21:54:30","action":"change-status","newStatus":"draft","terms":[],"taxonomy":"category","extraData":[]},"publishpress_future_workflow_manual_trigger":{"enabledWorkflows":[]},"_links":{"self":[{"href":"https:\/\/prawo.uwr.edu.pl\/en\/wp-json\/wp\/v2\/pages\/55186\/"}],"collection":[{"href":"https:\/\/prawo.uwr.edu.pl\/en\/wp-json\/wp\/v2\/pages\/"}],"about":[{"href":"https:\/\/prawo.uwr.edu.pl\/en\/wp-json\/wp\/v2\/types\/page\/"}],"author":[{"embeddable":true,"href":"https:\/\/prawo.uwr.edu.pl\/en\/wp-json\/wp\/v2\/users\/20\/"}],"replies":[{"embeddable":true,"href":"https:\/\/prawo.uwr.edu.pl\/en\/wp-json\/wp\/v2\/comments\/?post=55186"}],"version-history":[{"count":1,"href":"https:\/\/prawo.uwr.edu.pl\/en\/wp-json\/wp\/v2\/pages\/55186\/revisions\/"}],"predecessor-version":[{"id":125472,"href":"https:\/\/prawo.uwr.edu.pl\/en\/wp-json\/wp\/v2\/pages\/55186\/revisions\/125472\/"}],"wp:featuredmedia":[{"embeddable":true,"href":"https:\/\/prawo.uwr.edu.pl\/en\/wp-json\/"}],"wp:attachment":[{"href":"https:\/\/prawo.uwr.edu.pl\/en\/wp-json\/wp\/v2\/media\/?parent=55186"}],"wp:term":[{"taxonomy":"category","embeddable":true,"href":"https:\/\/prawo.uwr.edu.pl\/en\/wp-json\/wp\/v2\/categories\/?post=55186"},{"taxonomy":"post_tag","embeddable":true,"href":"https:\/\/prawo.uwr.edu.pl\/en\/wp-json\/wp\/v2\/tags\/?post=55186"}],"curies":[{"name":"wp","href":"https:\/\/api.w.org\/{rel}","templated":true}]}}