{"id":67753,"date":"2022-08-03T14:44:50","date_gmt":"2022-08-03T12:44:50","guid":{"rendered":"https:\/\/prawo.uwr.edu.pl\/?page_id=67753"},"modified":"2022-08-03T14:44:50","modified_gmt":"2022-08-03T12:44:50","slug":"crimes-against-animals","status":"publish","type":"page","link":"https:\/\/prawo.uwr.edu.pl\/en\/criminal-justice\/crimes-against-animals\/","title":{"rendered":"Crimes Against Animals"},"content":{"rendered":"\n<div class=\"wp-block-ugb-container ugb-container ugb-8dda971 ugb-container--v2 ugb-container--design-plain ugb-main-block\"><div class=\"ugb-inner-block\"><div class=\"ugb-block-content\"><div class=\"ugb-container__wrapper ugb-8dda971-wrapper\"><div class=\"ugb-container__side\"><div class=\"ugb-container__content-wrapper ugb-8dda971-content-wrapper\">\n<div class=\"wp-block-columns bs-news-page is-layout-flex wp-block-columns-is-layout-flex\">\n<div class=\"wp-block-column bs-kontakt-photo is-layout-flow wp-block-column-is-layout-flow\">\n<figure class=\"wp-block-image size-large\"><img decoding=\"async\" src=\"https:\/\/prawo.uwr.edu.pl\/wp-content\/uploads\/sites\/210\/2022\/08\/pexels-andre-tran-12487241-1024x683.jpg\" alt=\"Widok na wydr\u0119 patrz\u0105c\u0105 przez ogrodzenie z siatki\" class=\"wp-image-67858\" \/><\/figure>\n<\/div>\n\n\n\n<div class=\"wp-block-column bs-contact-right-column is-layout-flow wp-block-column-is-layout-flow\">\n<div class=\"wp-block-bonasoft-modular-breadcrumbs-block\"><div class=\"bs_add_breadcrumb_trail\"><\/div><\/div>\n\n\n\n<hr class=\"wp-block-separator has-text-color has-background has-black-background-color has-black-color is-style-wide bs-border-kontakt\" \/>\n\n\n<h1 style=\"font-style:normal;font-weight:700;\" class=\"bs-naglowek-podstrony wp-block-post-title\">Crimes Against Animals<\/h1>\n\n\n<p><strong>Program:<\/strong>\u00a0\u00a0<a href=\"https:\/\/prawo.uwr.edu.pl\/en\/criminal-justice\/\">Criminal Justice<\/a><\/p>\n\n\n\n<p>The problem of harm and suffering of animals emerged in the 90s as an important aspect of Green Criminology \u2013 the trend concentrating upon the research of crime committed against the natural habitat and animals. The lecture\u2019s content:<\/p>\n\n\n\n<p>1. Animals\u2019 rights \u2013 the conceptual analysis;<\/p>\n\n\n\n<p>2. Legal personality of animals;<\/p>\n\n\n\n<p>3. Philosophical, ethical and psychological aspects of the cruelty towards animals;<\/p>\n\n\n\n<p>4. The concept of Animal Welfare;<\/p>\n\n\n\n<p>5. Animals as the subject of interest in victimology;<\/p>\n\n\n\n<p>6. The animals\u2019 right for the protection from suffering in philosophy and ethics;<\/p>\n\n\n\n<p>7. Criminal law protection of animals;<\/p>\n\n\n\n<p>8. Psychological and criminal conditioning of the animal abuse;<\/p>\n\n\n\n<p>9. Cruelty to animals in the courts\u2019 jurisdiction;<\/p>\n\n\n\n<p>10. The admissible use of animals for human purposes and the limits to this usage;<\/p>\n\n\n\n<p>11. Animal as a victim of the human activity, from the perspective of victimology and criminology;<\/p>\n\n\n\n<p>12. The legal protection of animals, as a part of the family abuse protection system;<\/p>\n\n\n\n<p>13. The analysis of the situation of animals in the modern World;<\/p>\n\n\n\n<p>14. The consciousness of animals;<\/p>\n\n\n\n<p>15. Vegetarianism and veganism as a philosophical approach;<\/p>\n\n\n\n<p>16. The punishment execution for animals\u2019 abusers.&nbsp;<\/p>\n<\/div>\n<\/div>\n\n\n\n<div class=\"wp-block-ugb-container ugb-container bs-news-page-under ugb-f8694ce ugb-container--v2 ugb-container--design-plain ugb-main-block\"><div class=\"ugb-inner-block\"><div class=\"ugb-block-content\"><div class=\"ugb-container__wrapper ugb-f8694ce-wrapper\"><div class=\"ugb-container__side\"><div class=\"ugb-container__content-wrapper ugb-f8694ce-content-wrapper\"><\/div><\/div><\/div><\/div><\/div><\/div>\n<\/div><\/div><\/div><\/div><\/div><\/div>\n","protected":false},"excerpt":{"rendered":"<p>Widok na wydr\u0119 patrz\u0105c\u0105 przez s<\/p>\n","protected":false},"author":20,"featured_media":67858,"parent":66304,"menu_order":0,"comment_status":"closed","ping_status":"closed","template":"","meta":{"_acf_changed":false,"inline_featured_image":false,"site-sidebar-layout":"default","site-content-layout":"","ast-site-content-layout":"default","site-content-style":"default","site-sidebar-style":"default","ast-global-header-display":"","ast-banner-title-visibility":"","ast-main-header-display":"","ast-hfb-above-header-display":"","ast-hfb-below-header-display":"","ast-hfb-mobile-header-display":"","site-post-title":"","ast-breadcrumbs-content":"","ast-featured-img":"","footer-sml-layout":"","ast-disable-related-posts":"","theme-transparent-header-meta":"","adv-header-id-meta":"","stick-header-meta":"","header-above-stick-meta":"","header-main-stick-meta":"","header-below-stick-meta":"","astra-migrate-meta-layouts":"default","ast-page-background-enabled":"default","ast-page-background-meta":{"desktop":{"background-color":"","background-image":"","background-repeat":"repeat","background-position":"center center","background-size":"auto","background-attachment":"scroll","background-type":"","background-media":"","overlay-type":"","overlay-color":"","overlay-opacity":"","overlay-gradient":""},"tablet":{"background-color":"","background-image":"","background-repeat":"repeat","background-position":"center center","background-size":"auto","background-attachment":"scroll","background-type":"","background-media":"","overlay-type":"","overlay-color":"","overlay-opacity":"","overlay-gradient":""},"mobile":{"background-color":"","background-image":"","background-repeat":"repeat","background-position":"center center","background-size":"auto","background-attachment":"scroll","background-type":"","background-media":"","overlay-type":"","overlay-color":"","overlay-opacity":"","overlay-gradient":""}},"ast-content-background-meta":{"desktop":{"background-color":"var(--ast-global-color-5)","background-image":"","background-repeat":"repeat","background-position":"center center","background-size":"auto","background-attachment":"scroll","background-type":"","background-media":"","overlay-type":"","overlay-color":"","overlay-opacity":"","overlay-gradient":""},"tablet":{"background-color":"var(--ast-global-color-5)","background-image":"","background-repeat":"repeat","background-position":"center center","background-size":"auto","background-attachment":"scroll","background-type":"","background-media":"","overlay-type":"","overlay-color":"","overlay-opacity":"","overlay-gradient":""},"mobile":{"background-color":"var(--ast-global-color-5)","background-image":"","background-repeat":"repeat","background-position":"center center","background-size":"auto","background-attachment":"scroll","background-type":"","background-media":"","overlay-type":"","overlay-color":"","overlay-opacity":"","overlay-gradient":""}},"footnotes":""},"categories":[],"tags":[],"class_list":["post-67753","page","type-page","status-publish","has-post-thumbnail","hentry"],"featured_image_urls_v2":{"full":"","thumbnail":"","medium":"","medium_large":"","large":"","1536x1536":"","2048x2048":"","menu-24x24":"","menu-36x36":"","menu-48x48":""},"post_excerpt_stackable_v2":"<p>Widok na wydr\u0119 patrz\u0105c\u0105 przez s<\/p>\n","category_list_v2":"Uncategorized","author_info_v2":{"name":"mmatlinski","url":"https:\/\/prawo.uwr.edu.pl\/en\/author\/mmatlinski\/"},"comments_num_v2":"0 comments","acf":[],"yoast_head":"<!-- This site is optimized with the Yoast SEO plugin v27.1.1 - https:\/\/yoast.com\/product\/yoast-seo-wordpress\/ -->\n<title>Crimes Against Animals - Wydzia\u0142 Prawa, Administracji i Ekonomii<\/title>\n<meta name=\"robots\" content=\"index, follow, max-snippet:-1, max-image-preview:large, max-video-preview:-1\" \/>\n<link rel=\"canonical\" href=\"https:\/\/prawo.uwr.edu.pl\/en\/criminal-justice\/crimes-against-animals\/\" \/>\n<meta property=\"og:locale\" content=\"en_US\" \/>\n<meta property=\"og:type\" content=\"article\" \/>\n<meta property=\"og:title\" content=\"Crimes Against Animals - Wydzia\u0142 Prawa, Administracji i Ekonomii\" \/>\n<meta property=\"og:description\" content=\"Widok na wydr\u0119 patrz\u0105c\u0105 przez s\" \/>\n<meta property=\"og:url\" content=\"https:\/\/prawo.uwr.edu.pl\/en\/criminal-justice\/crimes-against-animals\/\" \/>\n<meta property=\"og:site_name\" content=\"Wydzia\u0142 Prawa, Administracji i Ekonomii\" \/>\n<meta name=\"twitter:card\" content=\"summary_large_image\" \/>\n<meta name=\"twitter:label1\" content=\"Est. reading time\" \/>\n\t<meta name=\"twitter:data1\" content=\"2 minutes\" \/>\n<script type=\"application\/ld+json\" class=\"yoast-schema-graph\">{\"@context\":\"https:\/\/schema.org\",\"@graph\":[{\"@type\":\"WebPage\",\"@id\":\"https:\/\/prawo.uwr.edu.pl\/en\/criminal-justice\/crimes-against-animals\/\",\"url\":\"https:\/\/prawo.uwr.edu.pl\/en\/criminal-justice\/crimes-against-animals\/\",\"name\":\"Crimes Against Animals - Wydzia\u0142 Prawa, Administracji i Ekonomii\",\"isPartOf\":{\"@id\":\"https:\/\/prawo.uwr.edu.pl\/#website\"},\"primaryImageOfPage\":{\"@id\":\"https:\/\/prawo.uwr.edu.pl\/en\/criminal-justice\/crimes-against-animals\/#primaryimage\"},\"image\":{\"@id\":\"https:\/\/prawo.uwr.edu.pl\/en\/criminal-justice\/crimes-against-animals\/#primaryimage\"},\"thumbnailUrl\":\"\",\"datePublished\":\"2022-08-03T12:44:50+00:00\",\"breadcrumb\":{\"@id\":\"https:\/\/prawo.uwr.edu.pl\/en\/criminal-justice\/crimes-against-animals\/#breadcrumb\"},\"inLanguage\":\"en-US\",\"potentialAction\":[{\"@type\":\"ReadAction\",\"target\":[\"https:\/\/prawo.uwr.edu.pl\/en\/criminal-justice\/crimes-against-animals\/\"]}]},{\"@type\":\"ImageObject\",\"inLanguage\":\"en-US\",\"@id\":\"https:\/\/prawo.uwr.edu.pl\/en\/criminal-justice\/crimes-against-animals\/#primaryimage\",\"url\":\"\",\"contentUrl\":\"\"},{\"@type\":\"BreadcrumbList\",\"@id\":\"https:\/\/prawo.uwr.edu.pl\/en\/criminal-justice\/crimes-against-animals\/#breadcrumb\",\"itemListElement\":[{\"@type\":\"ListItem\",\"position\":1,\"name\":\"Strona g\u0142\u00f3wna\",\"item\":\"https:\/\/prawo.uwr.edu.pl\/en\/\"},{\"@type\":\"ListItem\",\"position\":2,\"name\":\"Criminal Justice\",\"item\":\"https:\/\/prawo.uwr.edu.pl\/en\/criminal-justice\/\"},{\"@type\":\"ListItem\",\"position\":3,\"name\":\"Crimes Against Animals\"}]},{\"@type\":\"WebSite\",\"@id\":\"https:\/\/prawo.uwr.edu.pl\/#website\",\"url\":\"https:\/\/prawo.uwr.edu.pl\/\",\"name\":\"Wydzia\u0142 Prawa, Administracji i Ekonomii\",\"description\":\"Kolejna witryna sieci \u201eUWR Witryny\u201d\",\"publisher\":{\"@id\":\"https:\/\/prawo.uwr.edu.pl\/#organization\"},\"potentialAction\":[{\"@type\":\"SearchAction\",\"target\":{\"@type\":\"EntryPoint\",\"urlTemplate\":\"https:\/\/prawo.uwr.edu.pl\/?s={search_term_string}\"},\"query-input\":{\"@type\":\"PropertyValueSpecification\",\"valueRequired\":true,\"valueName\":\"search_term_string\"}}],\"inLanguage\":\"en-US\"},{\"@type\":\"Organization\",\"@id\":\"https:\/\/prawo.uwr.edu.pl\/#organization\",\"name\":\"Wydzia\u0142 Prawa, Administracji i Ekonomii\",\"url\":\"https:\/\/prawo.uwr.edu.pl\/\",\"logo\":{\"@type\":\"ImageObject\",\"inLanguage\":\"en-US\",\"@id\":\"https:\/\/prawo.uwr.edu.pl\/#\/schema\/logo\/image\/\",\"url\":\"https:\/\/prawo.uwr.edu.pl\/wp-content\/uploads\/sites\/210\/2025\/10\/UWr-logotyp-2025.png\",\"contentUrl\":\"https:\/\/prawo.uwr.edu.pl\/wp-content\/uploads\/sites\/210\/2025\/10\/UWr-logotyp-2025.png\",\"width\":764,\"height\":269,\"caption\":\"Wydzia\u0142 Prawa, Administracji i Ekonomii\"},\"image\":{\"@id\":\"https:\/\/prawo.uwr.edu.pl\/#\/schema\/logo\/image\/\"}}]}<\/script>\n<!-- \/ Yoast SEO plugin. -->","yoast_head_json":{"title":"Crimes Against Animals - Wydzia\u0142 Prawa, Administracji i Ekonomii","robots":{"index":"index","follow":"follow","max-snippet":"max-snippet:-1","max-image-preview":"max-image-preview:large","max-video-preview":"max-video-preview:-1"},"canonical":"https:\/\/prawo.uwr.edu.pl\/en\/criminal-justice\/crimes-against-animals\/","og_locale":"en_US","og_type":"article","og_title":"Crimes Against Animals - Wydzia\u0142 Prawa, Administracji i Ekonomii","og_description":"Widok na wydr\u0119 patrz\u0105c\u0105 przez s","og_url":"https:\/\/prawo.uwr.edu.pl\/en\/criminal-justice\/crimes-against-animals\/","og_site_name":"Wydzia\u0142 Prawa, Administracji i Ekonomii","twitter_card":"summary_large_image","twitter_misc":{"Est. reading time":"2 minutes"},"schema":{"@context":"https:\/\/schema.org","@graph":[{"@type":"WebPage","@id":"https:\/\/prawo.uwr.edu.pl\/en\/criminal-justice\/crimes-against-animals\/","url":"https:\/\/prawo.uwr.edu.pl\/en\/criminal-justice\/crimes-against-animals\/","name":"Crimes Against Animals - Wydzia\u0142 Prawa, Administracji i Ekonomii","isPartOf":{"@id":"https:\/\/prawo.uwr.edu.pl\/#website"},"primaryImageOfPage":{"@id":"https:\/\/prawo.uwr.edu.pl\/en\/criminal-justice\/crimes-against-animals\/#primaryimage"},"image":{"@id":"https:\/\/prawo.uwr.edu.pl\/en\/criminal-justice\/crimes-against-animals\/#primaryimage"},"thumbnailUrl":"","datePublished":"2022-08-03T12:44:50+00:00","breadcrumb":{"@id":"https:\/\/prawo.uwr.edu.pl\/en\/criminal-justice\/crimes-against-animals\/#breadcrumb"},"inLanguage":"en-US","potentialAction":[{"@type":"ReadAction","target":["https:\/\/prawo.uwr.edu.pl\/en\/criminal-justice\/crimes-against-animals\/"]}]},{"@type":"ImageObject","inLanguage":"en-US","@id":"https:\/\/prawo.uwr.edu.pl\/en\/criminal-justice\/crimes-against-animals\/#primaryimage","url":"","contentUrl":""},{"@type":"BreadcrumbList","@id":"https:\/\/prawo.uwr.edu.pl\/en\/criminal-justice\/crimes-against-animals\/#breadcrumb","itemListElement":[{"@type":"ListItem","position":1,"name":"Strona g\u0142\u00f3wna","item":"https:\/\/prawo.uwr.edu.pl\/en\/"},{"@type":"ListItem","position":2,"name":"Criminal Justice","item":"https:\/\/prawo.uwr.edu.pl\/en\/criminal-justice\/"},{"@type":"ListItem","position":3,"name":"Crimes Against Animals"}]},{"@type":"WebSite","@id":"https:\/\/prawo.uwr.edu.pl\/#website","url":"https:\/\/prawo.uwr.edu.pl\/","name":"Wydzia\u0142 Prawa, Administracji i Ekonomii","description":"Kolejna witryna sieci \u201eUWR Witryny\u201d","publisher":{"@id":"https:\/\/prawo.uwr.edu.pl\/#organization"},"potentialAction":[{"@type":"SearchAction","target":{"@type":"EntryPoint","urlTemplate":"https:\/\/prawo.uwr.edu.pl\/?s={search_term_string}"},"query-input":{"@type":"PropertyValueSpecification","valueRequired":true,"valueName":"search_term_string"}}],"inLanguage":"en-US"},{"@type":"Organization","@id":"https:\/\/prawo.uwr.edu.pl\/#organization","name":"Wydzia\u0142 Prawa, Administracji i Ekonomii","url":"https:\/\/prawo.uwr.edu.pl\/","logo":{"@type":"ImageObject","inLanguage":"en-US","@id":"https:\/\/prawo.uwr.edu.pl\/#\/schema\/logo\/image\/","url":"https:\/\/prawo.uwr.edu.pl\/wp-content\/uploads\/sites\/210\/2025\/10\/UWr-logotyp-2025.png","contentUrl":"https:\/\/prawo.uwr.edu.pl\/wp-content\/uploads\/sites\/210\/2025\/10\/UWr-logotyp-2025.png","width":764,"height":269,"caption":"Wydzia\u0142 Prawa, Administracji i Ekonomii"},"image":{"@id":"https:\/\/prawo.uwr.edu.pl\/#\/schema\/logo\/image\/"}}]}},"publishpress_future_action":{"enabled":false,"date":"2026-04-26 11:40:53","action":"change-status","newStatus":"draft","terms":[],"taxonomy":"category","extraData":[]},"publishpress_future_workflow_manual_trigger":{"enabledWorkflows":[]},"_links":{"self":[{"href":"https:\/\/prawo.uwr.edu.pl\/en\/wp-json\/wp\/v2\/pages\/67753\/"}],"collection":[{"href":"https:\/\/prawo.uwr.edu.pl\/en\/wp-json\/wp\/v2\/pages\/"}],"about":[{"href":"https:\/\/prawo.uwr.edu.pl\/en\/wp-json\/wp\/v2\/types\/page\/"}],"author":[{"embeddable":true,"href":"https:\/\/prawo.uwr.edu.pl\/en\/wp-json\/wp\/v2\/users\/20\/"}],"replies":[{"embeddable":true,"href":"https:\/\/prawo.uwr.edu.pl\/en\/wp-json\/wp\/v2\/comments\/?post=67753"}],"version-history":[{"count":0,"href":"https:\/\/prawo.uwr.edu.pl\/en\/wp-json\/wp\/v2\/pages\/67753\/revisions\/"}],"up":[{"embeddable":true,"href":"https:\/\/prawo.uwr.edu.pl\/en\/wp-json\/wp\/v2\/pages\/66304\/"}],"wp:featuredmedia":[{"embeddable":true,"href":"https:\/\/prawo.uwr.edu.pl\/en\/wp-json\/"}],"wp:attachment":[{"href":"https:\/\/prawo.uwr.edu.pl\/en\/wp-json\/wp\/v2\/media\/?parent=67753"}],"wp:term":[{"taxonomy":"category","embeddable":true,"href":"https:\/\/prawo.uwr.edu.pl\/en\/wp-json\/wp\/v2\/categories\/?post=67753"},{"taxonomy":"post_tag","embeddable":true,"href":"https:\/\/prawo.uwr.edu.pl\/en\/wp-json\/wp\/v2\/tags\/?post=67753"}],"curies":[{"name":"wp","href":"https:\/\/api.w.org\/{rel}","templated":true}]}}