{"id":83293,"date":"2022-08-10T09:34:57","date_gmt":"2022-08-10T07:34:57","guid":{"rendered":"https:\/\/prawo.uwr.edu.pl\/?page_id=83293"},"modified":"2022-12-27T09:39:21","modified_gmt":"2022-12-27T08:39:21","slug":"civil-law","status":"publish","type":"page","link":"https:\/\/prawo.uwr.edu.pl\/en\/mme-master-of-managerial-economics\/civil-law\/","title":{"rendered":"Civil Law"},"content":{"rendered":"\n<div class=\"wp-block-ugb-container ugb-container ugb-8dda971 ugb-container--v2 ugb-container--design-plain ugb-main-block\"><div class=\"ugb-inner-block\"><div class=\"ugb-block-content\"><div class=\"ugb-container__wrapper ugb-8dda971-wrapper\"><div class=\"ugb-container__side\"><div class=\"ugb-container__content-wrapper ugb-8dda971-content-wrapper\">\n<div class=\"wp-block-columns bs-news-page is-layout-flex wp-block-columns-is-layout-flex\">\n<div class=\"wp-block-column bs-kontakt-photo is-layout-flow wp-block-column-is-layout-flow\">\n<figure class=\"wp-block-image size-large\"><img decoding=\"async\" src=\"https:\/\/prawo.uwr.edu.pl\/wp-content\/uploads\/sites\/210\/2022\/06\/pexels-photo-613508-1024x684.jpeg\" alt=\"law\" class=\"wp-image-15783\"\/><\/figure>\n<\/div>\n\n\n\n<div class=\"wp-block-column bs-contact-right-column is-layout-flow wp-block-column-is-layout-flow\">\n<div class=\"wp-block-bonasoft-modular-breadcrumbs-block\"><div class=\"bs_add_breadcrumb_trail\"><\/div><\/div>\n\n\n\n<hr class=\"wp-block-separator has-text-color has-background has-black-background-color has-black-color is-style-wide bs-border-kontakt\"\/>\n\n\n<h1 style=\"font-style:normal;font-weight:700;\" class=\"bs-naglowek-podstrony wp-block-post-title\">Civil Law<\/h1>\n\n\n<p><strong>Program:<\/strong>&nbsp;&nbsp;<a href=\"\/en\/mme-master-of-managerial-economics\/\">Managerial Economics<\/a><br><strong>ECTS:<\/strong>&nbsp;&nbsp;5<br><strong>Lecturer:&nbsp;<\/strong>&nbsp;Dr Bogna Kaczorowska<br><strong>Email:<\/strong>&nbsp;&nbsp;<a href=\"mailto:bogna.kaczorowska@uwr.edu.pl\">bogna.kaczorowska@uwr.edu.pl<\/a><br><strong>Type:<\/strong>&nbsp;&nbsp;Compulsory<br><strong>Level:&nbsp;<\/strong>&nbsp;Advanced<\/p>\n\n\n\n<p>Personal information:<br>https:\/\/prawo.uni.wroc.pl\/user\/14513<\/p>\n\n\n\n<p><strong>Lecture<\/strong><br><strong>Number of hours:&nbsp;<\/strong>&nbsp;2h X 8 weeks = 16 hours (1 semester)<\/p>\n<\/div>\n<\/div>\n\n\n\n<div class=\"wp-block-ugb-container ugb-container bs-news-page-under ugb-f8694ce ugb-container--v2 ugb-container--design-plain ugb-main-block\"><div class=\"ugb-inner-block\"><div class=\"ugb-block-content\"><div class=\"ugb-container__wrapper ugb-f8694ce-wrapper\"><div class=\"ugb-container__side\"><div class=\"ugb-container__content-wrapper ugb-f8694ce-content-wrapper\">\n<p><strong>Contents:&nbsp;<\/strong><\/p>\n\n\n\n<p>1.&nbsp;General characteristics of Polish civil law;<br>2.&nbsp;Persons;<br>3.&nbsp;Juridical acts;<br>4.&nbsp;Obligations with particular view on contractual obligations. Sale contract in Polish law and rules on contracts for the international sale of goods;<br>5.&nbsp;Harmonization of contract law;<br>6.&nbsp;Ownership and other real rights. Transfer of immovables. Land and mortgage registers;<br>7.&nbsp;Succession;<br>8.&nbsp;Intellectual property law.<\/p>\n\n\n\n<p><strong>Recommended reading:&nbsp;<\/strong><br>P. Machnikowski, J. Balcarczyk, M. Drela,&nbsp;<em>Contract Law in Poland<\/em>, Alphen aan den Rijn 2017.<br>M. Habdas,&nbsp;<em>Property and Trust Law in Poland<\/em>, Alphen aan den Rinn 2015.<br><em>Transfer of Immovables in European Private Law<\/em>, ed. L.M. Mart\u00ednez Velencoso, S. Bailey, A. Pradi, Cambridge 2017.<br><em>F.&nbsp;<\/em>Longchamps de B\u00e9rier<em>,&nbsp;Law of Succession. Roman Legal Framework and Comparative Law Perspective<\/em>, Warszawa 2011.<br>P. Machnikowski, A. G\u00f3rnicz-Mulcahy,&nbsp;<em>Intellectual property law in Poland<\/em>, Alphen aan den Rijn 2017.<\/p>\n\n\n\n<p>Materials prepared in the framework of the project \u2018Polish private law\u2019 carried out by the Institute&nbsp;of Legal Studies of&nbsp;Polska Akademia Nauk (PAN, Polish Academy of Sciences) available on the website&nbsp;<a href=\"http:\/\/polishprivatelaw.pl\/\">http:\/\/polishprivatelaw.pl\/<\/a>&nbsp;(<a href=\"http:\/\/www.ppl.pan.pl\/\">www.ppl.pan.pl<\/a>):<\/p>\n\n\n\n<p>\u2013&nbsp;M.&nbsp;Grochowski, Polish Private Law \u2013 An Overall Perspective,&nbsp;<a href=\"http:\/\/polishprivatelaw.pl\/polish-private-law-an-overall-perspective\/\">http:\/\/polishprivatelaw.pl\/polish-private-law-an-overall-perspective\/<\/a>;<\/p>\n\n\n\n<p>\u2013&nbsp;K. Zaradkiewicz, Property Law \u2013 Introduction,&nbsp;<a href=\"http:\/\/polishprivatelaw.pl\/property-law-introduction\/\">http:\/\/polishprivatelaw.pl\/property-law-introduction\/<\/a>;<\/p>\n\n\n\n<p>\u2013&nbsp;W. Borysiak, Introduction to Contract Law,&nbsp;<a href=\"http:\/\/polishprivatelaw.pl\/introduction-to-contract-law\/\">http:\/\/polishprivatelaw.pl\/introduction-to-contract-law\/<\/a>;<\/p>\n\n\n\n<p>\u2013&nbsp;W. Borysiak, Polish law of succession \u2013 general information,&nbsp;<a href=\"http:\/\/polishprivatelaw.pl\/polish-law-of-succession-general-information\/\">http:\/\/polishprivatelaw.pl\/polish-law-of-succession-general-information\/<\/a>;<\/p>\n\n\n\n<p>\u2013&nbsp;J. Buchalska, J. Wosiura, [in:] Introduction to intellectual property law in Poland,&nbsp;<a href=\"http:\/\/polishprivatelaw.pl\/introduction-to-intelectual-property-law-in-poland\/\">http:\/\/polishprivatelaw.pl\/introduction-to-intel[l]ectual-property-law-in-poland\/<\/a>.<\/p>\n\n\n\n<p>Normative acts (selection):<\/p>\n\n\n\n<p>Ustawa z dnia 23 kwietnia 1964 r. \u2013 Kodeks cywilny (Dz. U. z 2017 r. poz. 459, z p\u00f3\u017an. zm.) =&nbsp;the Civil Code of 23 April 1964 (Journal of Laws 2017 item 459, as amended);&nbsp;bilingual edition:&nbsp;<em>The Civil Code<\/em><em>. Kodeks cywilny<\/em>, t\u0142um. E. Kucharska, weryfikacja j\u0119zykowa M. Le Mauviel, konsultacje prawne G.E. Doma\u0144ski, L. St\u0119pniak, K. Dobkowska, A. Zbiegie\u0144-Turza\u0144ska, Warszawa 2015.<\/p>\n\n\n\n<p>United Nations Convention of Contracts for the International Sale of Goods&nbsp;(\u2018Vienna Convention\u2019, CISG),&nbsp;<a href=\"http:\/\/www.uncitral.org\/uncitral\/en\/uncitral_texts\/sale_goods\/1980CISG.html\">http:\/\/www.uncitral.org\/uncitral\/en\/uncitral_texts\/sale_goods\/1980CISG.html<\/a>.<\/p>\n\n\n\n<p>Additional materials for students:<\/p>\n\n\n\n<p>Materials relating to issues discussed during the lectures available on the Faculty website:&nbsp;<a href=\"https:\/\/prawo.uni.wroc.pl\/node\/26097\">https:\/\/prawo.uni.wroc.pl\/node\/26097<\/a>.<\/p>\n<\/div><\/div><\/div><\/div><\/div><\/div>\n<\/div><\/div><\/div><\/div><\/div><\/div>\n","protected":false},"excerpt":{"rendered":"<p>Program:&nbsp;&nbsp;Managerial EconomicsECTS:&nbsp;&nbsp;5Lecturer:&nbsp;&nbsp;Dr Bogna KaczorowskaEmail:&nbsp;&nbsp;bogna.kaczorowska@uwr.edu.plType:&nbsp;&nbsp;CompulsoryLevel:&nbsp;&nbsp;Advanced Personal information:https:\/\/prawo.uni.wroc.pl\/user\/14513 LectureNumber of hours:&nbsp;&nbsp;2h X 8 weeks = 16 hours (1 semester) Contents:&nbsp; 1.&nbsp;General characteristics of Polish civil law;2.&nbsp;Persons;3.&nbsp;Juridical acts;4.&nbsp;Obligations with particular view on contractual obligations. Sale contract in Polish law and rules on contracts for the international sale of goods;5.&nbsp;Harmonization of contract law;6.&nbsp;Ownership and other real rights. Transfer of [&hellip;]<\/p>\n","protected":false},"author":20,"featured_media":15783,"parent":125028,"menu_order":0,"comment_status":"closed","ping_status":"closed","template":"","meta":{"_acf_changed":false,"inline_featured_image":false,"site-sidebar-layout":"default","site-content-layout":"","ast-site-content-layout":"default","site-content-style":"default","site-sidebar-style":"default","ast-global-header-display":"","ast-banner-title-visibility":"","ast-main-header-display":"","ast-hfb-above-header-display":"","ast-hfb-below-header-display":"","ast-hfb-mobile-header-display":"","site-post-title":"","ast-breadcrumbs-content":"","ast-featured-img":"","footer-sml-layout":"","ast-disable-related-posts":"","theme-transparent-header-meta":"","adv-header-id-meta":"","stick-header-meta":"","header-above-stick-meta":"","header-main-stick-meta":"","header-below-stick-meta":"","astra-migrate-meta-layouts":"default","ast-page-background-enabled":"default","ast-page-background-meta":{"desktop":{"background-color":"","background-image":"","background-repeat":"repeat","background-position":"center center","background-size":"auto","background-attachment":"scroll","background-type":"","background-media":"","overlay-type":"","overlay-color":"","overlay-opacity":"","overlay-gradient":""},"tablet":{"background-color":"","background-image":"","background-repeat":"repeat","background-position":"center center","background-size":"auto","background-attachment":"scroll","background-type":"","background-media":"","overlay-type":"","overlay-color":"","overlay-opacity":"","overlay-gradient":""},"mobile":{"background-color":"","background-image":"","background-repeat":"repeat","background-position":"center center","background-size":"auto","background-attachment":"scroll","background-type":"","background-media":"","overlay-type":"","overlay-color":"","overlay-opacity":"","overlay-gradient":""}},"ast-content-background-meta":{"desktop":{"background-color":"var(--ast-global-color-5)","background-image":"","background-repeat":"repeat","background-position":"center center","background-size":"auto","background-attachment":"scroll","background-type":"","background-media":"","overlay-type":"","overlay-color":"","overlay-opacity":"","overlay-gradient":""},"tablet":{"background-color":"var(--ast-global-color-5)","background-image":"","background-repeat":"repeat","background-position":"center center","background-size":"auto","background-attachment":"scroll","background-type":"","background-media":"","overlay-type":"","overlay-color":"","overlay-opacity":"","overlay-gradient":""},"mobile":{"background-color":"var(--ast-global-color-5)","background-image":"","background-repeat":"repeat","background-position":"center center","background-size":"auto","background-attachment":"scroll","background-type":"","background-media":"","overlay-type":"","overlay-color":"","overlay-opacity":"","overlay-gradient":""}},"footnotes":""},"categories":[],"tags":[],"class_list":["post-83293","page","type-page","status-publish","has-post-thumbnail","hentry"],"featured_image_urls_v2":{"full":"","thumbnail":"","medium":"","medium_large":"","large":"","1536x1536":"","2048x2048":"","menu-24x24":"","menu-36x36":"","menu-48x48":""},"post_excerpt_stackable_v2":"<p>Civil Law Program:&nbsp;&nbsp;Managerial EconomicsECTS:&nbsp;&nbsp;5Lecturer:&nbsp;&nbsp;Dr Bogna KaczorowskaEmail:&nbsp;&nbsp;bogna.kaczorowska@uwr.edu.plType:&nbsp;&nbsp;CompulsoryLevel:&nbsp;&nbsp;Advanced Personal information:https:\/\/prawo.uni.wroc.pl\/user\/14513 LectureNumber of hours:&nbsp;&nbsp;2h X 8 weeks = 16 hours (1 semester) Contents:&nbsp; 1.&nbsp;General characteristics of Polish civil law;2.&nbsp;Persons;3.&nbsp;Juridical acts;4.&nbsp;Obligations with particular view on contractual obligations. Sale contract in Polish law and rules on contracts for the international sale of goods;5.&nbsp;Harmonization of contract law;6.&nbsp;Ownership and other real rights. Transfer of immovables. Land and mortgage registers;7.&nbsp;Succession;8.&nbsp;Intellectual property law. Recommended reading:&nbsp;P. Machnikowski, J. Balcarczyk, M. Drela,&nbsp;Contract Law in Poland, Alphen aan den Rijn 2017.M. Habdas,&nbsp;Property and Trust Law in Poland, Alphen aan den Rinn 2015.Transfer of Immovables in European Private Law, ed. L.M. Mart\u00ednez Velencoso,&hellip;<\/p>\n","category_list_v2":"Uncategorized","author_info_v2":{"name":"mmatlinski","url":"https:\/\/prawo.uwr.edu.pl\/en\/author\/mmatlinski\/"},"comments_num_v2":"0 comments","acf":[],"yoast_head":"<!-- This site is optimized with the Yoast SEO plugin v27.1.1 - https:\/\/yoast.com\/product\/yoast-seo-wordpress\/ -->\n<title>Civil Law - Wydzia\u0142 Prawa, Administracji i Ekonomii<\/title>\n<meta name=\"robots\" content=\"index, follow, max-snippet:-1, max-image-preview:large, max-video-preview:-1\" \/>\n<link rel=\"canonical\" href=\"https:\/\/prawo.uwr.edu.pl\/en\/mme-master-of-managerial-economics\/civil-law\/\" \/>\n<meta property=\"og:locale\" content=\"en_US\" \/>\n<meta property=\"og:type\" content=\"article\" \/>\n<meta property=\"og:title\" content=\"Civil Law - Wydzia\u0142 Prawa, Administracji i Ekonomii\" \/>\n<meta property=\"og:description\" content=\"Program:&nbsp;&nbsp;Managerial EconomicsECTS:&nbsp;&nbsp;5Lecturer:&nbsp;&nbsp;Dr Bogna KaczorowskaEmail:&nbsp;&nbsp;bogna.kaczorowska@uwr.edu.plType:&nbsp;&nbsp;CompulsoryLevel:&nbsp;&nbsp;Advanced Personal information:https:\/\/prawo.uni.wroc.pl\/user\/14513 LectureNumber of hours:&nbsp;&nbsp;2h X 8 weeks = 16 hours (1 semester) Contents:&nbsp; 1.&nbsp;General characteristics of Polish civil law;2.&nbsp;Persons;3.&nbsp;Juridical acts;4.&nbsp;Obligations with particular view on contractual obligations. Sale contract in Polish law and rules on contracts for the international sale of goods;5.&nbsp;Harmonization of contract law;6.&nbsp;Ownership and other real rights. Transfer of [&hellip;]\" \/>\n<meta property=\"og:url\" content=\"https:\/\/prawo.uwr.edu.pl\/en\/mme-master-of-managerial-economics\/civil-law\/\" \/>\n<meta property=\"og:site_name\" content=\"Wydzia\u0142 Prawa, Administracji i Ekonomii\" \/>\n<meta property=\"article:modified_time\" content=\"2022-12-27T08:39:21+00:00\" \/>\n<meta name=\"twitter:card\" content=\"summary_large_image\" \/>\n<meta name=\"twitter:label1\" content=\"Est. reading time\" \/>\n\t<meta name=\"twitter:data1\" content=\"3 minutes\" \/>\n<script type=\"application\/ld+json\" class=\"yoast-schema-graph\">{\"@context\":\"https:\/\/schema.org\",\"@graph\":[{\"@type\":\"WebPage\",\"@id\":\"https:\/\/prawo.uwr.edu.pl\/en\/mme-master-of-managerial-economics\/civil-law\/\",\"url\":\"https:\/\/prawo.uwr.edu.pl\/en\/mme-master-of-managerial-economics\/civil-law\/\",\"name\":\"Civil Law - Wydzia\u0142 Prawa, Administracji i Ekonomii\",\"isPartOf\":{\"@id\":\"https:\/\/prawo.uwr.edu.pl\/#website\"},\"primaryImageOfPage\":{\"@id\":\"https:\/\/prawo.uwr.edu.pl\/en\/mme-master-of-managerial-economics\/civil-law\/#primaryimage\"},\"image\":{\"@id\":\"https:\/\/prawo.uwr.edu.pl\/en\/mme-master-of-managerial-economics\/civil-law\/#primaryimage\"},\"thumbnailUrl\":\"\",\"datePublished\":\"2022-08-10T07:34:57+00:00\",\"dateModified\":\"2022-12-27T08:39:21+00:00\",\"breadcrumb\":{\"@id\":\"https:\/\/prawo.uwr.edu.pl\/en\/mme-master-of-managerial-economics\/civil-law\/#breadcrumb\"},\"inLanguage\":\"en-US\",\"potentialAction\":[{\"@type\":\"ReadAction\",\"target\":[\"https:\/\/prawo.uwr.edu.pl\/en\/mme-master-of-managerial-economics\/civil-law\/\"]}]},{\"@type\":\"ImageObject\",\"inLanguage\":\"en-US\",\"@id\":\"https:\/\/prawo.uwr.edu.pl\/en\/mme-master-of-managerial-economics\/civil-law\/#primaryimage\",\"url\":\"\",\"contentUrl\":\"\"},{\"@type\":\"BreadcrumbList\",\"@id\":\"https:\/\/prawo.uwr.edu.pl\/en\/mme-master-of-managerial-economics\/civil-law\/#breadcrumb\",\"itemListElement\":[{\"@type\":\"ListItem\",\"position\":1,\"name\":\"Strona g\u0142\u00f3wna\",\"item\":\"https:\/\/prawo.uwr.edu.pl\/en\/\"},{\"@type\":\"ListItem\",\"position\":2,\"name\":\"MME: Master of Managerial Economics\",\"item\":\"https:\/\/prawo.uwr.edu.pl\/en\/mme-master-of-managerial-economics\/\"},{\"@type\":\"ListItem\",\"position\":3,\"name\":\"Civil Law\"}]},{\"@type\":\"WebSite\",\"@id\":\"https:\/\/prawo.uwr.edu.pl\/#website\",\"url\":\"https:\/\/prawo.uwr.edu.pl\/\",\"name\":\"Wydzia\u0142 Prawa, Administracji i Ekonomii\",\"description\":\"Kolejna witryna sieci \u201eUWR Witryny\u201d\",\"publisher\":{\"@id\":\"https:\/\/prawo.uwr.edu.pl\/#organization\"},\"potentialAction\":[{\"@type\":\"SearchAction\",\"target\":{\"@type\":\"EntryPoint\",\"urlTemplate\":\"https:\/\/prawo.uwr.edu.pl\/?s={search_term_string}\"},\"query-input\":{\"@type\":\"PropertyValueSpecification\",\"valueRequired\":true,\"valueName\":\"search_term_string\"}}],\"inLanguage\":\"en-US\"},{\"@type\":\"Organization\",\"@id\":\"https:\/\/prawo.uwr.edu.pl\/#organization\",\"name\":\"Wydzia\u0142 Prawa, Administracji i Ekonomii\",\"url\":\"https:\/\/prawo.uwr.edu.pl\/\",\"logo\":{\"@type\":\"ImageObject\",\"inLanguage\":\"en-US\",\"@id\":\"https:\/\/prawo.uwr.edu.pl\/#\/schema\/logo\/image\/\",\"url\":\"https:\/\/prawo.uwr.edu.pl\/wp-content\/uploads\/sites\/210\/2025\/10\/UWr-logotyp-2025.png\",\"contentUrl\":\"https:\/\/prawo.uwr.edu.pl\/wp-content\/uploads\/sites\/210\/2025\/10\/UWr-logotyp-2025.png\",\"width\":764,\"height\":269,\"caption\":\"Wydzia\u0142 Prawa, Administracji i Ekonomii\"},\"image\":{\"@id\":\"https:\/\/prawo.uwr.edu.pl\/#\/schema\/logo\/image\/\"}}]}<\/script>\n<!-- \/ Yoast SEO plugin. -->","yoast_head_json":{"title":"Civil Law - Wydzia\u0142 Prawa, Administracji i Ekonomii","robots":{"index":"index","follow":"follow","max-snippet":"max-snippet:-1","max-image-preview":"max-image-preview:large","max-video-preview":"max-video-preview:-1"},"canonical":"https:\/\/prawo.uwr.edu.pl\/en\/mme-master-of-managerial-economics\/civil-law\/","og_locale":"en_US","og_type":"article","og_title":"Civil Law - Wydzia\u0142 Prawa, Administracji i Ekonomii","og_description":"Program:&nbsp;&nbsp;Managerial EconomicsECTS:&nbsp;&nbsp;5Lecturer:&nbsp;&nbsp;Dr Bogna KaczorowskaEmail:&nbsp;&nbsp;bogna.kaczorowska@uwr.edu.plType:&nbsp;&nbsp;CompulsoryLevel:&nbsp;&nbsp;Advanced Personal information:https:\/\/prawo.uni.wroc.pl\/user\/14513 LectureNumber of hours:&nbsp;&nbsp;2h X 8 weeks = 16 hours (1 semester) Contents:&nbsp; 1.&nbsp;General characteristics of Polish civil law;2.&nbsp;Persons;3.&nbsp;Juridical acts;4.&nbsp;Obligations with particular view on contractual obligations. Sale contract in Polish law and rules on contracts for the international sale of goods;5.&nbsp;Harmonization of contract law;6.&nbsp;Ownership and other real rights. Transfer of [&hellip;]","og_url":"https:\/\/prawo.uwr.edu.pl\/en\/mme-master-of-managerial-economics\/civil-law\/","og_site_name":"Wydzia\u0142 Prawa, Administracji i Ekonomii","article_modified_time":"2022-12-27T08:39:21+00:00","twitter_card":"summary_large_image","twitter_misc":{"Est. reading time":"3 minutes"},"schema":{"@context":"https:\/\/schema.org","@graph":[{"@type":"WebPage","@id":"https:\/\/prawo.uwr.edu.pl\/en\/mme-master-of-managerial-economics\/civil-law\/","url":"https:\/\/prawo.uwr.edu.pl\/en\/mme-master-of-managerial-economics\/civil-law\/","name":"Civil Law - Wydzia\u0142 Prawa, Administracji i Ekonomii","isPartOf":{"@id":"https:\/\/prawo.uwr.edu.pl\/#website"},"primaryImageOfPage":{"@id":"https:\/\/prawo.uwr.edu.pl\/en\/mme-master-of-managerial-economics\/civil-law\/#primaryimage"},"image":{"@id":"https:\/\/prawo.uwr.edu.pl\/en\/mme-master-of-managerial-economics\/civil-law\/#primaryimage"},"thumbnailUrl":"","datePublished":"2022-08-10T07:34:57+00:00","dateModified":"2022-12-27T08:39:21+00:00","breadcrumb":{"@id":"https:\/\/prawo.uwr.edu.pl\/en\/mme-master-of-managerial-economics\/civil-law\/#breadcrumb"},"inLanguage":"en-US","potentialAction":[{"@type":"ReadAction","target":["https:\/\/prawo.uwr.edu.pl\/en\/mme-master-of-managerial-economics\/civil-law\/"]}]},{"@type":"ImageObject","inLanguage":"en-US","@id":"https:\/\/prawo.uwr.edu.pl\/en\/mme-master-of-managerial-economics\/civil-law\/#primaryimage","url":"","contentUrl":""},{"@type":"BreadcrumbList","@id":"https:\/\/prawo.uwr.edu.pl\/en\/mme-master-of-managerial-economics\/civil-law\/#breadcrumb","itemListElement":[{"@type":"ListItem","position":1,"name":"Strona g\u0142\u00f3wna","item":"https:\/\/prawo.uwr.edu.pl\/en\/"},{"@type":"ListItem","position":2,"name":"MME: Master of Managerial Economics","item":"https:\/\/prawo.uwr.edu.pl\/en\/mme-master-of-managerial-economics\/"},{"@type":"ListItem","position":3,"name":"Civil Law"}]},{"@type":"WebSite","@id":"https:\/\/prawo.uwr.edu.pl\/#website","url":"https:\/\/prawo.uwr.edu.pl\/","name":"Wydzia\u0142 Prawa, Administracji i Ekonomii","description":"Kolejna witryna sieci \u201eUWR Witryny\u201d","publisher":{"@id":"https:\/\/prawo.uwr.edu.pl\/#organization"},"potentialAction":[{"@type":"SearchAction","target":{"@type":"EntryPoint","urlTemplate":"https:\/\/prawo.uwr.edu.pl\/?s={search_term_string}"},"query-input":{"@type":"PropertyValueSpecification","valueRequired":true,"valueName":"search_term_string"}}],"inLanguage":"en-US"},{"@type":"Organization","@id":"https:\/\/prawo.uwr.edu.pl\/#organization","name":"Wydzia\u0142 Prawa, Administracji i Ekonomii","url":"https:\/\/prawo.uwr.edu.pl\/","logo":{"@type":"ImageObject","inLanguage":"en-US","@id":"https:\/\/prawo.uwr.edu.pl\/#\/schema\/logo\/image\/","url":"https:\/\/prawo.uwr.edu.pl\/wp-content\/uploads\/sites\/210\/2025\/10\/UWr-logotyp-2025.png","contentUrl":"https:\/\/prawo.uwr.edu.pl\/wp-content\/uploads\/sites\/210\/2025\/10\/UWr-logotyp-2025.png","width":764,"height":269,"caption":"Wydzia\u0142 Prawa, Administracji i Ekonomii"},"image":{"@id":"https:\/\/prawo.uwr.edu.pl\/#\/schema\/logo\/image\/"}}]}},"publishpress_future_action":{"enabled":false,"date":"2026-04-26 13:23:38","action":"change-status","newStatus":"draft","terms":[],"taxonomy":"category","extraData":[]},"publishpress_future_workflow_manual_trigger":{"enabledWorkflows":[]},"_links":{"self":[{"href":"https:\/\/prawo.uwr.edu.pl\/en\/wp-json\/wp\/v2\/pages\/83293\/"}],"collection":[{"href":"https:\/\/prawo.uwr.edu.pl\/en\/wp-json\/wp\/v2\/pages\/"}],"about":[{"href":"https:\/\/prawo.uwr.edu.pl\/en\/wp-json\/wp\/v2\/types\/page\/"}],"author":[{"embeddable":true,"href":"https:\/\/prawo.uwr.edu.pl\/en\/wp-json\/wp\/v2\/users\/20\/"}],"replies":[{"embeddable":true,"href":"https:\/\/prawo.uwr.edu.pl\/en\/wp-json\/wp\/v2\/comments\/?post=83293"}],"version-history":[{"count":2,"href":"https:\/\/prawo.uwr.edu.pl\/en\/wp-json\/wp\/v2\/pages\/83293\/revisions\/"}],"predecessor-version":[{"id":126228,"href":"https:\/\/prawo.uwr.edu.pl\/en\/wp-json\/wp\/v2\/pages\/83293\/revisions\/126228\/"}],"up":[{"embeddable":true,"href":"https:\/\/prawo.uwr.edu.pl\/en\/wp-json\/wp\/v2\/pages\/125028\/"}],"wp:featuredmedia":[{"embeddable":true,"href":"https:\/\/prawo.uwr.edu.pl\/en\/wp-json\/"}],"wp:attachment":[{"href":"https:\/\/prawo.uwr.edu.pl\/en\/wp-json\/wp\/v2\/media\/?parent=83293"}],"wp:term":[{"taxonomy":"category","embeddable":true,"href":"https:\/\/prawo.uwr.edu.pl\/en\/wp-json\/wp\/v2\/categories\/?post=83293"},{"taxonomy":"post_tag","embeddable":true,"href":"https:\/\/prawo.uwr.edu.pl\/en\/wp-json\/wp\/v2\/tags\/?post=83293"}],"curies":[{"name":"wp","href":"https:\/\/api.w.org\/{rel}","templated":true}]}}