{"id":84499,"date":"2022-08-10T12:01:30","date_gmt":"2022-08-10T10:01:30","guid":{"rendered":"https:\/\/prawo.uwr.edu.pl\/?page_id=84499"},"modified":"2022-12-27T10:18:37","modified_gmt":"2022-12-27T09:18:37","slug":"system-of-governments","status":"publish","type":"page","link":"https:\/\/prawo.uwr.edu.pl\/en\/mme-master-of-managerial-economics\/system-of-governments\/","title":{"rendered":"System of Governments"},"content":{"rendered":"\n<div class=\"wp-block-ugb-container ugb-container ugb-8dda971 ugb-container--v2 ugb-container--design-plain ugb-main-block\"><div class=\"ugb-inner-block\"><div class=\"ugb-block-content\"><div class=\"ugb-container__wrapper ugb-8dda971-wrapper\"><div class=\"ugb-container__side\"><div class=\"ugb-container__content-wrapper ugb-8dda971-content-wrapper\">\n<div class=\"wp-block-columns bs-news-page is-layout-flex wp-block-columns-is-layout-flex\">\n<div class=\"wp-block-column bs-kontakt-photo is-layout-flow wp-block-column-is-layout-flow\">\n<figure class=\"wp-block-image size-large\"><img decoding=\"async\" src=\"https:\/\/prawo.uwr.edu.pl\/wp-content\/uploads\/sites\/210\/2022\/04\/pexels-lumn-351961-1024x683.jpg\" alt=\"zielnotes\" class=\"wp-image-42262\"\/><\/figure>\n<\/div>\n\n\n\n<div class=\"wp-block-column bs-contact-right-column is-layout-flow wp-block-column-is-layout-flow\">\n<div class=\"wp-block-bonasoft-modular-breadcrumbs-block\"><div class=\"bs_add_breadcrumb_trail\"><\/div><\/div>\n\n\n\n<hr class=\"wp-block-separator has-text-color has-background has-black-background-color has-black-color is-style-wide bs-border-kontakt\"\/>\n\n\n<h1 style=\"font-style:normal;font-weight:700;\" class=\"bs-naglowek-podstrony wp-block-post-title\">System of Governments<\/h1>\n\n\n<p><strong>Program:<\/strong>&nbsp;&nbsp;<a href=\"\/en\/mme-master-of-managerial-economics\/\">Managerial Economics<\/a><br><strong>ECTS:&nbsp;<\/strong>&nbsp;2<br><strong>Lecturer:&nbsp;<\/strong>&nbsp;Tomasz Jurczyk PhD<br><strong>Email:&nbsp;<\/strong>&nbsp;<a href=\"mailto:tomasz.jurczyk@uwr.edu.pl\">tomasz.jurczyk@uwr.edu.pl<\/a><br><strong>Type:&nbsp;<\/strong>&nbsp;Optional<br><strong>Level:<\/strong>&nbsp;&nbsp;Advanced<\/p>\n\n\n\n<p><strong>Classes<\/strong><br><strong>Number of hours:&nbsp;<\/strong>&nbsp;2h X 8 weeks = 16 hours (1 semester)<\/p>\n<\/div>\n<\/div>\n\n\n\n<div class=\"wp-block-ugb-container ugb-container bs-news-page-under ugb-f8694ce ugb-container--v2 ugb-container--design-plain ugb-main-block\"><div class=\"ugb-inner-block\"><div class=\"ugb-block-content\"><div class=\"ugb-container__wrapper ugb-f8694ce-wrapper\"><div class=\"ugb-container__side\"><div class=\"ugb-container__content-wrapper ugb-f8694ce-content-wrapper\">\n<p><strong>Objective:&nbsp;<\/strong><br>Comprehensive understanding of key elements necessary for functioning of democratic states.<br>Ability to discern between different forms of governments.<\/p>\n\n\n\n<p><strong>Contents:&nbsp;<\/strong><br>Students during this course of lectures will familiarize with basic elements of functioning of democratic state and its institutions.<\/p>\n\n\n\n<p><strong>Lectures<\/strong><br>1. Modern democratic state, its key elements and historical evolution.<br>2. Rule of law principle and its significance for democratic system.<br>3. Presidential system of governments.<br>4. Parliamentary system of governments.Recommended reading:&nbsp;<\/p>\n\n\n\n<ul class=\"wp-block-list\"><li>Comparative Constitutional Engineering, Giovanni Sartori, Macmillan Press Ltd, London, 1997<\/li><li>Outline of Polish Constitutional Law, Bogus\u0142aw Banaszak, Wydawnictwo Uniwersytetu Wroc\u0142awskiego Wroc\u0142aw, 2008<\/li><\/ul>\n<\/div><\/div><\/div><\/div><\/div><\/div>\n<\/div><\/div><\/div><\/div><\/div><\/div>\n","protected":false},"excerpt":{"rendered":"<p>Program:&nbsp;&nbsp;Managerial EconomicsECTS:&nbsp;&nbsp;2Lecturer:&nbsp;&nbsp;Tomasz Jurczyk PhDEmail:&nbsp;&nbsp;tomasz.jurczyk@uwr.edu.plType:&nbsp;&nbsp;OptionalLevel:&nbsp;&nbsp;Advanced ClassesNumber of hours:&nbsp;&nbsp;2h X 8 weeks = 16 hours (1 semester) Objective:&nbsp;Comprehensive understanding of key elements necessary for functioning of democratic states.Ability to discern between different forms of governments. Contents:&nbsp;Students during this course of lectures will familiarize with basic elements of functioning of democratic state and its institutions. Lectures1. Modern democratic [&hellip;]<\/p>\n","protected":false},"author":20,"featured_media":42262,"parent":125028,"menu_order":0,"comment_status":"closed","ping_status":"closed","template":"","meta":{"_acf_changed":false,"inline_featured_image":false,"site-sidebar-layout":"default","site-content-layout":"","ast-site-content-layout":"default","site-content-style":"default","site-sidebar-style":"default","ast-global-header-display":"","ast-banner-title-visibility":"","ast-main-header-display":"","ast-hfb-above-header-display":"","ast-hfb-below-header-display":"","ast-hfb-mobile-header-display":"","site-post-title":"","ast-breadcrumbs-content":"","ast-featured-img":"","footer-sml-layout":"","ast-disable-related-posts":"","theme-transparent-header-meta":"","adv-header-id-meta":"","stick-header-meta":"","header-above-stick-meta":"","header-main-stick-meta":"","header-below-stick-meta":"","astra-migrate-meta-layouts":"default","ast-page-background-enabled":"default","ast-page-background-meta":{"desktop":{"background-color":"","background-image":"","background-repeat":"repeat","background-position":"center center","background-size":"auto","background-attachment":"scroll","background-type":"","background-media":"","overlay-type":"","overlay-color":"","overlay-opacity":"","overlay-gradient":""},"tablet":{"background-color":"","background-image":"","background-repeat":"repeat","background-position":"center center","background-size":"auto","background-attachment":"scroll","background-type":"","background-media":"","overlay-type":"","overlay-color":"","overlay-opacity":"","overlay-gradient":""},"mobile":{"background-color":"","background-image":"","background-repeat":"repeat","background-position":"center center","background-size":"auto","background-attachment":"scroll","background-type":"","background-media":"","overlay-type":"","overlay-color":"","overlay-opacity":"","overlay-gradient":""}},"ast-content-background-meta":{"desktop":{"background-color":"var(--ast-global-color-5)","background-image":"","background-repeat":"repeat","background-position":"center center","background-size":"auto","background-attachment":"scroll","background-type":"","background-media":"","overlay-type":"","overlay-color":"","overlay-opacity":"","overlay-gradient":""},"tablet":{"background-color":"var(--ast-global-color-5)","background-image":"","background-repeat":"repeat","background-position":"center center","background-size":"auto","background-attachment":"scroll","background-type":"","background-media":"","overlay-type":"","overlay-color":"","overlay-opacity":"","overlay-gradient":""},"mobile":{"background-color":"var(--ast-global-color-5)","background-image":"","background-repeat":"repeat","background-position":"center center","background-size":"auto","background-attachment":"scroll","background-type":"","background-media":"","overlay-type":"","overlay-color":"","overlay-opacity":"","overlay-gradient":""}},"footnotes":""},"categories":[],"tags":[],"class_list":["post-84499","page","type-page","status-publish","has-post-thumbnail","hentry"],"featured_image_urls_v2":{"full":"","thumbnail":"","medium":"","medium_large":"","large":"","1536x1536":"","2048x2048":"","menu-24x24":"","menu-36x36":"","menu-48x48":""},"post_excerpt_stackable_v2":"<p>System of Governments Program:&nbsp;&nbsp;Managerial EconomicsECTS:&nbsp;&nbsp;2Lecturer:&nbsp;&nbsp;Tomasz Jurczyk PhDEmail:&nbsp;&nbsp;tomasz.jurczyk@uwr.edu.plType:&nbsp;&nbsp;OptionalLevel:&nbsp;&nbsp;Advanced ClassesNumber of hours:&nbsp;&nbsp;2h X 8 weeks = 16 hours (1 semester) Objective:&nbsp;Comprehensive understanding of key elements necessary for functioning of democratic states.Ability to discern between different forms of governments. Contents:&nbsp;Students during this course of lectures will familiarize with basic elements of functioning of democratic state and its institutions. Lectures1. Modern democratic state, its key elements and historical evolution.2. Rule of law principle and its significance for democratic system.3. Presidential system of governments.4. Parliamentary system of governments.Recommended reading:&nbsp; Comparative Constitutional Engineering, Giovanni Sartori, Macmillan Press Ltd, London, 1997Outline of Polish Constitutional Law, Bogus\u0142aw Banaszak,&hellip;<\/p>\n","category_list_v2":"Uncategorized","author_info_v2":{"name":"mmatlinski","url":"https:\/\/prawo.uwr.edu.pl\/en\/author\/mmatlinski\/"},"comments_num_v2":"0 comments","acf":[],"yoast_head":"<!-- This site is optimized with the Yoast SEO plugin v27.1.1 - https:\/\/yoast.com\/product\/yoast-seo-wordpress\/ -->\n<title>System of Governments - Wydzia\u0142 Prawa, Administracji i Ekonomii<\/title>\n<meta name=\"robots\" content=\"index, follow, max-snippet:-1, max-image-preview:large, max-video-preview:-1\" \/>\n<link rel=\"canonical\" href=\"https:\/\/prawo.uwr.edu.pl\/en\/mme-master-of-managerial-economics\/system-of-governments\/\" \/>\n<meta property=\"og:locale\" content=\"en_US\" \/>\n<meta property=\"og:type\" content=\"article\" \/>\n<meta property=\"og:title\" content=\"System of Governments - Wydzia\u0142 Prawa, Administracji i Ekonomii\" \/>\n<meta property=\"og:description\" content=\"Program:&nbsp;&nbsp;Managerial EconomicsECTS:&nbsp;&nbsp;2Lecturer:&nbsp;&nbsp;Tomasz Jurczyk PhDEmail:&nbsp;&nbsp;tomasz.jurczyk@uwr.edu.plType:&nbsp;&nbsp;OptionalLevel:&nbsp;&nbsp;Advanced ClassesNumber of hours:&nbsp;&nbsp;2h X 8 weeks = 16 hours (1 semester) Objective:&nbsp;Comprehensive understanding of key elements necessary for functioning of democratic states.Ability to discern between different forms of governments. Contents:&nbsp;Students during this course of lectures will familiarize with basic elements of functioning of democratic state and its institutions. Lectures1. Modern democratic [&hellip;]\" \/>\n<meta property=\"og:url\" content=\"https:\/\/prawo.uwr.edu.pl\/en\/mme-master-of-managerial-economics\/system-of-governments\/\" \/>\n<meta property=\"og:site_name\" content=\"Wydzia\u0142 Prawa, Administracji i Ekonomii\" \/>\n<meta property=\"article:modified_time\" content=\"2022-12-27T09:18:37+00:00\" \/>\n<meta name=\"twitter:card\" content=\"summary_large_image\" \/>\n<meta name=\"twitter:label1\" content=\"Est. reading time\" \/>\n\t<meta name=\"twitter:data1\" content=\"1 minute\" \/>\n<script type=\"application\/ld+json\" class=\"yoast-schema-graph\">{\"@context\":\"https:\/\/schema.org\",\"@graph\":[{\"@type\":\"WebPage\",\"@id\":\"https:\/\/prawo.uwr.edu.pl\/en\/mme-master-of-managerial-economics\/system-of-governments\/\",\"url\":\"https:\/\/prawo.uwr.edu.pl\/en\/mme-master-of-managerial-economics\/system-of-governments\/\",\"name\":\"System of Governments - Wydzia\u0142 Prawa, Administracji i Ekonomii\",\"isPartOf\":{\"@id\":\"https:\/\/prawo.uwr.edu.pl\/#website\"},\"primaryImageOfPage\":{\"@id\":\"https:\/\/prawo.uwr.edu.pl\/en\/mme-master-of-managerial-economics\/system-of-governments\/#primaryimage\"},\"image\":{\"@id\":\"https:\/\/prawo.uwr.edu.pl\/en\/mme-master-of-managerial-economics\/system-of-governments\/#primaryimage\"},\"thumbnailUrl\":\"\",\"datePublished\":\"2022-08-10T10:01:30+00:00\",\"dateModified\":\"2022-12-27T09:18:37+00:00\",\"breadcrumb\":{\"@id\":\"https:\/\/prawo.uwr.edu.pl\/en\/mme-master-of-managerial-economics\/system-of-governments\/#breadcrumb\"},\"inLanguage\":\"en-US\",\"potentialAction\":[{\"@type\":\"ReadAction\",\"target\":[\"https:\/\/prawo.uwr.edu.pl\/en\/mme-master-of-managerial-economics\/system-of-governments\/\"]}]},{\"@type\":\"ImageObject\",\"inLanguage\":\"en-US\",\"@id\":\"https:\/\/prawo.uwr.edu.pl\/en\/mme-master-of-managerial-economics\/system-of-governments\/#primaryimage\",\"url\":\"\",\"contentUrl\":\"\"},{\"@type\":\"BreadcrumbList\",\"@id\":\"https:\/\/prawo.uwr.edu.pl\/en\/mme-master-of-managerial-economics\/system-of-governments\/#breadcrumb\",\"itemListElement\":[{\"@type\":\"ListItem\",\"position\":1,\"name\":\"Strona g\u0142\u00f3wna\",\"item\":\"https:\/\/prawo.uwr.edu.pl\/en\/\"},{\"@type\":\"ListItem\",\"position\":2,\"name\":\"MME: Master of Managerial Economics\",\"item\":\"https:\/\/prawo.uwr.edu.pl\/en\/mme-master-of-managerial-economics\/\"},{\"@type\":\"ListItem\",\"position\":3,\"name\":\"System of Governments\"}]},{\"@type\":\"WebSite\",\"@id\":\"https:\/\/prawo.uwr.edu.pl\/#website\",\"url\":\"https:\/\/prawo.uwr.edu.pl\/\",\"name\":\"Wydzia\u0142 Prawa, Administracji i Ekonomii\",\"description\":\"Kolejna witryna sieci \u201eUWR Witryny\u201d\",\"publisher\":{\"@id\":\"https:\/\/prawo.uwr.edu.pl\/#organization\"},\"potentialAction\":[{\"@type\":\"SearchAction\",\"target\":{\"@type\":\"EntryPoint\",\"urlTemplate\":\"https:\/\/prawo.uwr.edu.pl\/?s={search_term_string}\"},\"query-input\":{\"@type\":\"PropertyValueSpecification\",\"valueRequired\":true,\"valueName\":\"search_term_string\"}}],\"inLanguage\":\"en-US\"},{\"@type\":\"Organization\",\"@id\":\"https:\/\/prawo.uwr.edu.pl\/#organization\",\"name\":\"Wydzia\u0142 Prawa, Administracji i Ekonomii\",\"url\":\"https:\/\/prawo.uwr.edu.pl\/\",\"logo\":{\"@type\":\"ImageObject\",\"inLanguage\":\"en-US\",\"@id\":\"https:\/\/prawo.uwr.edu.pl\/#\/schema\/logo\/image\/\",\"url\":\"https:\/\/prawo.uwr.edu.pl\/wp-content\/uploads\/sites\/210\/2025\/10\/UWr-logotyp-2025.png\",\"contentUrl\":\"https:\/\/prawo.uwr.edu.pl\/wp-content\/uploads\/sites\/210\/2025\/10\/UWr-logotyp-2025.png\",\"width\":764,\"height\":269,\"caption\":\"Wydzia\u0142 Prawa, Administracji i Ekonomii\"},\"image\":{\"@id\":\"https:\/\/prawo.uwr.edu.pl\/#\/schema\/logo\/image\/\"}}]}<\/script>\n<!-- \/ Yoast SEO plugin. -->","yoast_head_json":{"title":"System of Governments - Wydzia\u0142 Prawa, Administracji i Ekonomii","robots":{"index":"index","follow":"follow","max-snippet":"max-snippet:-1","max-image-preview":"max-image-preview:large","max-video-preview":"max-video-preview:-1"},"canonical":"https:\/\/prawo.uwr.edu.pl\/en\/mme-master-of-managerial-economics\/system-of-governments\/","og_locale":"en_US","og_type":"article","og_title":"System of Governments - Wydzia\u0142 Prawa, Administracji i Ekonomii","og_description":"Program:&nbsp;&nbsp;Managerial EconomicsECTS:&nbsp;&nbsp;2Lecturer:&nbsp;&nbsp;Tomasz Jurczyk PhDEmail:&nbsp;&nbsp;tomasz.jurczyk@uwr.edu.plType:&nbsp;&nbsp;OptionalLevel:&nbsp;&nbsp;Advanced ClassesNumber of hours:&nbsp;&nbsp;2h X 8 weeks = 16 hours (1 semester) Objective:&nbsp;Comprehensive understanding of key elements necessary for functioning of democratic states.Ability to discern between different forms of governments. Contents:&nbsp;Students during this course of lectures will familiarize with basic elements of functioning of democratic state and its institutions. Lectures1. Modern democratic [&hellip;]","og_url":"https:\/\/prawo.uwr.edu.pl\/en\/mme-master-of-managerial-economics\/system-of-governments\/","og_site_name":"Wydzia\u0142 Prawa, Administracji i Ekonomii","article_modified_time":"2022-12-27T09:18:37+00:00","twitter_card":"summary_large_image","twitter_misc":{"Est. reading time":"1 minute"},"schema":{"@context":"https:\/\/schema.org","@graph":[{"@type":"WebPage","@id":"https:\/\/prawo.uwr.edu.pl\/en\/mme-master-of-managerial-economics\/system-of-governments\/","url":"https:\/\/prawo.uwr.edu.pl\/en\/mme-master-of-managerial-economics\/system-of-governments\/","name":"System of Governments - Wydzia\u0142 Prawa, Administracji i Ekonomii","isPartOf":{"@id":"https:\/\/prawo.uwr.edu.pl\/#website"},"primaryImageOfPage":{"@id":"https:\/\/prawo.uwr.edu.pl\/en\/mme-master-of-managerial-economics\/system-of-governments\/#primaryimage"},"image":{"@id":"https:\/\/prawo.uwr.edu.pl\/en\/mme-master-of-managerial-economics\/system-of-governments\/#primaryimage"},"thumbnailUrl":"","datePublished":"2022-08-10T10:01:30+00:00","dateModified":"2022-12-27T09:18:37+00:00","breadcrumb":{"@id":"https:\/\/prawo.uwr.edu.pl\/en\/mme-master-of-managerial-economics\/system-of-governments\/#breadcrumb"},"inLanguage":"en-US","potentialAction":[{"@type":"ReadAction","target":["https:\/\/prawo.uwr.edu.pl\/en\/mme-master-of-managerial-economics\/system-of-governments\/"]}]},{"@type":"ImageObject","inLanguage":"en-US","@id":"https:\/\/prawo.uwr.edu.pl\/en\/mme-master-of-managerial-economics\/system-of-governments\/#primaryimage","url":"","contentUrl":""},{"@type":"BreadcrumbList","@id":"https:\/\/prawo.uwr.edu.pl\/en\/mme-master-of-managerial-economics\/system-of-governments\/#breadcrumb","itemListElement":[{"@type":"ListItem","position":1,"name":"Strona g\u0142\u00f3wna","item":"https:\/\/prawo.uwr.edu.pl\/en\/"},{"@type":"ListItem","position":2,"name":"MME: Master of Managerial Economics","item":"https:\/\/prawo.uwr.edu.pl\/en\/mme-master-of-managerial-economics\/"},{"@type":"ListItem","position":3,"name":"System of Governments"}]},{"@type":"WebSite","@id":"https:\/\/prawo.uwr.edu.pl\/#website","url":"https:\/\/prawo.uwr.edu.pl\/","name":"Wydzia\u0142 Prawa, Administracji i Ekonomii","description":"Kolejna witryna sieci \u201eUWR Witryny\u201d","publisher":{"@id":"https:\/\/prawo.uwr.edu.pl\/#organization"},"potentialAction":[{"@type":"SearchAction","target":{"@type":"EntryPoint","urlTemplate":"https:\/\/prawo.uwr.edu.pl\/?s={search_term_string}"},"query-input":{"@type":"PropertyValueSpecification","valueRequired":true,"valueName":"search_term_string"}}],"inLanguage":"en-US"},{"@type":"Organization","@id":"https:\/\/prawo.uwr.edu.pl\/#organization","name":"Wydzia\u0142 Prawa, Administracji i Ekonomii","url":"https:\/\/prawo.uwr.edu.pl\/","logo":{"@type":"ImageObject","inLanguage":"en-US","@id":"https:\/\/prawo.uwr.edu.pl\/#\/schema\/logo\/image\/","url":"https:\/\/prawo.uwr.edu.pl\/wp-content\/uploads\/sites\/210\/2025\/10\/UWr-logotyp-2025.png","contentUrl":"https:\/\/prawo.uwr.edu.pl\/wp-content\/uploads\/sites\/210\/2025\/10\/UWr-logotyp-2025.png","width":764,"height":269,"caption":"Wydzia\u0142 Prawa, Administracji i Ekonomii"},"image":{"@id":"https:\/\/prawo.uwr.edu.pl\/#\/schema\/logo\/image\/"}}]}},"publishpress_future_action":{"enabled":false,"date":"2026-04-26 13:26:25","action":"change-status","newStatus":"draft","terms":[],"taxonomy":"category","extraData":[]},"publishpress_future_workflow_manual_trigger":{"enabledWorkflows":[]},"_links":{"self":[{"href":"https:\/\/prawo.uwr.edu.pl\/en\/wp-json\/wp\/v2\/pages\/84499\/"}],"collection":[{"href":"https:\/\/prawo.uwr.edu.pl\/en\/wp-json\/wp\/v2\/pages\/"}],"about":[{"href":"https:\/\/prawo.uwr.edu.pl\/en\/wp-json\/wp\/v2\/types\/page\/"}],"author":[{"embeddable":true,"href":"https:\/\/prawo.uwr.edu.pl\/en\/wp-json\/wp\/v2\/users\/20\/"}],"replies":[{"embeddable":true,"href":"https:\/\/prawo.uwr.edu.pl\/en\/wp-json\/wp\/v2\/comments\/?post=84499"}],"version-history":[{"count":1,"href":"https:\/\/prawo.uwr.edu.pl\/en\/wp-json\/wp\/v2\/pages\/84499\/revisions\/"}],"predecessor-version":[{"id":126339,"href":"https:\/\/prawo.uwr.edu.pl\/en\/wp-json\/wp\/v2\/pages\/84499\/revisions\/126339\/"}],"up":[{"embeddable":true,"href":"https:\/\/prawo.uwr.edu.pl\/en\/wp-json\/wp\/v2\/pages\/125028\/"}],"wp:featuredmedia":[{"embeddable":true,"href":"https:\/\/prawo.uwr.edu.pl\/en\/wp-json\/"}],"wp:attachment":[{"href":"https:\/\/prawo.uwr.edu.pl\/en\/wp-json\/wp\/v2\/media\/?parent=84499"}],"wp:term":[{"taxonomy":"category","embeddable":true,"href":"https:\/\/prawo.uwr.edu.pl\/en\/wp-json\/wp\/v2\/categories\/?post=84499"},{"taxonomy":"post_tag","embeddable":true,"href":"https:\/\/prawo.uwr.edu.pl\/en\/wp-json\/wp\/v2\/tags\/?post=84499"}],"curies":[{"name":"wp","href":"https:\/\/api.w.org\/{rel}","templated":true}]}}