{"id":91273,"date":"2022-08-11T14:17:35","date_gmt":"2022-08-11T12:17:35","guid":{"rendered":"https:\/\/prawo.uwr.edu.pl\/?page_id=91273"},"modified":"2022-12-27T09:59:40","modified_gmt":"2022-12-27T08:59:40","slug":"international-marketing","status":"publish","type":"page","link":"https:\/\/prawo.uwr.edu.pl\/en\/mme-master-of-managerial-economics\/international-marketing\/","title":{"rendered":"International Marketing"},"content":{"rendered":"\n<div class=\"wp-block-ugb-container ugb-container ugb-8dda971 ugb-container--v2 ugb-container--design-plain ugb-main-block\"><div class=\"ugb-inner-block\"><div class=\"ugb-block-content\"><div class=\"ugb-container__wrapper ugb-8dda971-wrapper\"><div class=\"ugb-container__side\"><div class=\"ugb-container__content-wrapper ugb-8dda971-content-wrapper\">\n<div class=\"wp-block-columns bs-news-page is-layout-flex wp-block-columns-is-layout-flex\">\n<div class=\"wp-block-column bs-kontakt-photo is-layout-flow wp-block-column-is-layout-flow\">\n<figure class=\"wp-block-image size-large\"><img decoding=\"async\" src=\"https:\/\/prawo.uwr.edu.pl\/wp-content\/uploads\/sites\/210\/2022\/07\/pexels-fox-1595385-1024x683.jpg\" alt=\"grupa m\u0142odych ludzi zebrana przy laptopie i ogl\u0105daj\u0105ca wsp\u00f3lnie\" class=\"wp-image-38722\"\/><\/figure>\n<\/div>\n\n\n\n<div class=\"wp-block-column bs-contact-right-column is-layout-flow wp-block-column-is-layout-flow\">\n<div class=\"wp-block-bonasoft-modular-breadcrumbs-block\"><div class=\"bs_add_breadcrumb_trail\"><\/div><\/div>\n\n\n\n<hr class=\"wp-block-separator has-text-color has-background has-black-background-color has-black-color is-style-wide bs-border-kontakt\"\/>\n\n\n<h1 style=\"font-style:normal;font-weight:700;\" class=\"bs-naglowek-podstrony wp-block-post-title\">International Marketing<\/h1>\n\n\n<p><strong>Program:<\/strong>&nbsp;&nbsp;<a href=\"\/en\/mme-master-of-managerial-economics\/\">Managerial Economics<\/a><br><strong>ECTS:<\/strong>&nbsp;&nbsp;3<br><strong>Lecturer:<\/strong>&nbsp;&nbsp;Justyna Ziobrowska MA<br><strong>Email:&nbsp;<\/strong>&nbsp;<a href=\"mailto:justyna.ziobrowska@uwr.edu.pl\">justyna.ziobrowska@uwr.edu.pl<\/a><\/p>\n\n\n\n<p><strong>Time and place:&nbsp;<\/strong><br>Personal information:<br>https:\/\/prawo.uni.wroc.pl\/user\/15883<br><strong>Type:<\/strong>&nbsp;&nbsp;Optional<br><strong>Level:<\/strong>&nbsp;&nbsp;Advanced<\/p>\n\n\n\n<p><strong>Lecture<\/strong><br><strong>Number of hours:<\/strong>&nbsp;&nbsp;2h X 15 weeks = 30 hours (1 semester)<\/p>\n<\/div>\n<\/div>\n\n\n\n<div class=\"wp-block-ugb-container ugb-container bs-news-page-under ugb-f8694ce ugb-container--v2 ugb-container--design-plain ugb-main-block\"><div class=\"ugb-inner-block\"><div class=\"ugb-block-content\"><div class=\"ugb-container__wrapper ugb-f8694ce-wrapper\"><div class=\"ugb-container__side\"><div class=\"ugb-container__content-wrapper ugb-f8694ce-content-wrapper\">\n<p><strong>Objective:&nbsp;<\/strong><br>The course International Marketing introduces students to various issues in contemporary marketing realized in the condition of international competition. Recognize the importance of international marketing and identify the similarities and differences between marketing at home and internationally<\/p>\n\n\n\n<p><strong>Assessment:&nbsp;<\/strong><br>Written\/oral examination: Group Case Reports 30%, final examination ( 50% ), class attendance ( 20% )<\/p>\n\n\n\n<p><strong>Contents:&nbsp;<\/strong><br>The international environment of enterprises. The perspectives of the international markets development. Cultures and new consumer challenges The international market research. The opportunities to use the secondary data \u2013 the sources of international information. The segmentation process and the segmentation of international market. The international product policy. The pricing policy within the international marketing The strategies of distribution in the international marketing. The promotion in the international marketing. The marketing planning,. The methods of strategic analysis for the needs of international marketing. The competition strategies on the international market.<\/p>\n\n\n\n<p><strong>Recommended reading:&nbsp;<\/strong><\/p>\n\n\n\n<ul class=\"wp-block-list\"><li>P. R. Cateora,&nbsp;<em>International Marketing<\/em>, Irwin Chicago.. (latest ed)<\/li><li>S.Hollensen,&nbsp;<em>Global Marketing<\/em>&nbsp;Prentice Hall London<\/li><li>J. C. Usunier,&nbsp;<em>Marketing Across Cultures<\/em>&nbsp;3rd. ed., Prentice Hall, London 2000<\/li><\/ul>\n<\/div><\/div><\/div><\/div><\/div><\/div>\n<\/div><\/div><\/div><\/div><\/div><\/div>\n","protected":false},"excerpt":{"rendered":"<p>Program:&nbsp;&nbsp;Managerial EconomicsECTS:&nbsp;&nbsp;3Lecturer:&nbsp;&nbsp;Justyna Ziobrowska MAEmail:&nbsp;&nbsp;justyna.ziobrowska@uwr.edu.pl Time and place:&nbsp;Personal information:https:\/\/prawo.uni.wroc.pl\/user\/15883Type:&nbsp;&nbsp;OptionalLevel:&nbsp;&nbsp;Advanced LectureNumber of hours:&nbsp;&nbsp;2h X 15 weeks = 30 hours (1 semester) Objective:&nbsp;The course International Marketing introduces students to various issues in contemporary marketing realized in the condition of international competition. Recognize the importance of international marketing and identify the similarities and differences between marketing at home and [&hellip;]<\/p>\n","protected":false},"author":20,"featured_media":38722,"parent":125028,"menu_order":0,"comment_status":"closed","ping_status":"closed","template":"","meta":{"_acf_changed":false,"inline_featured_image":false,"site-sidebar-layout":"default","site-content-layout":"","ast-site-content-layout":"default","site-content-style":"default","site-sidebar-style":"default","ast-global-header-display":"","ast-banner-title-visibility":"","ast-main-header-display":"","ast-hfb-above-header-display":"","ast-hfb-below-header-display":"","ast-hfb-mobile-header-display":"","site-post-title":"","ast-breadcrumbs-content":"","ast-featured-img":"","footer-sml-layout":"","ast-disable-related-posts":"","theme-transparent-header-meta":"","adv-header-id-meta":"","stick-header-meta":"","header-above-stick-meta":"","header-main-stick-meta":"","header-below-stick-meta":"","astra-migrate-meta-layouts":"default","ast-page-background-enabled":"default","ast-page-background-meta":{"desktop":{"background-color":"","background-image":"","background-repeat":"repeat","background-position":"center center","background-size":"auto","background-attachment":"scroll","background-type":"","background-media":"","overlay-type":"","overlay-color":"","overlay-opacity":"","overlay-gradient":""},"tablet":{"background-color":"","background-image":"","background-repeat":"repeat","background-position":"center center","background-size":"auto","background-attachment":"scroll","background-type":"","background-media":"","overlay-type":"","overlay-color":"","overlay-opacity":"","overlay-gradient":""},"mobile":{"background-color":"","background-image":"","background-repeat":"repeat","background-position":"center center","background-size":"auto","background-attachment":"scroll","background-type":"","background-media":"","overlay-type":"","overlay-color":"","overlay-opacity":"","overlay-gradient":""}},"ast-content-background-meta":{"desktop":{"background-color":"var(--ast-global-color-5)","background-image":"","background-repeat":"repeat","background-position":"center center","background-size":"auto","background-attachment":"scroll","background-type":"","background-media":"","overlay-type":"","overlay-color":"","overlay-opacity":"","overlay-gradient":""},"tablet":{"background-color":"var(--ast-global-color-5)","background-image":"","background-repeat":"repeat","background-position":"center center","background-size":"auto","background-attachment":"scroll","background-type":"","background-media":"","overlay-type":"","overlay-color":"","overlay-opacity":"","overlay-gradient":""},"mobile":{"background-color":"var(--ast-global-color-5)","background-image":"","background-repeat":"repeat","background-position":"center center","background-size":"auto","background-attachment":"scroll","background-type":"","background-media":"","overlay-type":"","overlay-color":"","overlay-opacity":"","overlay-gradient":""}},"footnotes":""},"categories":[],"tags":[],"class_list":["post-91273","page","type-page","status-publish","has-post-thumbnail","hentry"],"featured_image_urls_v2":{"full":"","thumbnail":"","medium":"","medium_large":"","large":"","1536x1536":"","2048x2048":"","menu-24x24":"","menu-36x36":"","menu-48x48":""},"post_excerpt_stackable_v2":"<p>International Marketing Program:&nbsp;&nbsp;Managerial EconomicsECTS:&nbsp;&nbsp;3Lecturer:&nbsp;&nbsp;Justyna Ziobrowska MAEmail:&nbsp;&nbsp;justyna.ziobrowska@uwr.edu.pl Time and place:&nbsp;Personal information:https:\/\/prawo.uni.wroc.pl\/user\/15883Type:&nbsp;&nbsp;OptionalLevel:&nbsp;&nbsp;Advanced LectureNumber of hours:&nbsp;&nbsp;2h X 15 weeks = 30 hours (1 semester) Objective:&nbsp;The course International Marketing introduces students to various issues in contemporary marketing realized in the condition of international competition. Recognize the importance of international marketing and identify the similarities and differences between marketing at home and internationally Assessment:&nbsp;Written\/oral examination: Group Case Reports 30%, final examination ( 50% ), class attendance ( 20% ) Contents:&nbsp;The international environment of enterprises. The perspectives of the international markets development. Cultures and new consumer challenges The international market research. The opportunities to use the&hellip;<\/p>\n","category_list_v2":"Uncategorized","author_info_v2":{"name":"mmatlinski","url":"https:\/\/prawo.uwr.edu.pl\/en\/author\/mmatlinski\/"},"comments_num_v2":"0 comments","acf":[],"yoast_head":"<!-- This site is optimized with the Yoast SEO plugin v27.1.1 - https:\/\/yoast.com\/product\/yoast-seo-wordpress\/ -->\n<title>International Marketing - Wydzia\u0142 Prawa, Administracji i Ekonomii<\/title>\n<meta name=\"robots\" content=\"index, follow, max-snippet:-1, max-image-preview:large, max-video-preview:-1\" \/>\n<link rel=\"canonical\" href=\"https:\/\/prawo.uwr.edu.pl\/en\/mme-master-of-managerial-economics\/international-marketing\/\" \/>\n<meta property=\"og:locale\" content=\"en_US\" \/>\n<meta property=\"og:type\" content=\"article\" \/>\n<meta property=\"og:title\" content=\"International Marketing - Wydzia\u0142 Prawa, Administracji i Ekonomii\" \/>\n<meta property=\"og:description\" content=\"Program:&nbsp;&nbsp;Managerial EconomicsECTS:&nbsp;&nbsp;3Lecturer:&nbsp;&nbsp;Justyna Ziobrowska MAEmail:&nbsp;&nbsp;justyna.ziobrowska@uwr.edu.pl Time and place:&nbsp;Personal information:https:\/\/prawo.uni.wroc.pl\/user\/15883Type:&nbsp;&nbsp;OptionalLevel:&nbsp;&nbsp;Advanced LectureNumber of hours:&nbsp;&nbsp;2h X 15 weeks = 30 hours (1 semester) Objective:&nbsp;The course International Marketing introduces students to various issues in contemporary marketing realized in the condition of international competition. Recognize the importance of international marketing and identify the similarities and differences between marketing at home and [&hellip;]\" \/>\n<meta property=\"og:url\" content=\"https:\/\/prawo.uwr.edu.pl\/en\/mme-master-of-managerial-economics\/international-marketing\/\" \/>\n<meta property=\"og:site_name\" content=\"Wydzia\u0142 Prawa, Administracji i Ekonomii\" \/>\n<meta property=\"article:modified_time\" content=\"2022-12-27T08:59:40+00:00\" \/>\n<meta name=\"twitter:card\" content=\"summary_large_image\" \/>\n<meta name=\"twitter:label1\" content=\"Est. reading time\" \/>\n\t<meta name=\"twitter:data1\" content=\"2 minutes\" \/>\n<script type=\"application\/ld+json\" class=\"yoast-schema-graph\">{\"@context\":\"https:\/\/schema.org\",\"@graph\":[{\"@type\":\"WebPage\",\"@id\":\"https:\/\/prawo.uwr.edu.pl\/en\/mme-master-of-managerial-economics\/international-marketing\/\",\"url\":\"https:\/\/prawo.uwr.edu.pl\/en\/mme-master-of-managerial-economics\/international-marketing\/\",\"name\":\"International Marketing - Wydzia\u0142 Prawa, Administracji i Ekonomii\",\"isPartOf\":{\"@id\":\"https:\/\/prawo.uwr.edu.pl\/#website\"},\"primaryImageOfPage\":{\"@id\":\"https:\/\/prawo.uwr.edu.pl\/en\/mme-master-of-managerial-economics\/international-marketing\/#primaryimage\"},\"image\":{\"@id\":\"https:\/\/prawo.uwr.edu.pl\/en\/mme-master-of-managerial-economics\/international-marketing\/#primaryimage\"},\"thumbnailUrl\":\"\",\"datePublished\":\"2022-08-11T12:17:35+00:00\",\"dateModified\":\"2022-12-27T08:59:40+00:00\",\"breadcrumb\":{\"@id\":\"https:\/\/prawo.uwr.edu.pl\/en\/mme-master-of-managerial-economics\/international-marketing\/#breadcrumb\"},\"inLanguage\":\"en-US\",\"potentialAction\":[{\"@type\":\"ReadAction\",\"target\":[\"https:\/\/prawo.uwr.edu.pl\/en\/mme-master-of-managerial-economics\/international-marketing\/\"]}]},{\"@type\":\"ImageObject\",\"inLanguage\":\"en-US\",\"@id\":\"https:\/\/prawo.uwr.edu.pl\/en\/mme-master-of-managerial-economics\/international-marketing\/#primaryimage\",\"url\":\"\",\"contentUrl\":\"\"},{\"@type\":\"BreadcrumbList\",\"@id\":\"https:\/\/prawo.uwr.edu.pl\/en\/mme-master-of-managerial-economics\/international-marketing\/#breadcrumb\",\"itemListElement\":[{\"@type\":\"ListItem\",\"position\":1,\"name\":\"Strona g\u0142\u00f3wna\",\"item\":\"https:\/\/prawo.uwr.edu.pl\/en\/\"},{\"@type\":\"ListItem\",\"position\":2,\"name\":\"MME: Master of Managerial Economics\",\"item\":\"https:\/\/prawo.uwr.edu.pl\/en\/mme-master-of-managerial-economics\/\"},{\"@type\":\"ListItem\",\"position\":3,\"name\":\"International Marketing\"}]},{\"@type\":\"WebSite\",\"@id\":\"https:\/\/prawo.uwr.edu.pl\/#website\",\"url\":\"https:\/\/prawo.uwr.edu.pl\/\",\"name\":\"Wydzia\u0142 Prawa, Administracji i Ekonomii\",\"description\":\"Kolejna witryna sieci \u201eUWR Witryny\u201d\",\"publisher\":{\"@id\":\"https:\/\/prawo.uwr.edu.pl\/#organization\"},\"potentialAction\":[{\"@type\":\"SearchAction\",\"target\":{\"@type\":\"EntryPoint\",\"urlTemplate\":\"https:\/\/prawo.uwr.edu.pl\/?s={search_term_string}\"},\"query-input\":{\"@type\":\"PropertyValueSpecification\",\"valueRequired\":true,\"valueName\":\"search_term_string\"}}],\"inLanguage\":\"en-US\"},{\"@type\":\"Organization\",\"@id\":\"https:\/\/prawo.uwr.edu.pl\/#organization\",\"name\":\"Wydzia\u0142 Prawa, Administracji i Ekonomii\",\"url\":\"https:\/\/prawo.uwr.edu.pl\/\",\"logo\":{\"@type\":\"ImageObject\",\"inLanguage\":\"en-US\",\"@id\":\"https:\/\/prawo.uwr.edu.pl\/#\/schema\/logo\/image\/\",\"url\":\"https:\/\/prawo.uwr.edu.pl\/wp-content\/uploads\/sites\/210\/2025\/10\/UWr-logotyp-2025.png\",\"contentUrl\":\"https:\/\/prawo.uwr.edu.pl\/wp-content\/uploads\/sites\/210\/2025\/10\/UWr-logotyp-2025.png\",\"width\":764,\"height\":269,\"caption\":\"Wydzia\u0142 Prawa, Administracji i Ekonomii\"},\"image\":{\"@id\":\"https:\/\/prawo.uwr.edu.pl\/#\/schema\/logo\/image\/\"}}]}<\/script>\n<!-- \/ Yoast SEO plugin. -->","yoast_head_json":{"title":"International Marketing - Wydzia\u0142 Prawa, Administracji i Ekonomii","robots":{"index":"index","follow":"follow","max-snippet":"max-snippet:-1","max-image-preview":"max-image-preview:large","max-video-preview":"max-video-preview:-1"},"canonical":"https:\/\/prawo.uwr.edu.pl\/en\/mme-master-of-managerial-economics\/international-marketing\/","og_locale":"en_US","og_type":"article","og_title":"International Marketing - Wydzia\u0142 Prawa, Administracji i Ekonomii","og_description":"Program:&nbsp;&nbsp;Managerial EconomicsECTS:&nbsp;&nbsp;3Lecturer:&nbsp;&nbsp;Justyna Ziobrowska MAEmail:&nbsp;&nbsp;justyna.ziobrowska@uwr.edu.pl Time and place:&nbsp;Personal information:https:\/\/prawo.uni.wroc.pl\/user\/15883Type:&nbsp;&nbsp;OptionalLevel:&nbsp;&nbsp;Advanced LectureNumber of hours:&nbsp;&nbsp;2h X 15 weeks = 30 hours (1 semester) Objective:&nbsp;The course International Marketing introduces students to various issues in contemporary marketing realized in the condition of international competition. Recognize the importance of international marketing and identify the similarities and differences between marketing at home and [&hellip;]","og_url":"https:\/\/prawo.uwr.edu.pl\/en\/mme-master-of-managerial-economics\/international-marketing\/","og_site_name":"Wydzia\u0142 Prawa, Administracji i Ekonomii","article_modified_time":"2022-12-27T08:59:40+00:00","twitter_card":"summary_large_image","twitter_misc":{"Est. reading time":"2 minutes"},"schema":{"@context":"https:\/\/schema.org","@graph":[{"@type":"WebPage","@id":"https:\/\/prawo.uwr.edu.pl\/en\/mme-master-of-managerial-economics\/international-marketing\/","url":"https:\/\/prawo.uwr.edu.pl\/en\/mme-master-of-managerial-economics\/international-marketing\/","name":"International Marketing - Wydzia\u0142 Prawa, Administracji i Ekonomii","isPartOf":{"@id":"https:\/\/prawo.uwr.edu.pl\/#website"},"primaryImageOfPage":{"@id":"https:\/\/prawo.uwr.edu.pl\/en\/mme-master-of-managerial-economics\/international-marketing\/#primaryimage"},"image":{"@id":"https:\/\/prawo.uwr.edu.pl\/en\/mme-master-of-managerial-economics\/international-marketing\/#primaryimage"},"thumbnailUrl":"","datePublished":"2022-08-11T12:17:35+00:00","dateModified":"2022-12-27T08:59:40+00:00","breadcrumb":{"@id":"https:\/\/prawo.uwr.edu.pl\/en\/mme-master-of-managerial-economics\/international-marketing\/#breadcrumb"},"inLanguage":"en-US","potentialAction":[{"@type":"ReadAction","target":["https:\/\/prawo.uwr.edu.pl\/en\/mme-master-of-managerial-economics\/international-marketing\/"]}]},{"@type":"ImageObject","inLanguage":"en-US","@id":"https:\/\/prawo.uwr.edu.pl\/en\/mme-master-of-managerial-economics\/international-marketing\/#primaryimage","url":"","contentUrl":""},{"@type":"BreadcrumbList","@id":"https:\/\/prawo.uwr.edu.pl\/en\/mme-master-of-managerial-economics\/international-marketing\/#breadcrumb","itemListElement":[{"@type":"ListItem","position":1,"name":"Strona g\u0142\u00f3wna","item":"https:\/\/prawo.uwr.edu.pl\/en\/"},{"@type":"ListItem","position":2,"name":"MME: Master of Managerial Economics","item":"https:\/\/prawo.uwr.edu.pl\/en\/mme-master-of-managerial-economics\/"},{"@type":"ListItem","position":3,"name":"International Marketing"}]},{"@type":"WebSite","@id":"https:\/\/prawo.uwr.edu.pl\/#website","url":"https:\/\/prawo.uwr.edu.pl\/","name":"Wydzia\u0142 Prawa, Administracji i Ekonomii","description":"Kolejna witryna sieci \u201eUWR Witryny\u201d","publisher":{"@id":"https:\/\/prawo.uwr.edu.pl\/#organization"},"potentialAction":[{"@type":"SearchAction","target":{"@type":"EntryPoint","urlTemplate":"https:\/\/prawo.uwr.edu.pl\/?s={search_term_string}"},"query-input":{"@type":"PropertyValueSpecification","valueRequired":true,"valueName":"search_term_string"}}],"inLanguage":"en-US"},{"@type":"Organization","@id":"https:\/\/prawo.uwr.edu.pl\/#organization","name":"Wydzia\u0142 Prawa, Administracji i Ekonomii","url":"https:\/\/prawo.uwr.edu.pl\/","logo":{"@type":"ImageObject","inLanguage":"en-US","@id":"https:\/\/prawo.uwr.edu.pl\/#\/schema\/logo\/image\/","url":"https:\/\/prawo.uwr.edu.pl\/wp-content\/uploads\/sites\/210\/2025\/10\/UWr-logotyp-2025.png","contentUrl":"https:\/\/prawo.uwr.edu.pl\/wp-content\/uploads\/sites\/210\/2025\/10\/UWr-logotyp-2025.png","width":764,"height":269,"caption":"Wydzia\u0142 Prawa, Administracji i Ekonomii"},"image":{"@id":"https:\/\/prawo.uwr.edu.pl\/#\/schema\/logo\/image\/"}}]}},"publishpress_future_action":{"enabled":false,"date":"2026-04-26 13:28:03","action":"change-status","newStatus":"draft","terms":[],"taxonomy":"category","extraData":[]},"publishpress_future_workflow_manual_trigger":{"enabledWorkflows":[]},"_links":{"self":[{"href":"https:\/\/prawo.uwr.edu.pl\/en\/wp-json\/wp\/v2\/pages\/91273\/"}],"collection":[{"href":"https:\/\/prawo.uwr.edu.pl\/en\/wp-json\/wp\/v2\/pages\/"}],"about":[{"href":"https:\/\/prawo.uwr.edu.pl\/en\/wp-json\/wp\/v2\/types\/page\/"}],"author":[{"embeddable":true,"href":"https:\/\/prawo.uwr.edu.pl\/en\/wp-json\/wp\/v2\/users\/20\/"}],"replies":[{"embeddable":true,"href":"https:\/\/prawo.uwr.edu.pl\/en\/wp-json\/wp\/v2\/comments\/?post=91273"}],"version-history":[{"count":1,"href":"https:\/\/prawo.uwr.edu.pl\/en\/wp-json\/wp\/v2\/pages\/91273\/revisions\/"}],"predecessor-version":[{"id":126291,"href":"https:\/\/prawo.uwr.edu.pl\/en\/wp-json\/wp\/v2\/pages\/91273\/revisions\/126291\/"}],"up":[{"embeddable":true,"href":"https:\/\/prawo.uwr.edu.pl\/en\/wp-json\/wp\/v2\/pages\/125028\/"}],"wp:featuredmedia":[{"embeddable":true,"href":"https:\/\/prawo.uwr.edu.pl\/en\/wp-json\/"}],"wp:attachment":[{"href":"https:\/\/prawo.uwr.edu.pl\/en\/wp-json\/wp\/v2\/media\/?parent=91273"}],"wp:term":[{"taxonomy":"category","embeddable":true,"href":"https:\/\/prawo.uwr.edu.pl\/en\/wp-json\/wp\/v2\/categories\/?post=91273"},{"taxonomy":"post_tag","embeddable":true,"href":"https:\/\/prawo.uwr.edu.pl\/en\/wp-json\/wp\/v2\/tags\/?post=91273"}],"curies":[{"name":"wp","href":"https:\/\/api.w.org\/{rel}","templated":true}]}}